{"id":610,"date":"2014-09-10T16:34:18","date_gmt":"2014-09-10T14:34:18","guid":{"rendered":"http:\/\/www.chromatrix.com\/wordpress\/?page_id=610"},"modified":"2019-01-20T16:47:46","modified_gmt":"2019-01-20T14:47:46","slug":"deponia-puzzle-de","status":"publish","type":"page","link":"https:\/\/www.chromatrix.com\/wordpress\/deponia-puzzle-de\/","title":{"rendered":"Deponia &#8211; The Puzzle"},"content":{"rendered":"<div id=\"pl-610\"  class=\"panel-layout\" ><div id=\"pg-610-0\"  class=\"panel-grid panel-no-style\" ><div id=\"pgc-610-0-0\"  class=\"panel-grid-cell\" ><div id=\"panel-610-0-0-0\" class=\"so-panel widget widget_black-studio-tinymce widget_black_studio_tinymce panel-first-child panel-last-child\" data-index=\"0\" ><div class=\"textwidget\"><h1 style=\"text-align: center;\">Deponia - The Puzzle<\/h1>\n<\/div><\/div><\/div><\/div><div id=\"pg-610-1\"  class=\"panel-grid panel-no-style\" ><div id=\"pgc-610-1-0\"  class=\"panel-grid-cell\" ><div id=\"panel-610-1-0-0\" class=\"so-panel widget widget_black-studio-tinymce widget_black_studio_tinymce panel-first-child panel-last-child\" data-index=\"1\" ><div class=\"textwidget\"><p><strong>Plattform<\/strong><br \/>\nPC, Android, iOS<\/p>\n<p><strong>Genre<\/strong><br \/>\nPuzzle-Game<\/p>\n<p><strong>Developer<\/strong><br \/>\nChromatrix GmbH<br \/>\nDaedalic Entertainment GmbH<\/p>\n<p><strong>Publisher<\/strong><br \/>\nDaedalic Entertainment GmbH<\/p>\n<p><strong>Release<\/strong><br \/>\nMai 2014<\/p>\n<hr \/>\n<\/div><\/div><\/div><div id=\"pgc-610-1-1\"  class=\"panel-grid-cell\" ><div id=\"panel-610-1-1-0\" class=\"so-panel widget widget_text panel-first-child panel-last-child\" data-index=\"2\" >\t\t\t<div class=\"textwidget\"><div id=\"metaslider-id-2699\" style=\"max-width: 1080px; margin: 0 auto;\" class=\"ml-slider-3-107-0 metaslider metaslider-flex metaslider-2699 ml-slider ms-theme-default nav-hidden\" role=\"region\" aria-label=\"Deponia\" data-height=\"405\" data-width=\"1080\">\n    <div id=\"metaslider_container_2699\">\n        <div id=\"metaslider_2699\">\n            <ul class='slides'>\n                <li style=\"display: block; width: 100%;\" class=\"slide-2682 ms-image \" aria-roledescription=\"slide\" data-date=\"2015-03-11 16:33:36\" data-filename=\"Deponia_Android_01.png\" data-slide-type=\"image\"><img loading=\"lazy\" decoding=\"async\" width=\"1280\" height=\"720\" src=\"https:\/\/www.chromatrix.com\/wordpress\/wp-content\/uploads\/2015\/03\/Deponia_Android_01.png\" class=\"slider-2699 slide-2682 msDefaultImage\" alt=\"\" rel=\"\" title=\"Deponia Puzzlegame\" srcset=\"https:\/\/www.chromatrix.com\/wordpress\/wp-content\/uploads\/2015\/03\/Deponia_Android_01.png 1280w, https:\/\/www.chromatrix.com\/wordpress\/wp-content\/uploads\/2015\/03\/Deponia_Android_01-150x84.png 150w, https:\/\/www.chromatrix.com\/wordpress\/wp-content\/uploads\/2015\/03\/Deponia_Android_01-300x169.png 300w, https:\/\/www.chromatrix.com\/wordpress\/wp-content\/uploads\/2015\/03\/Deponia_Android_01-768x432.png 768w, https:\/\/www.chromatrix.com\/wordpress\/wp-content\/uploads\/2015\/03\/Deponia_Android_01-1024x576.png 1024w, https:\/\/www.chromatrix.com\/wordpress\/wp-content\/uploads\/2015\/03\/Deponia_Android_01-480x270.png 480w\" sizes=\"auto, (max-width: 1280px) 100vw, 1280px\" \/><\/li>\n                <li style=\"display: none; width: 100%;\" class=\"slide-2683 ms-image \" aria-roledescription=\"slide\" data-date=\"2015-03-11 16:33:57\" data-filename=\"Deponia_Android_03.png\" data-slide-type=\"image\"><img loading=\"lazy\" decoding=\"async\" width=\"1280\" height=\"720\" src=\"https:\/\/www.chromatrix.com\/wordpress\/wp-content\/uploads\/2015\/03\/Deponia_Android_03.png\" class=\"slider-2699 slide-2683 msDefaultImage\" alt=\"\" rel=\"\" title=\"Deponia Puzzlegame\" srcset=\"https:\/\/www.chromatrix.com\/wordpress\/wp-content\/uploads\/2015\/03\/Deponia_Android_03.png 1280w, https:\/\/www.chromatrix.com\/wordpress\/wp-content\/uploads\/2015\/03\/Deponia_Android_03-150x84.png 150w, https:\/\/www.chromatrix.com\/wordpress\/wp-content\/uploads\/2015\/03\/Deponia_Android_03-300x169.png 300w, https:\/\/www.chromatrix.com\/wordpress\/wp-content\/uploads\/2015\/03\/Deponia_Android_03-768x432.png 768w, https:\/\/www.chromatrix.com\/wordpress\/wp-content\/uploads\/2015\/03\/Deponia_Android_03-1024x576.png 1024w, https:\/\/www.chromatrix.com\/wordpress\/wp-content\/uploads\/2015\/03\/Deponia_Android_03-480x270.png 480w\" sizes=\"auto, (max-width: 1280px) 100vw, 1280px\" \/><\/li>\n                <li style=\"display: none; width: 100%;\" class=\"slide-2685 ms-image \" aria-roledescription=\"slide\" data-date=\"2015-03-11 16:34:38\" data-filename=\"Deponia_Android_05.png\" data-slide-type=\"image\"><img loading=\"lazy\" decoding=\"async\" width=\"1280\" height=\"720\" src=\"https:\/\/www.chromatrix.com\/wordpress\/wp-content\/uploads\/2015\/03\/Deponia_Android_05.png\" class=\"slider-2699 slide-2685 msDefaultImage\" alt=\"\" rel=\"\" title=\"Deponia Puzzlegame\" srcset=\"https:\/\/www.chromatrix.com\/wordpress\/wp-content\/uploads\/2015\/03\/Deponia_Android_05.png 1280w, https:\/\/www.chromatrix.com\/wordpress\/wp-content\/uploads\/2015\/03\/Deponia_Android_05-150x84.png 150w, https:\/\/www.chromatrix.com\/wordpress\/wp-content\/uploads\/2015\/03\/Deponia_Android_05-300x169.png 300w, https:\/\/www.chromatrix.com\/wordpress\/wp-content\/uploads\/2015\/03\/Deponia_Android_05-768x432.png 768w, https:\/\/www.chromatrix.com\/wordpress\/wp-content\/uploads\/2015\/03\/Deponia_Android_05-1024x576.png 1024w, https:\/\/www.chromatrix.com\/wordpress\/wp-content\/uploads\/2015\/03\/Deponia_Android_05-480x270.png 480w\" sizes=\"auto, (max-width: 1280px) 100vw, 1280px\" \/><\/li>\n                <li style=\"display: none; width: 100%;\" class=\"slide-2684 ms-image \" aria-roledescription=\"slide\" data-date=\"2015-03-11 16:34:21\" data-filename=\"Deponia_Android_04.png\" data-slide-type=\"image\"><img loading=\"lazy\" decoding=\"async\" width=\"1280\" height=\"720\" src=\"https:\/\/www.chromatrix.com\/wordpress\/wp-content\/uploads\/2015\/03\/Deponia_Android_04.png\" class=\"slider-2699 slide-2684 msDefaultImage\" alt=\"\" rel=\"\" title=\"Deponia Puzzlegame\" srcset=\"https:\/\/www.chromatrix.com\/wordpress\/wp-content\/uploads\/2015\/03\/Deponia_Android_04.png 1280w, https:\/\/www.chromatrix.com\/wordpress\/wp-content\/uploads\/2015\/03\/Deponia_Android_04-150x84.png 150w, https:\/\/www.chromatrix.com\/wordpress\/wp-content\/uploads\/2015\/03\/Deponia_Android_04-300x169.png 300w, https:\/\/www.chromatrix.com\/wordpress\/wp-content\/uploads\/2015\/03\/Deponia_Android_04-768x432.png 768w, https:\/\/www.chromatrix.com\/wordpress\/wp-content\/uploads\/2015\/03\/Deponia_Android_04-1024x576.png 1024w, https:\/\/www.chromatrix.com\/wordpress\/wp-content\/uploads\/2015\/03\/Deponia_Android_04-480x270.png 480w\" sizes=\"auto, (max-width: 1280px) 100vw, 1280px\" \/><\/li>\n            <\/ul>\n        <\/div>\n        \n    <\/div>\n<\/div>\n<\/div>\n\t\t<\/div><\/div><div id=\"pgc-610-1-2\"  class=\"panel-grid-cell\" ><div id=\"panel-610-1-2-0\" class=\"so-panel widget widget_black-studio-tinymce widget_black_studio_tinymce panel-first-child panel-last-child\" data-index=\"3\" ><div class=\"textwidget\"><div class=\"id-app-orig-desc\">\n<p><strong>Features<br \/><\/strong>- 96 spannende Puzzle des preisgekr\u00f6nten Point &amp; Click-Adventures<\/p>\n<p>- Drei Modi \u2013 Search &amp; Find, Single Stack und Multi Stack<\/p>\n<p>- Rasanter Multiplayer-Modus \u2013 Puzzeln Sie mit Freunden<\/p>\n<p>- Mehrerer Schwierigkeitsgrade: Herausfordernd f\u00fcr Anf\u00e4nger und Profis!<\/p>\n<p>\u00a0<\/p>\n<hr \/>\n<p>\u00a0<\/p>\n<\/div>\n<\/div><\/div><\/div><\/div><div id=\"pg-610-2\"  class=\"panel-grid panel-no-style\" ><div id=\"pgc-610-2-0\"  class=\"panel-grid-cell\" ><div id=\"panel-610-2-0-0\" class=\"so-panel widget widget_black-studio-tinymce widget_black_studio_tinymce panel-first-child panel-last-child\" data-index=\"4\" ><div class=\"textwidget\"><p><strong>Beschreibung<\/strong><br \/>\nPuzzle-Spielen als Challenge, allein oder zu zweit: 96 Puzzles mit Motiven aus den preisgekr\u00f6nten Deponia-Adventures (\u201eDeponia\u201c, \u201eChaos auf Deponia\u201c, \u201eGoodbye Deponia\u201c) aus der Erfolgsspieleschmiede Daedalic Entertainment warten darauf, wieder zusammengesetzt zu werden. Schnelligkeit und richtiges Zusammensetzen der Teile werden mit Bonuspunkten belohnt \u2013 spiele um den Highscore, gegen Freunde oder den Computer. Abwechslungsreicher Puzzlespa\u00df f\u00fcr Gro\u00df und Klein.<\/p>\n<hr \/>\n<p><a href=\"https:\/\/itunes.apple.com\/app\/id824243675\" target=\"_blank\" rel=\"noopener\"><img loading=\"lazy\" decoding=\"async\" class=\"alignnone wp-image-2765 size-full\" src=\"https:\/\/www.chromatrix.com\/wordpress\/wp-content\/uploads\/2015\/03\/Appstore.png\" alt=\"Appstore\" width=\"216\" height=\"70\" srcset=\"https:\/\/www.chromatrix.com\/wordpress\/wp-content\/uploads\/2015\/03\/Appstore.png 216w, https:\/\/www.chromatrix.com\/wordpress\/wp-content\/uploads\/2015\/03\/Appstore-150x49.png 150w\" sizes=\"auto, (max-width: 216px) 100vw, 216px\" \/><\/a>\u00a0 \u00a0 \u00a0 \u00a0 \u00a0 \u00a0 \u00a0\u00a0 \u00a0 <a href=\"https:\/\/play.google.com\/store\/apps\/details?id=air.de.daedalic.puzzledeponia1&amp;hl=de\" target=\"_blank\" rel=\"noopener\"><img loading=\"lazy\" decoding=\"async\" class=\"alignnone wp-image-2767 size-full\" src=\"https:\/\/www.chromatrix.com\/wordpress\/wp-content\/uploads\/2015\/03\/Google-Play.png\" alt=\"Google Play\" width=\"216\" height=\"70\" srcset=\"https:\/\/www.chromatrix.com\/wordpress\/wp-content\/uploads\/2015\/03\/Google-Play.png 216w, https:\/\/www.chromatrix.com\/wordpress\/wp-content\/uploads\/2015\/03\/Google-Play-150x49.png 150w\" sizes=\"auto, (max-width: 216px) 100vw, 216px\" \/><\/a>\u00a0 \u00a0 \u00a0\u00a0 \u00a0 \u00a0 \u00a0 \u00a0 \u00a0 <a href=\"https:\/\/www.amazon.de\/Daedalic-Entertainment-GmbH-Deponia-Puzzle\/dp\/B00KKILH90\" target=\"_blank\" rel=\"noopener\"><img loading=\"lazy\" decoding=\"async\" class=\"alignnone wp-image-2764 size-full\" src=\"https:\/\/www.chromatrix.com\/wordpress\/wp-content\/uploads\/2015\/03\/Amazon-App-Store.png\" alt=\"Amazon-App-Store\" width=\"204\" height=\"70\" srcset=\"https:\/\/www.chromatrix.com\/wordpress\/wp-content\/uploads\/2015\/03\/Amazon-App-Store.png 204w, https:\/\/www.chromatrix.com\/wordpress\/wp-content\/uploads\/2015\/03\/Amazon-App-Store-150x51.png 150w\" sizes=\"auto, (max-width: 204px) 100vw, 204px\" \/><\/a><\/p>\n<p><a href=\"https:\/\/www.bigfishgames.com\/download-games\/26737\/deponia-the-puzzle\/index.html\" target=\"_blank\" rel=\"noopener\"><img loading=\"lazy\" decoding=\"async\" class=\"alignnone wp-image-2790 size-full\" src=\"https:\/\/www.chromatrix.com\/wordpress\/wp-content\/uploads\/2015\/03\/big_fish_games_detail.png\" alt=\"big_fish_games_detail\" width=\"106\" height=\"100\" \/><\/a>\u00a0\u00a0\u00a0\u00a0\u00a0 \u00a0 \u00a0 \u00a0 \u00a0\u00a0 \u00a0\u00a0 \u00a0 \u00a0 \u00a0 \u00a0 \u00a0 \u00a0 \u00a0 \u00a0 \u00a0\u00a0 \u00a0 \u00a0\u00a0 \u00a0\u00a0\u00a0\u00a0\u00a0 <a href=\"https:\/\/www.gamersgate.com\/DD-DEPP\/deponia-the-puzzle\" target=\"_blank\" rel=\"noopener\"><img loading=\"lazy\" decoding=\"async\" class=\"alignnone wp-image-2782 size-full\" src=\"https:\/\/www.chromatrix.com\/wordpress\/wp-content\/uploads\/2015\/03\/GG.png\" alt=\"GG\" width=\"100\" height=\"100\" \/><\/a>\u00a0\u00a0\u00a0\u00a0\u00a0\u00a0\u00a0\u00a0\u00a0 \u00a0 \u00a0 \u00a0 \u00a0 \u00a0 \u00a0 \u00a0 \u00a0 \u00a0 \u00a0 \u00a0\u00a0 \u00a0 \u00a0 \u00a0\u00a0 \u00a0\u00a0\u00a0\u00a0\u00a0 <a href=\"https:\/\/www.amazon.de\/EuroVideo-Deponia-Puzzle-PC-Mac\/dp\/B00J0T7Q9A\/ref=pd_sxp_f_i\" target=\"_blank\" rel=\"noopener\"><img loading=\"lazy\" decoding=\"async\" class=\"alignnone wp-image-2781 size-full\" src=\"https:\/\/www.chromatrix.com\/wordpress\/wp-content\/uploads\/2015\/03\/Amazon-icon.png\" alt=\"Amazon-icon\" width=\"100\" height=\"100\" \/><\/a><\/p>\n<hr \/>\n<p style=\"text-align: center;\"><span style=\"color: #333333;\">\"Deponia \u2013 The Puzzle\u201d bietet ein v\u00f6llig neuartiges Puzzle-Erlebnis und erfordert das ganze Geschick der Spieler um die handgezeichneten Hintergr\u00fcnde aus der erfolgreichen Adventure-Serie aus einer unterschiedlichen Zahl von Teilen zu kombinieren.<\/span><\/p>\n<p style=\"text-align: center;\"><span style=\"color: #333333;\">In einem Versus-Modus k\u00f6nnen die Spieler gegeneinander antreten und ihre Geschicklichkeit miteinander messen. Weiterhin bieten die Spiele drei Einzelspielermodi. Mehrere Schwierigkeitsgrade und \u00dcberraschungen wie drehende Puzzles garantieren sowohl Anf\u00e4ngern als auch Profis maximalen Puzzlespa\u00df f\u00fcr unterwegs oder um einfach zwischendurch wieder einmal in die Welt von Deponia einzutauchen.<\/span><\/p>\n<p style=\"text-align: center;\"><span style=\"color: #333333;\">\u201cMit den neuen Daedalic Puzzles\u00a0 machen wir zusammen mit unserem Partner Chromatrix einen weiteren wichtigen Schritt auf dem Tablet-Markt. Dieser stellt auch f\u00fcr unsere Produkte einen Wachstumsmarkt dar, dem wir uns nicht verschlie\u00dfen wollen\u201d, erkl\u00e4rt <em>Daedalic CEO Carsten Fichtelmann.<\/em><\/span><\/p>\n<p style=\"text-align: center;\"><span style=\"color: #333333;\">\u201cEs bereitet riesigen Spa\u00df, Daedalics ausgezeichnete Adventure-Serien aus einer ganz anderen Perspektive zu erleben, indem wir die eindrucksvollen Motive in origineller Weise mit unseren brandneuen Puzzle-Designs verkn\u00fcpfen konnten\u201d, so <em>Dr. Stefan Blanck, Managing Director Chromatrix.<\/em><\/span><\/p>\n<hr \/>\n<h4 style=\"text-align: center;\"><\/h4>\n<\/div><\/div><\/div><\/div><div id=\"pg-610-3\"  class=\"panel-grid panel-no-style\" ><div id=\"pgc-610-3-0\"  class=\"panel-grid-cell\" ><div id=\"panel-610-3-0-0\" class=\"so-panel widget widget_text panel-first-child panel-last-child\" data-index=\"5\" >\t\t\t<div class=\"textwidget\"><style type='text\/css' media='screen'>\r\n\t\t\t\t\t#tchsp { height: 1%; margin: 30px 0 0; overflow:hidden; position: relative; padding: 0 50px 10px;   }\r\n\t\t\t\t\t#tchsp .viewport { height: 179px; overflow: hidden; position: relative; }\r\n\t\t\t\t\t#tchsp .buttons { background: #C01313; border-radius: 35px; display: block; position: absolute;\r\n\t\t\t\t\ttop: 40%; left: 0; width: 35px; height: 35px; color: #fff; font-weight: bold; text-align: center; line-height: 35px; text-decoration: none;\r\n\t\t\t\t\tfont-size: 22px; }\r\n\t\t\t\t\t#tchsp .next { right: 0; left: auto;top: 40%; }\r\n\t\t\t\t\t#tchsp .buttons:hover{ color: #C01313;background: #fff; }\r\n\t\t\t\t\t#tchsp .disable { visibility: hidden; }\r\n\t\t\t\t\t#tchsp .overview { list-style: none; position: absolute; padding: 0; margin: 0; width: 180px; left: 0 top: 0; }\r\n\t\t\t\t\t#tchsp .overview li{ float: left; margin: 0 20px 0 0; padding: 1px; height: 175px; border: 1px solid #dcdcdc; width: 176px;}\r\n\t\t\t\t\t<\/style><div id=\"tchsp\"><a class=\"buttons prev\" href=\"#\">&#60;<\/a><div class=\"viewport\"><ul class=\"overview\"><li><a href=\"\/wordpress\/thiemeyer-puzzle-de\/\" target=\"_target\"><img decoding=\"async\" alt=\"Thiemeyer-Icon Puzzle\" src=\"\/wordpress\/wp-content\/uploads\/2015\/03\/Thiemeyer-Icon.png\" \/><\/a><\/li><li><a href=\"\/wordpress\/bibis-puzzle-de\/\" target=\"_target\"><img decoding=\"async\" alt=\"Bibi-Icon Puzzle\" src=\"\/wordpress\/wp-content\/uploads\/2014\/11\/Bibi-Icon.png\" \/><\/a><\/li><li><a href=\"\/wordpress\/the-inner-world-the-puzzle-de\/\" target=\"_target\"><img decoding=\"async\" alt=\"InnerWorld-Icon Puzzle\" src=\"\/wordpress\/wp-content\/uploads\/2014\/11\/InnerWorld-Icon.png\" \/><\/a><\/li><li><a href=\"\/wordpress\/giana-sisters-de\/\" target=\"_target\"><img decoding=\"async\" alt=\"Giana-Sisters Icon Puzzle\" src=\"\/wordpress\/wp-content\/uploads\/2015\/04\/GS-Icon.png\" \/><\/a><\/li><li><a href=\"\/wordpress\/trump-3d-puzzle-de\/\" target=\"_target\"><img decoding=\"async\" alt=\"Trump Icon Puzzle\" src=\"\/wordpress\/wp-content\/uploads\/2017\/05\/Trump-Icon.png\" \/><\/a><\/li><li><a href=\"\/wordpress\/deponia-puzzle-de\/\" target=\"_target\"><img decoding=\"async\" alt=\"Deponia-Icon Puzzle\" src=\"\/wordpress\/wp-content\/uploads\/2014\/11\/Deponia-Icon.png\" \/><\/a><\/li><li><a href=\"\/wordpress\/ednaharvey-puzzle-de\/\" target=\"_target\"><img decoding=\"async\" alt=\"Harvey-Icon Puzzle\" src=\"\/wordpress\/wp-content\/uploads\/2014\/11\/Harvey-Icon.png\" \/><\/a><\/li><li><a href=\"\/wordpress\/mordillo-puzzle-de\/\" target=\"_target\"><img decoding=\"async\" alt=\"Mordillo Icon Puzzle\" src=\"\/wordpress\/wp-content\/uploads\/2015\/11\/Mordillo-Icon.png\" \/><\/a><\/li><\/ul><\/div><a class=\"buttons next\" href=\"#\">&#62;<\/a><\/div><script type=\"text\/javascript\">jQuery(document).ready(function(){jQuery('#tchsp').tinycarousel({ buttons: true, interval: true, intervalTime: 6000, animationTime: 2000 });});<\/script><\/div>\n\t\t<\/div><\/div><\/div><div id=\"pg-610-4\"  class=\"panel-grid panel-no-style\" ><div id=\"pgc-610-4-0\"  class=\"panel-grid-cell\" ><div id=\"panel-610-4-0-0\" class=\"so-panel widget widget_black-studio-tinymce widget_black_studio_tinymce panel-first-child panel-last-child\" data-index=\"6\" ><div class=\"textwidget\"><p style=\"text-align: center;\">\u00a0<\/p>\n<p style=\"text-align: center;\"><span style=\"color: #333333;\"><strong><br \/> <span style=\"color: #000000;\"><a title=\"Puzzle-Games\" href=\"http:\/\/www.chromatrix.com\/wordpress\/puzzle-games-de\/\"><span style=\"color: #000000;\">Puzzle-Games <span style=\"color: #333333;\"><span style=\"color: #000000;\"><span style=\"color: #000000;\">\u00bb<\/span><\/span><\/span><\/span><\/a><\/span><\/strong><\/span><\/p>\n<p style=\"text-align: center;\">\u00a0<\/p>\n<p style=\"text-align: center;\">\u00a0<\/p>\n<\/div><\/div><\/div><\/div><\/div>","protected":false},"excerpt":{"rendered":"<p>Deponia &#8211; The Puzzle Plattform PC, Android, iOS Genre Puzzle-Game Developer Chromatrix GmbH Daedalic Entertainment GmbH Publisher Daedalic Entertainment GmbH Release Mai 2014 Features- 96 spannende Puzzle des preisgekr\u00f6nten Point &amp; Click-Adventures- Drei Modi \u2013 Search &amp; Find, Single Stack und Multi Stack- Rasanter Multiplayer-Modus \u2013 Puzzeln Sie mit Freunden- Mehrerer Schwierigkeitsgrade: Herausfordernd f\u00fcr Anf\u00e4nger [&hellip;]<\/p>\n","protected":false},"author":1,"featured_media":0,"parent":0,"menu_order":0,"comment_status":"closed","ping_status":"closed","template":"templates\/template-full-notitle.php","meta":{"footnotes":"","_links_to":"","_links_to_target":""},"class_list":["post-610","page","type-page","status-publish","hentry","post"],"_links":{"self":[{"href":"https:\/\/www.chromatrix.com\/wordpress\/wp-json\/wp\/v2\/pages\/610","targetHints":{"allow":["GET"]}}],"collection":[{"href":"https:\/\/www.chromatrix.com\/wordpress\/wp-json\/wp\/v2\/pages"}],"about":[{"href":"https:\/\/www.chromatrix.com\/wordpress\/wp-json\/wp\/v2\/types\/page"}],"author":[{"embeddable":true,"href":"https:\/\/www.chromatrix.com\/wordpress\/wp-json\/wp\/v2\/users\/1"}],"replies":[{"embeddable":true,"href":"https:\/\/www.chromatrix.com\/wordpress\/wp-json\/wp\/v2\/comments?post=610"}],"version-history":[{"count":8,"href":"https:\/\/www.chromatrix.com\/wordpress\/wp-json\/wp\/v2\/pages\/610\/revisions"}],"predecessor-version":[{"id":4270,"href":"https:\/\/www.chromatrix.com\/wordpress\/wp-json\/wp\/v2\/pages\/610\/revisions\/4270"}],"wp:attachment":[{"href":"https:\/\/www.chromatrix.com\/wordpress\/wp-json\/wp\/v2\/media?parent=610"}],"curies":[{"name":"wp","href":"https:\/\/api.w.org\/{rel}","templated":true}]}}