{"id":393,"date":"2014-09-06T19:13:43","date_gmt":"2014-09-06T17:13:43","guid":{"rendered":"http:\/\/www.chromatrix.com\/wordpress\/?page_id=393"},"modified":"2015-03-15T22:46:55","modified_gmt":"2015-03-15T21:46:55","slug":"ednaharvey-puzzle-de","status":"publish","type":"page","link":"https:\/\/www.chromatrix.com\/wordpress\/ednaharvey-puzzle-de\/","title":{"rendered":"Edna &#038; Harvey &#8211; The Puzzle"},"content":{"rendered":"<div id=\"pl-393\"  class=\"panel-layout\" ><div id=\"pg-393-0\"  class=\"panel-grid panel-no-style\" ><div id=\"pgc-393-0-0\"  class=\"panel-grid-cell\" ><div id=\"panel-393-0-0-0\" class=\"so-panel widget widget_black-studio-tinymce widget_black_studio_tinymce panel-first-child panel-last-child\" data-index=\"0\" ><div class=\"textwidget\"><h1 style=\"text-align: center;\">Edna &amp; Harvey - The Puzzle<\/h1>\n<\/div><\/div><\/div><\/div><div id=\"pg-393-1\"  class=\"panel-grid panel-no-style\" ><div id=\"pgc-393-1-0\"  class=\"panel-grid-cell\" ><div id=\"panel-393-1-0-0\" class=\"so-panel widget widget_black-studio-tinymce widget_black_studio_tinymce panel-first-child panel-last-child\" data-index=\"1\" ><div class=\"textwidget\"><p><strong>Plattform<\/strong><br \/> PC, Android, iOS<\/p>\n<p><strong>Genre<\/strong><br \/> Puzzle-Game<\/p>\n<p><strong>Developer<\/strong><br \/> Chromatrix GmbH<br \/> Daedalic Entertainment GmbH<\/p>\n<p><strong>Publisher<\/strong><br \/> Daedalic Entertainment GmbH<\/p>\n<p><strong>Release<\/strong><br \/> Mai 2014<\/p>\n<p>\u00a0<\/p>\n<hr \/>\n<p>\u00a0<\/p>\n<\/div><\/div><\/div><div id=\"pgc-393-1-1\"  class=\"panel-grid-cell\" ><div id=\"panel-393-1-1-0\" class=\"so-panel widget widget_text panel-first-child panel-last-child\" data-index=\"2\" >\t\t\t<div class=\"textwidget\"><div id=\"metaslider-id-2700\" style=\"max-width: 1080px; margin: 0 auto;\" class=\"ml-slider-3-107-0 metaslider metaslider-flex metaslider-2700 ml-slider ms-theme-default nav-hidden\" role=\"region\" aria-label=\"Edna u. Harvey\" data-height=\"405\" data-width=\"1080\">\n    <div id=\"metaslider_container_2700\">\n        <div id=\"metaslider_2700\">\n            <ul class='slides'>\n                <li style=\"display: block; width: 100%;\" class=\"slide-2686 ms-image \" aria-roledescription=\"slide\" data-date=\"2015-03-11 16:35:42\" data-filename=\"Edna_Android_01.png\" data-slide-type=\"image\"><img loading=\"lazy\" decoding=\"async\" width=\"1280\" height=\"720\" src=\"https:\/\/www.chromatrix.com\/wordpress\/wp-content\/uploads\/2015\/03\/Edna_Android_01.png\" class=\"slider-2700 slide-2686 msDefaultImage\" alt=\"\" rel=\"\" title=\"Edna Harvey Puzzlegame\" srcset=\"https:\/\/www.chromatrix.com\/wordpress\/wp-content\/uploads\/2015\/03\/Edna_Android_01.png 1280w, https:\/\/www.chromatrix.com\/wordpress\/wp-content\/uploads\/2015\/03\/Edna_Android_01-150x84.png 150w, https:\/\/www.chromatrix.com\/wordpress\/wp-content\/uploads\/2015\/03\/Edna_Android_01-300x169.png 300w, https:\/\/www.chromatrix.com\/wordpress\/wp-content\/uploads\/2015\/03\/Edna_Android_01-768x432.png 768w, https:\/\/www.chromatrix.com\/wordpress\/wp-content\/uploads\/2015\/03\/Edna_Android_01-1024x576.png 1024w, https:\/\/www.chromatrix.com\/wordpress\/wp-content\/uploads\/2015\/03\/Edna_Android_01-480x270.png 480w\" sizes=\"auto, (max-width: 1280px) 100vw, 1280px\" \/><\/li>\n                <li style=\"display: none; width: 100%;\" class=\"slide-2687 ms-image \" aria-roledescription=\"slide\" data-date=\"2015-03-11 16:36:01\" data-filename=\"Edna_Android_02.png\" data-slide-type=\"image\"><img loading=\"lazy\" decoding=\"async\" width=\"1280\" height=\"720\" src=\"https:\/\/www.chromatrix.com\/wordpress\/wp-content\/uploads\/2015\/03\/Edna_Android_02.png\" class=\"slider-2700 slide-2687 msDefaultImage\" alt=\"\" rel=\"\" title=\"Edna Harvey Puzzlegame\" srcset=\"https:\/\/www.chromatrix.com\/wordpress\/wp-content\/uploads\/2015\/03\/Edna_Android_02.png 1280w, https:\/\/www.chromatrix.com\/wordpress\/wp-content\/uploads\/2015\/03\/Edna_Android_02-150x84.png 150w, https:\/\/www.chromatrix.com\/wordpress\/wp-content\/uploads\/2015\/03\/Edna_Android_02-300x169.png 300w, https:\/\/www.chromatrix.com\/wordpress\/wp-content\/uploads\/2015\/03\/Edna_Android_02-768x432.png 768w, https:\/\/www.chromatrix.com\/wordpress\/wp-content\/uploads\/2015\/03\/Edna_Android_02-1024x576.png 1024w, https:\/\/www.chromatrix.com\/wordpress\/wp-content\/uploads\/2015\/03\/Edna_Android_02-480x270.png 480w\" sizes=\"auto, (max-width: 1280px) 100vw, 1280px\" \/><\/li>\n                <li style=\"display: none; width: 100%;\" class=\"slide-2688 ms-image \" aria-roledescription=\"slide\" data-date=\"2015-03-11 16:36:17\" data-filename=\"Edna_Android_04.png\" data-slide-type=\"image\"><img loading=\"lazy\" decoding=\"async\" width=\"1280\" height=\"720\" src=\"https:\/\/www.chromatrix.com\/wordpress\/wp-content\/uploads\/2015\/03\/Edna_Android_04.png\" class=\"slider-2700 slide-2688 msDefaultImage\" alt=\"\" rel=\"\" title=\"Edna Harvey Puzzlegame\" srcset=\"https:\/\/www.chromatrix.com\/wordpress\/wp-content\/uploads\/2015\/03\/Edna_Android_04.png 1280w, https:\/\/www.chromatrix.com\/wordpress\/wp-content\/uploads\/2015\/03\/Edna_Android_04-150x84.png 150w, https:\/\/www.chromatrix.com\/wordpress\/wp-content\/uploads\/2015\/03\/Edna_Android_04-300x169.png 300w, https:\/\/www.chromatrix.com\/wordpress\/wp-content\/uploads\/2015\/03\/Edna_Android_04-768x432.png 768w, https:\/\/www.chromatrix.com\/wordpress\/wp-content\/uploads\/2015\/03\/Edna_Android_04-1024x576.png 1024w, https:\/\/www.chromatrix.com\/wordpress\/wp-content\/uploads\/2015\/03\/Edna_Android_04-480x270.png 480w\" sizes=\"auto, (max-width: 1280px) 100vw, 1280px\" \/><\/li>\n                <li style=\"display: none; width: 100%;\" class=\"slide-2689 ms-image \" aria-roledescription=\"slide\" data-date=\"2015-03-11 16:36:33\" data-filename=\"Edna_Android_05.png\" data-slide-type=\"image\"><img loading=\"lazy\" decoding=\"async\" width=\"1280\" height=\"720\" src=\"https:\/\/www.chromatrix.com\/wordpress\/wp-content\/uploads\/2015\/03\/Edna_Android_05.png\" class=\"slider-2700 slide-2689 msDefaultImage\" alt=\"\" rel=\"\" title=\"Edna Harvey Puzzlegame\" srcset=\"https:\/\/www.chromatrix.com\/wordpress\/wp-content\/uploads\/2015\/03\/Edna_Android_05.png 1280w, https:\/\/www.chromatrix.com\/wordpress\/wp-content\/uploads\/2015\/03\/Edna_Android_05-150x84.png 150w, https:\/\/www.chromatrix.com\/wordpress\/wp-content\/uploads\/2015\/03\/Edna_Android_05-300x169.png 300w, https:\/\/www.chromatrix.com\/wordpress\/wp-content\/uploads\/2015\/03\/Edna_Android_05-768x432.png 768w, https:\/\/www.chromatrix.com\/wordpress\/wp-content\/uploads\/2015\/03\/Edna_Android_05-1024x576.png 1024w, https:\/\/www.chromatrix.com\/wordpress\/wp-content\/uploads\/2015\/03\/Edna_Android_05-480x270.png 480w\" sizes=\"auto, (max-width: 1280px) 100vw, 1280px\" \/><\/li>\n            <\/ul>\n        <\/div>\n        \n    <\/div>\n<\/div><\/div>\n\t\t<\/div><\/div><div id=\"pgc-393-1-2\"  class=\"panel-grid-cell\" ><div id=\"panel-393-1-2-0\" class=\"so-panel widget widget_black-studio-tinymce widget_black_studio_tinymce panel-first-child panel-last-child\" data-index=\"3\" ><div class=\"textwidget\"><div class=\"id-app-orig-desc\"><strong>Features<br \/><\/strong>- 96 spannende Puzzle mit Bildern der preisgekr\u00f6nten Point &amp; Click-Adventures<\/p>\n<p>- Drei Modi \u2013 Search &amp; Find, Single Stack und Multi Stack<\/p>\n<p>- Rasanter Multiplayer-Modus \u2013 Puzzeln Sie mit Freunden<\/p>\n<p>- Mehrerer Schwierigkeitsgrade: Herausfordernd f\u00fcr Anf\u00e4nger und Profis!<\/p>\n<p>\u00a0<\/p>\n<hr \/>\n<p>\u00a0<\/p>\n<\/div>\n<\/div><\/div><\/div><\/div><div id=\"pg-393-2\"  class=\"panel-grid panel-no-style\" ><div id=\"pgc-393-2-0\"  class=\"panel-grid-cell\" ><div id=\"panel-393-2-0-0\" class=\"so-panel widget widget_black-studio-tinymce widget_black_studio_tinymce panel-first-child panel-last-child\" data-index=\"4\" ><div class=\"textwidget\"><p><strong>Beschreibung<br \/><\/strong>Puzzle-Spielen als Challenge, allein oder zu zweit: 96 Puzzles mit Motiven aus den preisgekr\u00f6nten Adventures rund um die abgedrehten Comic-Charaktere Edna und Harvey (\u201eEdna bricht aus\u201c, \u201eHarveys neue Augen\u201c) aus der Erfolgsspieleschmiede Daedalic Entertainment warten darauf, wieder zusammengesetzt zu werden. Schnelligkeit und richtiges Zusammensetzen der Teile werden mit Bonuspunkten belohnt \u2013 spiele um den Highscore, gegen Freunde oder den Computer, und werde Puzzlemeister.<\/p>\n<hr \/>\n<p>\u00a0 \u00a0 \u00a0 \u00a0 \u00a0 \u00a0 \u00a0 \u00a0 \u00a0\u00a0\u00a0\u00a0 \u00a0 \u00a0 \u00a0\u00a0 \u00a0 \u00a0\u00a0 <a href=\"https:\/\/itunes.apple.com\/app\/id824238337\" target=\"_blank\"><img loading=\"lazy\" decoding=\"async\" class=\"alignnone wp-image-2765 size-full\" src=\"http:\/\/www.chromatrix.com\/wordpress\/wp-content\/uploads\/2015\/03\/Appstore.png\" alt=\"Appstore\" width=\"216\" height=\"70\" srcset=\"https:\/\/www.chromatrix.com\/wordpress\/wp-content\/uploads\/2015\/03\/Appstore.png 216w, https:\/\/www.chromatrix.com\/wordpress\/wp-content\/uploads\/2015\/03\/Appstore-150x49.png 150w\" sizes=\"auto, (max-width: 216px) 100vw, 216px\" \/><\/a>\u00a0 \u00a0 \u00a0 \u00a0 \u00a0 \u00a0 \u00a0 \u00a0 \u00a0 \u00a0 \u00a0 \u00a0\u00a0 \u00a0 <a href=\"https:\/\/play.google.com\/store\/apps\/details?id=air.de.daedalic.puzzleedna1\" target=\"_blank\"><img loading=\"lazy\" decoding=\"async\" class=\"alignnone wp-image-2767 size-full\" src=\"http:\/\/www.chromatrix.com\/wordpress\/wp-content\/uploads\/2015\/03\/Google-Play.png\" alt=\"Google Play\" width=\"216\" height=\"70\" srcset=\"https:\/\/www.chromatrix.com\/wordpress\/wp-content\/uploads\/2015\/03\/Google-Play.png 216w, https:\/\/www.chromatrix.com\/wordpress\/wp-content\/uploads\/2015\/03\/Google-Play-150x49.png 150w\" sizes=\"auto, (max-width: 216px) 100vw, 216px\" \/><\/a>\u00a0 \u00a0 \u00a0\u00a0 \u00a0 \u00a0 \u00a0 \u00a0 \u00a0\u00a0 \u00a0 \u00a0 \u00a0 \u00a0\u00a0\u00a0 <a href=\"http:\/\/www.amazon.de\/Daedalic-Entertainment-GmbH-Edna-Harvey\/dp\/B00KKIRYYC\/ref=sr_1_1?s=mobile-apps&amp;ie=UTF8&amp;qid=1410444861&amp;sr=1-1&amp;keywords=harvey\" target=\"_blank\"><img loading=\"lazy\" decoding=\"async\" class=\"alignnone wp-image-2764 size-full\" src=\"http:\/\/www.chromatrix.com\/wordpress\/wp-content\/uploads\/2015\/03\/Amazon-App-Store.png\" alt=\"Amazon-App-Store\" width=\"204\" height=\"70\" srcset=\"https:\/\/www.chromatrix.com\/wordpress\/wp-content\/uploads\/2015\/03\/Amazon-App-Store.png 204w, https:\/\/www.chromatrix.com\/wordpress\/wp-content\/uploads\/2015\/03\/Amazon-App-Store-150x51.png 150w\" sizes=\"auto, (max-width: 204px) 100vw, 204px\" \/><\/a><\/p>\n<p>\u00a0 \u00a0 \u00a0 \u00a0 \u00a0 \u00a0 \u00a0 \u00a0 \u00a0 \u00a0 \u00a0 \u00a0 \u00a0 \u00a0 \u00a0 \u00a0 \u00a0 \u00a0 \u00a0 \u00a0 \u00a0 \u00a0 \u00a0 \u00a0 \u00a0 \u00a0 \u00a0 \u00a0 \u00a0 \u00a0 \u00a0 \u00a0 \u00a0 \u00a0 \u00a0 \u00a0 \u00a0 \u00a0 \u00a0\u00a0\u00a0 \u00a0 \u00a0\u00a0\u00a0\u00a0 \u00a0 \u00a0 <a href=\"http:\/\/www.gamersgate.com\/DD-EHTP\/edna-and-harvey-the-puzzle\" target=\"_blank\"><img loading=\"lazy\" decoding=\"async\" class=\"alignnone wp-image-2782 size-full\" src=\"http:\/\/www.chromatrix.com\/wordpress\/wp-content\/uploads\/2015\/03\/GG.png\" alt=\"GG\" width=\"100\" height=\"100\" \/><\/a>\u00a0\u00a0\u00a0\u00a0\u00a0\u00a0\u00a0\u00a0\u00a0\u00a0\u00a0 \u00a0 \u00a0 \u00a0 \u00a0 \u00a0 \u00a0 \u00a0 \u00a0 \u00a0 \u00a0 \u00a0 \u00a0\u00a0 \u00a0\u00a0 \u00a0 \u00a0 \u00a0 \u00a0 \u00a0 \u00a0 \u00a0\u00a0 \u00a0\u00a0\u00a0 <a href=\"http:\/\/www.amazon.de\/Edna-Harvey-The-Puzzle-PC\/dp\/B00K15ZLYY\/ref=sr_1_1?ie=UTF8&amp;qid=1410445152&amp;sr=8-1&amp;keywords=harvey+puzzle\" target=\"_blank\"><img loading=\"lazy\" decoding=\"async\" class=\"alignnone wp-image-2781 size-full\" src=\"http:\/\/www.chromatrix.com\/wordpress\/wp-content\/uploads\/2015\/03\/Amazon-icon.png\" alt=\"Amazon-icon\" width=\"100\" height=\"100\" \/><\/a><\/p>\n<hr \/>\n<p style=\"text-align: center;\"><span style=\"color: #333333;\">\"Edna &amp; Harvey \u2013 The Puzzle\u201d bietet ein v\u00f6llig neuartiges Puzzle-Erlebnis und erfordert das ganze Geschick der Spieler um die handgezeichneten Hintergr\u00fcnde aus der erfolgreichen Adventure-Serie aus einer unterschiedlichen Zahl von Teilen zu kombinieren.<\/span><\/p>\n<p style=\"text-align: center;\"><span style=\"color: #333333;\">In einem Versus-Modus k\u00f6nnen die Spieler gegeneinander antreten und ihre Geschicklichkeit miteinander messen. Weiterhin bieten die Spiele drei Einzelspielermodi. Mehrere Schwierigkeitsgrade und \u00dcberraschungen wie drehende Puzzles garantieren sowohl Anf\u00e4ngern als auch Profis maximalen Puzzlespa\u00df f\u00fcr unterwegs oder um einfach zwischendurch wieder einmal in die Welt von Edna &amp; Harvey einzutauchen.<\/span><\/p>\n<p style=\"text-align: center;\"><span style=\"color: #333333;\">\u201cMit den neuen Daedalic Puzzles machen wir zusammen mit unserem Partner Chromatrix einen weiteren wichtigen Schritt auf dem Tablet-Markt. Dieser stellt auch f\u00fcr unsere Produkte einen Wachstumsmarkt dar, dem wir uns nicht verschlie\u00dfen wollen\u201d, erkl\u00e4rt <em>Daedalic CEO Carsten Fichtelmann.<\/em><\/span><\/p>\n<p style=\"text-align: center;\"><span style=\"color: #333333;\">\u201cEs bereitet riesigen Spa\u00df, Daedalics ausgezeichnete Adventure-Serien aus einer ganz anderen Perspektive zu erleben, indem wir die eindrucksvollen Motive in origineller Weise mit unseren brandneuen Puzzle-Designs verkn\u00fcpfen konnten\u201d, so <em>Dr. Stefan Blanck, Managing Director Chromatrix.<\/em><\/span><\/p>\n<hr \/>\n<\/div><\/div><\/div><\/div><div id=\"pg-393-3\"  class=\"panel-grid panel-no-style\" ><div id=\"pgc-393-3-0\"  class=\"panel-grid-cell\" ><div id=\"panel-393-3-0-0\" class=\"so-panel widget widget_text panel-first-child panel-last-child\" data-index=\"5\" >\t\t\t<div class=\"textwidget\"><style type='text\/css' media='screen'>\r\n\t\t\t\t\t#tchsp { height: 1%; margin: 30px 0 0; overflow:hidden; position: relative; padding: 0 50px 10px;   }\r\n\t\t\t\t\t#tchsp .viewport { height: 179px; overflow: hidden; position: relative; }\r\n\t\t\t\t\t#tchsp .buttons { background: #C01313; border-radius: 35px; display: block; position: absolute;\r\n\t\t\t\t\ttop: 40%; left: 0; width: 35px; height: 35px; color: #fff; font-weight: bold; text-align: center; line-height: 35px; text-decoration: none;\r\n\t\t\t\t\tfont-size: 22px; }\r\n\t\t\t\t\t#tchsp .next { right: 0; left: auto;top: 40%; }\r\n\t\t\t\t\t#tchsp .buttons:hover{ color: #C01313;background: #fff; }\r\n\t\t\t\t\t#tchsp .disable { visibility: hidden; }\r\n\t\t\t\t\t#tchsp .overview { list-style: none; position: absolute; padding: 0; margin: 0; width: 180px; left: 0 top: 0; }\r\n\t\t\t\t\t#tchsp .overview li{ float: left; margin: 0 20px 0 0; padding: 1px; height: 175px; border: 1px solid #dcdcdc; width: 176px;}\r\n\t\t\t\t\t<\/style><div id=\"tchsp\"><a class=\"buttons prev\" href=\"#\">&#60;<\/a><div class=\"viewport\"><ul class=\"overview\"><li><a href=\"\/wordpress\/mordillo-puzzle-de\/\" target=\"_target\"><img decoding=\"async\" alt=\"Mordillo Icon Puzzle\" src=\"\/wordpress\/wp-content\/uploads\/2015\/11\/Mordillo-Icon.png\" \/><\/a><\/li><li><a href=\"\/wordpress\/deponia-puzzle-de\/\" target=\"_target\"><img decoding=\"async\" alt=\"Deponia-Icon Puzzle\" src=\"\/wordpress\/wp-content\/uploads\/2014\/11\/Deponia-Icon.png\" \/><\/a><\/li><li><a href=\"\/wordpress\/bibis-puzzle-de\/\" target=\"_target\"><img decoding=\"async\" alt=\"Bibi-Icon Puzzle\" src=\"\/wordpress\/wp-content\/uploads\/2014\/11\/Bibi-Icon.png\" \/><\/a><\/li><li><a href=\"\/wordpress\/ednaharvey-puzzle-de\/\" target=\"_target\"><img decoding=\"async\" alt=\"Harvey-Icon Puzzle\" src=\"\/wordpress\/wp-content\/uploads\/2014\/11\/Harvey-Icon.png\" \/><\/a><\/li><li><a href=\"\/wordpress\/trump-3d-puzzle-de\/\" target=\"_target\"><img decoding=\"async\" alt=\"Trump Icon Puzzle\" src=\"\/wordpress\/wp-content\/uploads\/2017\/05\/Trump-Icon.png\" \/><\/a><\/li><li><a href=\"\/wordpress\/the-inner-world-the-puzzle-de\/\" target=\"_target\"><img decoding=\"async\" alt=\"InnerWorld-Icon Puzzle\" src=\"\/wordpress\/wp-content\/uploads\/2014\/11\/InnerWorld-Icon.png\" \/><\/a><\/li><li><a href=\"\/wordpress\/giana-sisters-de\/\" target=\"_target\"><img decoding=\"async\" alt=\"Giana-Sisters Icon Puzzle\" src=\"\/wordpress\/wp-content\/uploads\/2015\/04\/GS-Icon.png\" \/><\/a><\/li><li><a href=\"\/wordpress\/thiemeyer-puzzle-de\/\" target=\"_target\"><img decoding=\"async\" alt=\"Thiemeyer-Icon Puzzle\" src=\"\/wordpress\/wp-content\/uploads\/2015\/03\/Thiemeyer-Icon.png\" \/><\/a><\/li><\/ul><\/div><a class=\"buttons next\" href=\"#\">&#62;<\/a><\/div><script type=\"text\/javascript\">jQuery(document).ready(function(){jQuery('#tchsp').tinycarousel({ buttons: true, interval: true, intervalTime: 6000, animationTime: 2000 });});<\/script><\/div>\n\t\t<\/div><\/div><\/div><div id=\"pg-393-4\"  class=\"panel-grid panel-no-style\" ><div id=\"pgc-393-4-0\"  class=\"panel-grid-cell\" ><div id=\"panel-393-4-0-0\" class=\"so-panel widget widget_black-studio-tinymce widget_black_studio_tinymce panel-first-child panel-last-child\" data-index=\"6\" ><div class=\"textwidget\"><p style=\"text-align: center;\">\u00a0<\/p>\n<p style=\"text-align: center;\"><span style=\"color: #333333;\"><strong><br \/> <span style=\"color: #000000;\"><a title=\"Puzzle-Games\" href=\"http:\/\/www.chromatrix.com\/wordpress\/puzzle-games-de\/\"><span style=\"color: #000000;\">Puzzle-Games <span style=\"color: #333333;\"><span style=\"color: #000000;\"><span style=\"color: #000000;\">\u00bb<\/span><\/span><\/span><\/span><\/a><\/span><\/strong><\/span><\/p>\n<p style=\"text-align: center;\">\u00a0<\/p>\n<p style=\"text-align: center;\">\u00a0<\/p>\n<\/div><\/div><\/div><\/div><\/div>","protected":false},"excerpt":{"rendered":"<p>Edna &amp; Harvey &#8211; The Puzzle Plattform PC, Android, iOSGenre Puzzle-GameDeveloper Chromatrix GmbH Daedalic Entertainment GmbHPublisher Daedalic Entertainment GmbHRelease Mai 2014\u00a0\u00a0 Features- 96 spannende Puzzle mit Bildern der preisgekr\u00f6nten Point &amp; Click-Adventures- Drei Modi \u2013 Search &amp; Find, Single Stack und Multi Stack- Rasanter Multiplayer-Modus \u2013 Puzzeln Sie mit Freunden- Mehrerer Schwierigkeitsgrade: Herausfordernd f\u00fcr Anf\u00e4nger [&hellip;]<\/p>\n","protected":false},"author":1,"featured_media":0,"parent":0,"menu_order":0,"comment_status":"closed","ping_status":"closed","template":"templates\/template-full-notitle.php","meta":{"footnotes":"","_links_to":"","_links_to_target":""},"class_list":["post-393","page","type-page","status-publish","hentry","post"],"_links":{"self":[{"href":"https:\/\/www.chromatrix.com\/wordpress\/wp-json\/wp\/v2\/pages\/393","targetHints":{"allow":["GET"]}}],"collection":[{"href":"https:\/\/www.chromatrix.com\/wordpress\/wp-json\/wp\/v2\/pages"}],"about":[{"href":"https:\/\/www.chromatrix.com\/wordpress\/wp-json\/wp\/v2\/types\/page"}],"author":[{"embeddable":true,"href":"https:\/\/www.chromatrix.com\/wordpress\/wp-json\/wp\/v2\/users\/1"}],"replies":[{"embeddable":true,"href":"https:\/\/www.chromatrix.com\/wordpress\/wp-json\/wp\/v2\/comments?post=393"}],"version-history":[{"count":6,"href":"https:\/\/www.chromatrix.com\/wordpress\/wp-json\/wp\/v2\/pages\/393\/revisions"}],"predecessor-version":[{"id":2776,"href":"https:\/\/www.chromatrix.com\/wordpress\/wp-json\/wp\/v2\/pages\/393\/revisions\/2776"}],"wp:attachment":[{"href":"https:\/\/www.chromatrix.com\/wordpress\/wp-json\/wp\/v2\/media?parent=393"}],"curies":[{"name":"wp","href":"https:\/\/api.w.org\/{rel}","templated":true}]}}