{"id":3449,"date":"2017-05-18T18:00:59","date_gmt":"2017-05-18T16:00:59","guid":{"rendered":"http:\/\/www.chromatrix.com\/wordpress\/?page_id=3449"},"modified":"2017-05-19T10:24:08","modified_gmt":"2017-05-19T08:24:08","slug":"trump-3d-puzzle-de","status":"publish","type":"page","link":"https:\/\/www.chromatrix.com\/wordpress\/trump-3d-puzzle-de\/","title":{"rendered":"Trump 3D Puzzle"},"content":{"rendered":"<div id=\"pl-3449\"  class=\"panel-layout\" ><div id=\"pg-3449-0\"  class=\"panel-grid panel-no-style\" ><div id=\"pgc-3449-0-0\"  class=\"panel-grid-cell\" ><div id=\"panel-3449-0-0-0\" class=\"so-panel widget widget_black-studio-tinymce widget_black_studio_tinymce panel-first-child panel-last-child\" data-index=\"0\" ><div class=\"textwidget\"><h1 style=\"text-align: center;\">Trump 3D Puzzle<\/h1>\n<\/div><\/div><\/div><\/div><div id=\"pg-3449-1\"  class=\"panel-grid panel-no-style\" ><div id=\"pgc-3449-1-0\"  class=\"panel-grid-cell\" ><div id=\"panel-3449-1-0-0\" class=\"so-panel widget widget_black-studio-tinymce widget_black_studio_tinymce panel-first-child panel-last-child\" data-index=\"1\" ><div class=\"textwidget\"><p style=\"text-align: left;\"><strong>Plattform<\/strong><br \/> iOS, Android<\/p>\n<p><strong>Genre<\/strong><br \/> Puzzle-Game<\/p>\n<p><strong>Developer<\/strong><br \/> Chromatrix GmbH<\/p>\n<p><strong>Publisher<\/strong><br \/> Chromatrix GmbH<\/p>\n<p><strong>Release<\/strong><br \/> Mai 2017<\/p>\n<hr \/>\n<\/div><\/div><\/div><div id=\"pgc-3449-1-1\"  class=\"panel-grid-cell\" ><div id=\"panel-3449-1-1-0\" class=\"so-panel widget widget_text panel-first-child panel-last-child\" data-index=\"2\" >\t\t\t<div class=\"textwidget\"><div id=\"metaslider-id-3439\" style=\"max-width: 1080px; margin: 0 auto;\" class=\"ml-slider-3-107-0 metaslider metaslider-flex metaslider-3439 ml-slider ms-theme-default nav-hidden\" role=\"region\" aria-label=\"Trump 3D Puzzle\" data-height=\"405\" data-width=\"1080\">\n    <div id=\"metaslider_container_3439\">\n        <div id=\"metaslider_3439\">\n            <ul class='slides'>\n                <li style=\"display: block; width: 100%;\" class=\"slide-3440 ms-image \" aria-roledescription=\"slide\" data-date=\"2017-05-17 11:24:49\" data-filename=\"Trump_00_1136_0640.png\" data-slide-type=\"image\"><img loading=\"lazy\" decoding=\"async\" width=\"1136\" height=\"640\" src=\"https:\/\/www.chromatrix.com\/wordpress\/wp-content\/uploads\/2017\/05\/Trump_00_1136_0640.png\" class=\"slider-3439 slide-3440 msDefaultImage\" alt=\"\" rel=\"\" title=\"Trump 3D Puzzle\" srcset=\"https:\/\/www.chromatrix.com\/wordpress\/wp-content\/uploads\/2017\/05\/Trump_00_1136_0640.png 1136w, https:\/\/www.chromatrix.com\/wordpress\/wp-content\/uploads\/2017\/05\/Trump_00_1136_0640-150x85.png 150w, https:\/\/www.chromatrix.com\/wordpress\/wp-content\/uploads\/2017\/05\/Trump_00_1136_0640-300x169.png 300w, https:\/\/www.chromatrix.com\/wordpress\/wp-content\/uploads\/2017\/05\/Trump_00_1136_0640-768x433.png 768w, https:\/\/www.chromatrix.com\/wordpress\/wp-content\/uploads\/2017\/05\/Trump_00_1136_0640-1024x577.png 1024w, https:\/\/www.chromatrix.com\/wordpress\/wp-content\/uploads\/2017\/05\/Trump_00_1136_0640-480x270.png 480w\" sizes=\"auto, (max-width: 1136px) 100vw, 1136px\" \/><\/li>\n                <li style=\"display: none; width: 100%;\" class=\"slide-3447 ms-image \" aria-roledescription=\"slide\" data-date=\"2017-05-17 15:13:04\" data-filename=\"Trump_01_1136_0640.png\" data-slide-type=\"image\"><img loading=\"lazy\" decoding=\"async\" width=\"1136\" height=\"640\" src=\"https:\/\/www.chromatrix.com\/wordpress\/wp-content\/uploads\/2017\/05\/Trump_01_1136_0640.png\" class=\"slider-3439 slide-3447 msDefaultImage\" alt=\"\" rel=\"\" title=\"Trump 3D Puzzle\" srcset=\"https:\/\/www.chromatrix.com\/wordpress\/wp-content\/uploads\/2017\/05\/Trump_01_1136_0640.png 1136w, https:\/\/www.chromatrix.com\/wordpress\/wp-content\/uploads\/2017\/05\/Trump_01_1136_0640-150x85.png 150w, https:\/\/www.chromatrix.com\/wordpress\/wp-content\/uploads\/2017\/05\/Trump_01_1136_0640-300x169.png 300w, https:\/\/www.chromatrix.com\/wordpress\/wp-content\/uploads\/2017\/05\/Trump_01_1136_0640-768x433.png 768w, https:\/\/www.chromatrix.com\/wordpress\/wp-content\/uploads\/2017\/05\/Trump_01_1136_0640-1024x577.png 1024w, https:\/\/www.chromatrix.com\/wordpress\/wp-content\/uploads\/2017\/05\/Trump_01_1136_0640-480x270.png 480w\" sizes=\"auto, (max-width: 1136px) 100vw, 1136px\" \/><\/li>\n                <li style=\"display: none; width: 100%;\" class=\"slide-3436 ms-image \" aria-roledescription=\"slide\" data-date=\"2017-05-17 11:10:19\" data-filename=\"Trump_02_1136_0640.png\" data-slide-type=\"image\"><img loading=\"lazy\" decoding=\"async\" width=\"1136\" height=\"640\" src=\"https:\/\/www.chromatrix.com\/wordpress\/wp-content\/uploads\/2017\/05\/Trump_02_1136_0640.png\" class=\"slider-3439 slide-3436 msDefaultImage\" alt=\"\" rel=\"\" title=\"Trump 3D Puzzle\" srcset=\"https:\/\/www.chromatrix.com\/wordpress\/wp-content\/uploads\/2017\/05\/Trump_02_1136_0640.png 1136w, https:\/\/www.chromatrix.com\/wordpress\/wp-content\/uploads\/2017\/05\/Trump_02_1136_0640-150x85.png 150w, https:\/\/www.chromatrix.com\/wordpress\/wp-content\/uploads\/2017\/05\/Trump_02_1136_0640-300x169.png 300w, https:\/\/www.chromatrix.com\/wordpress\/wp-content\/uploads\/2017\/05\/Trump_02_1136_0640-768x433.png 768w, https:\/\/www.chromatrix.com\/wordpress\/wp-content\/uploads\/2017\/05\/Trump_02_1136_0640-1024x577.png 1024w, https:\/\/www.chromatrix.com\/wordpress\/wp-content\/uploads\/2017\/05\/Trump_02_1136_0640-480x270.png 480w\" sizes=\"auto, (max-width: 1136px) 100vw, 1136px\" \/><\/li>\n                <li style=\"display: none; width: 100%;\" class=\"slide-3437 ms-image \" aria-roledescription=\"slide\" data-date=\"2017-05-17 11:10:24\" data-filename=\"Trump_03_1136_0640.png\" data-slide-type=\"image\"><img loading=\"lazy\" decoding=\"async\" width=\"1136\" height=\"640\" src=\"https:\/\/www.chromatrix.com\/wordpress\/wp-content\/uploads\/2017\/05\/Trump_03_1136_0640.png\" class=\"slider-3439 slide-3437 msDefaultImage\" alt=\"\" rel=\"\" title=\"Trump 3D Puzzle\" srcset=\"https:\/\/www.chromatrix.com\/wordpress\/wp-content\/uploads\/2017\/05\/Trump_03_1136_0640.png 1136w, https:\/\/www.chromatrix.com\/wordpress\/wp-content\/uploads\/2017\/05\/Trump_03_1136_0640-150x85.png 150w, https:\/\/www.chromatrix.com\/wordpress\/wp-content\/uploads\/2017\/05\/Trump_03_1136_0640-300x169.png 300w, https:\/\/www.chromatrix.com\/wordpress\/wp-content\/uploads\/2017\/05\/Trump_03_1136_0640-768x433.png 768w, https:\/\/www.chromatrix.com\/wordpress\/wp-content\/uploads\/2017\/05\/Trump_03_1136_0640-1024x577.png 1024w, https:\/\/www.chromatrix.com\/wordpress\/wp-content\/uploads\/2017\/05\/Trump_03_1136_0640-480x270.png 480w\" sizes=\"auto, (max-width: 1136px) 100vw, 1136px\" \/><\/li>\n                <li style=\"display: none; width: 100%;\" class=\"slide-3434 ms-image \" aria-roledescription=\"slide\" data-date=\"2017-05-17 11:10:06\" data-filename=\"Trump_04_1136_0640.png\" data-slide-type=\"image\"><img loading=\"lazy\" decoding=\"async\" width=\"1136\" height=\"640\" src=\"https:\/\/www.chromatrix.com\/wordpress\/wp-content\/uploads\/2017\/05\/Trump_04_1136_0640.png\" class=\"slider-3439 slide-3434 msDefaultImage\" alt=\"\" rel=\"\" title=\"Trump 3D Puzzle\" srcset=\"https:\/\/www.chromatrix.com\/wordpress\/wp-content\/uploads\/2017\/05\/Trump_04_1136_0640.png 1136w, https:\/\/www.chromatrix.com\/wordpress\/wp-content\/uploads\/2017\/05\/Trump_04_1136_0640-150x85.png 150w, https:\/\/www.chromatrix.com\/wordpress\/wp-content\/uploads\/2017\/05\/Trump_04_1136_0640-300x169.png 300w, https:\/\/www.chromatrix.com\/wordpress\/wp-content\/uploads\/2017\/05\/Trump_04_1136_0640-768x433.png 768w, https:\/\/www.chromatrix.com\/wordpress\/wp-content\/uploads\/2017\/05\/Trump_04_1136_0640-1024x577.png 1024w, https:\/\/www.chromatrix.com\/wordpress\/wp-content\/uploads\/2017\/05\/Trump_04_1136_0640-480x270.png 480w\" sizes=\"auto, (max-width: 1136px) 100vw, 1136px\" \/><\/li>\n            <\/ul>\n        <\/div>\n        \n    <\/div>\n<\/div><\/div>\n\t\t<\/div><\/div><div id=\"pgc-3449-1-2\"  class=\"panel-grid-cell\" ><div id=\"panel-3449-1-2-0\" class=\"so-panel widget widget_black-studio-tinymce widget_black_studio_tinymce panel-first-child panel-last-child\" data-index=\"3\" ><div class=\"textwidget\"><div class=\"id-app-orig-desc\">\n<p><strong>Features<\/strong><br \/> - Einzigartiges 3D Puzzle des besten Pr\u00e4sidenten der Vereinigten Staaten von Amerika<\/p>\n<p>- Mehrere Spielmodi<\/p>\n<p>- Zwei-Spieler Wettkampf<\/p>\n<p>- Unterschiedliche Anzahl von Puzzleteilen<\/p>\n<p>- Diverse Schwierigkeitsgrade<\/p>\n<\/div>\n<div class=\"id-app-orig-desc\">\n<hr \/>\n<\/div>\n<\/div><\/div><\/div><\/div><div id=\"pg-3449-2\"  class=\"panel-grid panel-no-style\" ><div id=\"pgc-3449-2-0\"  class=\"panel-grid-cell\" ><div id=\"panel-3449-2-0-0\" class=\"so-panel widget widget_black-studio-tinymce widget_black_studio_tinymce panel-first-child panel-last-child\" data-index=\"4\" ><div class=\"textwidget\"><div id=\"pg-391-2\" class=\"panel-grid\">\n<div class=\"panel-row-style\">\n<div id=\"pgc-391-2-0\" class=\"panel-grid-cell\">\n<div id=\"panel-391-2-0-0\" class=\"panel widget widget_black-studio-tinymce panel-first-child panel-last-child\">\n<div class=\"textwidget\">\n<p><strong>Beschreibung<br \/><\/strong>Puzzle den gro\u00dfartigsten Pr\u00e4sidenten der Vereinigten Staaten von Amerika in 3D! Setze die Puzzleteile in klassischer Weise zusammen oder stelle dich einer v\u00f6llig neuartigen Herausforderung und finde die gesuchten Teile, um ein Puzzle zu vervollst\u00e4ndigen. Zwei Spieler k\u00f6nnen sogar gleichzeitig auf einem Tablet um die Wette puzzeln.<\/p>\n<p>Unterschiedliche Anzahl von Puzzleteilen und diverse Schwierigkeitsgrade bieten Herausforderung f\u00fcr jeden, ob Amerikaner oder Weltb\u00fcrger. Finde die versteckten Inhalte.<\/p>\n<hr \/>\n<p>\u00a0\u00a0\u00a0\u00a0\u00a0\u00a0\u00a0\u00a0\u00a0\u00a0\u00a0\u00a0\u00a0\u00a0\u00a0\u00a0\u00a0\u00a0\u00a0\u00a0\u00a0\u00a0\u00a0\u00a0\u00a0\u00a0\u00a0 \u00a0 \u00a0 \u00a0 \u00a0 \u00a0 \u00a0 \u00a0 \u00a0 \u00a0 \u00a0 \u00a0 \u00a0 \u00a0 \u00a0 \u00a0 \u00a0\u00a0\u00a0\u00a0\u00a0\u00a0\u00a0\u00a0 <a href=\"https:\/\/itunes.apple.com\/app\/id1213354739\" target=\"_blank\" rel=\"noopener noreferrer\"><img loading=\"lazy\" decoding=\"async\" class=\"alignnone wp-image-2765 size-full\" src=\"http:\/\/www.chromatrix.com\/wordpress\/wp-content\/uploads\/2015\/03\/Appstore.png\" alt=\"Appstore\" width=\"216\" height=\"70\" srcset=\"https:\/\/www.chromatrix.com\/wordpress\/wp-content\/uploads\/2015\/03\/Appstore.png 216w, https:\/\/www.chromatrix.com\/wordpress\/wp-content\/uploads\/2015\/03\/Appstore-150x49.png 150w\" sizes=\"auto, (max-width: 216px) 100vw, 216px\" \/><\/a>\u00a0\u00a0 \u00a0 \u00a0 \u00a0 \u00a0 \u00a0 \u00a0\u00a0 \u00a0 <a href=\"https:\/\/play.google.com\/store\/apps\/details?id=air.com.chromatrix.trump10_google\" target=\"_blank\" rel=\"noopener noreferrer\"><img loading=\"lazy\" decoding=\"async\" class=\"alignnone wp-image-2767 size-full\" src=\"http:\/\/www.chromatrix.com\/wordpress\/wp-content\/uploads\/2015\/03\/Google-Play.png\" alt=\"Google Play\" width=\"216\" height=\"70\" srcset=\"https:\/\/www.chromatrix.com\/wordpress\/wp-content\/uploads\/2015\/03\/Google-Play.png 216w, https:\/\/www.chromatrix.com\/wordpress\/wp-content\/uploads\/2015\/03\/Google-Play-150x49.png 150w\" sizes=\"auto, (max-width: 216px) 100vw, 216px\" \/><\/a>\u00a0 \u00a0 \u00a0\u00a0 \u00a0 \u00a0 \u00a0 \u00a0 \u00a0 <\/p>\n<hr \/>\n<p>\u00a0<\/p>\n<\/div>\n<\/div>\n<\/div>\n<\/div>\n<\/div>\n<\/div><\/div><\/div><\/div><div id=\"pg-3449-3\"  class=\"panel-grid panel-no-style\" ><div id=\"pgc-3449-3-0\"  class=\"panel-grid-cell\" ><div id=\"panel-3449-3-0-0\" class=\"so-panel widget widget_text panel-first-child panel-last-child\" data-index=\"5\" >\t\t\t<div class=\"textwidget\"><style type='text\/css' media='screen'>\r\n\t\t\t\t\t#tchsp { height: 1%; margin: 30px 0 0; overflow:hidden; position: relative; padding: 0 50px 10px;   }\r\n\t\t\t\t\t#tchsp .viewport { height: 179px; overflow: hidden; position: relative; }\r\n\t\t\t\t\t#tchsp .buttons { background: #C01313; border-radius: 35px; display: block; position: absolute;\r\n\t\t\t\t\ttop: 40%; left: 0; width: 35px; height: 35px; color: #fff; font-weight: bold; text-align: center; line-height: 35px; text-decoration: none;\r\n\t\t\t\t\tfont-size: 22px; }\r\n\t\t\t\t\t#tchsp .next { right: 0; left: auto;top: 40%; }\r\n\t\t\t\t\t#tchsp .buttons:hover{ color: #C01313;background: #fff; }\r\n\t\t\t\t\t#tchsp .disable { visibility: hidden; }\r\n\t\t\t\t\t#tchsp .overview { list-style: none; position: absolute; padding: 0; margin: 0; width: 180px; left: 0 top: 0; }\r\n\t\t\t\t\t#tchsp .overview li{ float: left; margin: 0 20px 0 0; padding: 1px; height: 175px; border: 1px solid #dcdcdc; width: 176px;}\r\n\t\t\t\t\t<\/style><div id=\"tchsp\"><a class=\"buttons prev\" href=\"#\">&#60;<\/a><div class=\"viewport\"><ul class=\"overview\"><li><a href=\"\/wordpress\/trump-3d-puzzle-de\/\" target=\"_target\"><img decoding=\"async\" alt=\"Trump Icon Puzzle\" src=\"\/wordpress\/wp-content\/uploads\/2017\/05\/Trump-Icon.png\" \/><\/a><\/li><li><a href=\"\/wordpress\/ednaharvey-puzzle-de\/\" target=\"_target\"><img decoding=\"async\" alt=\"Harvey-Icon Puzzle\" src=\"\/wordpress\/wp-content\/uploads\/2014\/11\/Harvey-Icon.png\" \/><\/a><\/li><li><a href=\"\/wordpress\/mordillo-puzzle-de\/\" target=\"_target\"><img decoding=\"async\" alt=\"Mordillo Icon Puzzle\" src=\"\/wordpress\/wp-content\/uploads\/2015\/11\/Mordillo-Icon.png\" \/><\/a><\/li><li><a href=\"\/wordpress\/the-inner-world-the-puzzle-de\/\" target=\"_target\"><img decoding=\"async\" alt=\"InnerWorld-Icon Puzzle\" src=\"\/wordpress\/wp-content\/uploads\/2014\/11\/InnerWorld-Icon.png\" \/><\/a><\/li><li><a href=\"\/wordpress\/deponia-puzzle-de\/\" target=\"_target\"><img decoding=\"async\" alt=\"Deponia-Icon Puzzle\" src=\"\/wordpress\/wp-content\/uploads\/2014\/11\/Deponia-Icon.png\" \/><\/a><\/li><li><a href=\"\/wordpress\/giana-sisters-de\/\" target=\"_target\"><img decoding=\"async\" alt=\"Giana-Sisters Icon Puzzle\" src=\"\/wordpress\/wp-content\/uploads\/2015\/04\/GS-Icon.png\" \/><\/a><\/li><li><a href=\"\/wordpress\/thiemeyer-puzzle-de\/\" target=\"_target\"><img decoding=\"async\" alt=\"Thiemeyer-Icon Puzzle\" src=\"\/wordpress\/wp-content\/uploads\/2015\/03\/Thiemeyer-Icon.png\" \/><\/a><\/li><li><a href=\"\/wordpress\/bibis-puzzle-de\/\" target=\"_target\"><img decoding=\"async\" alt=\"Bibi-Icon Puzzle\" src=\"\/wordpress\/wp-content\/uploads\/2014\/11\/Bibi-Icon.png\" \/><\/a><\/li><\/ul><\/div><a class=\"buttons next\" href=\"#\">&#62;<\/a><\/div><script type=\"text\/javascript\">jQuery(document).ready(function(){jQuery('#tchsp').tinycarousel({ buttons: true, interval: true, intervalTime: 6000, animationTime: 2000 });});<\/script><\/div>\n\t\t<\/div><\/div><\/div><div id=\"pg-3449-4\"  class=\"panel-grid panel-no-style\" ><div id=\"pgc-3449-4-0\"  class=\"panel-grid-cell\" ><div id=\"panel-3449-4-0-0\" class=\"so-panel widget widget_black-studio-tinymce widget_black_studio_tinymce panel-first-child panel-last-child\" data-index=\"6\" ><div class=\"textwidget\"><p style=\"text-align: center;\">\u00a0<\/p>\n<p style=\"text-align: center;\"><span style=\"color: #333333;\"><strong><br \/> <span style=\"color: #000000;\"><a title=\"Puzzle-Games\" href=\"http:\/\/www.chromatrix.com\/wordpress\/puzzle-games-de\/\"><span style=\"color: #000000;\">Puzzle-Games <span style=\"color: #333333;\"><span style=\"color: #000000;\"><span style=\"color: #000000;\">\u00bb<\/span><\/span><\/span><\/span><\/a><\/span><\/strong><\/span><\/p>\n<p style=\"text-align: center;\">\u00a0<\/p>\n<\/div><\/div><\/div><\/div><\/div>","protected":false},"excerpt":{"rendered":"<p>Trump 3D Puzzle Plattform iOS, AndroidGenre Puzzle-GameDeveloper Chromatrix GmbHPublisher Chromatrix GmbHRelease Mai 2017 Features &#8211; Einzigartiges 3D Puzzle des besten Pr\u00e4sidenten der Vereinigten Staaten von Amerika- Mehrere Spielmodi- Zwei-Spieler Wettkampf- Unterschiedliche Anzahl von Puzzleteilen- Diverse Schwierigkeitsgrade<\/p>\n","protected":false},"author":2,"featured_media":0,"parent":0,"menu_order":0,"comment_status":"closed","ping_status":"closed","template":"templates\/template-full-notitle.php","meta":{"footnotes":"","_links_to":"","_links_to_target":""},"class_list":["post-3449","page","type-page","status-publish","hentry","post"],"_links":{"self":[{"href":"https:\/\/www.chromatrix.com\/wordpress\/wp-json\/wp\/v2\/pages\/3449","targetHints":{"allow":["GET"]}}],"collection":[{"href":"https:\/\/www.chromatrix.com\/wordpress\/wp-json\/wp\/v2\/pages"}],"about":[{"href":"https:\/\/www.chromatrix.com\/wordpress\/wp-json\/wp\/v2\/types\/page"}],"author":[{"embeddable":true,"href":"https:\/\/www.chromatrix.com\/wordpress\/wp-json\/wp\/v2\/users\/2"}],"replies":[{"embeddable":true,"href":"https:\/\/www.chromatrix.com\/wordpress\/wp-json\/wp\/v2\/comments?post=3449"}],"version-history":[{"count":6,"href":"https:\/\/www.chromatrix.com\/wordpress\/wp-json\/wp\/v2\/pages\/3449\/revisions"}],"predecessor-version":[{"id":3462,"href":"https:\/\/www.chromatrix.com\/wordpress\/wp-json\/wp\/v2\/pages\/3449\/revisions\/3462"}],"wp:attachment":[{"href":"https:\/\/www.chromatrix.com\/wordpress\/wp-json\/wp\/v2\/media?parent=3449"}],"curies":[{"name":"wp","href":"https:\/\/api.w.org\/{rel}","templated":true}]}}