{"id":3403,"date":"2017-02-07T15:25:19","date_gmt":"2017-02-07T13:25:19","guid":{"rendered":"http:\/\/www.chromatrix.com\/wordpress\/?page_id=3403"},"modified":"2017-02-07T17:21:46","modified_gmt":"2017-02-07T15:21:46","slug":"dsa-mond-trilogie","status":"publish","type":"page","link":"https:\/\/www.chromatrix.com\/wordpress\/dsa-mond-trilogie\/","title":{"rendered":"DSA Mond-Trilogie"},"content":{"rendered":"<div id=\"pl-3403\"  class=\"panel-layout\" ><div id=\"pg-3403-0\"  class=\"panel-grid panel-no-style\" ><div id=\"pgc-3403-0-0\"  class=\"panel-grid-cell\" ><div id=\"panel-3403-0-0-0\" class=\"so-panel widget widget_headline-widget panel-first-child\" data-index=\"0\" >\t\t<h1>DSA Trilogie: Mond des Blutes \/ Mond der Rache \/ Mond des Todes<\/h1>\n\t\t<div class=\"decoration\"><div class=\"decoration-inside\"><\/div><\/div>\n\t\t<h3><\/h3>\n\t\t<\/div><div id=\"panel-3403-0-0-1\" class=\"so-panel widget widget_sow-editor panel-last-child\" data-index=\"1\" ><div\n\t\t\t\n\t\t\tclass=\"so-widget-sow-editor so-widget-sow-editor-base\"\n\t\t\t\n\t\t>\n<div class=\"siteorigin-widget-tinymce textwidget\">\n\t<div id=\"pg-9-1\" class=\"panel-grid\">\n<div id=\"pgc-9-1-0\" class=\"panel-grid-cell\">\n<div id=\"panel-9-1-0-0\" class=\"panel widget widget_black-studio-tinymce panel-first-child panel-last-child\">\n<div class=\"textwidget\" style=\"text-align: center;\">\n<p><img loading=\"lazy\" decoding=\"async\" class=\"wp-image-3326  alignleft\" src=\"http:\/\/www.chromatrix.com\/wordpress\/wp-content\/uploads\/2016\/11\/Moon_of_Blood_Screenshot_12.png\" width=\"250\" height=\"375\" srcset=\"https:\/\/www.chromatrix.com\/wordpress\/wp-content\/uploads\/2016\/11\/Moon_of_Blood_Screenshot_12.png 640w, https:\/\/www.chromatrix.com\/wordpress\/wp-content\/uploads\/2016\/11\/Moon_of_Blood_Screenshot_12-100x150.png 100w, https:\/\/www.chromatrix.com\/wordpress\/wp-content\/uploads\/2016\/11\/Moon_of_Blood_Screenshot_12-200x300.png 200w, https:\/\/www.chromatrix.com\/wordpress\/wp-content\/uploads\/2016\/11\/Moon_of_Blood_Screenshot_12-320x480.png 320w\" sizes=\"auto, (max-width: 250px) 100vw, 250px\" \/><\/p>\n<p><img loading=\"lazy\" decoding=\"async\" class=\"alignright wp-image-3239 \" src=\"http:\/\/www.chromatrix.com\/wordpress\/wp-content\/uploads\/2016\/09\/Moon_of_Blood_Screenshot_08.png\" width=\"250\" height=\"375\" srcset=\"https:\/\/www.chromatrix.com\/wordpress\/wp-content\/uploads\/2016\/09\/Moon_of_Blood_Screenshot_08.png 640w, https:\/\/www.chromatrix.com\/wordpress\/wp-content\/uploads\/2016\/09\/Moon_of_Blood_Screenshot_08-100x150.png 100w, https:\/\/www.chromatrix.com\/wordpress\/wp-content\/uploads\/2016\/09\/Moon_of_Blood_Screenshot_08-200x300.png 200w, https:\/\/www.chromatrix.com\/wordpress\/wp-content\/uploads\/2016\/09\/Moon_of_Blood_Screenshot_08-320x480.png 320w\" sizes=\"auto, (max-width: 250px) 100vw, 250px\" \/><strong>\"Kurzweile und spa\u00dfige Unterhaltung\"<\/strong><br \/> \"Nachdem ich die komplette Trilogie gespielt habe: - Insgesamt 20 Missionen - ca 40+ Stunden Spieldauer f\u00fcr das erste Durchspielen - f\u00fcr mich kurzweilige und spa\u00dfige Unterhaltung.\"<br \/><em>Dieter<\/em><\/p>\n<p><strong>\"Steckt mehr DSA drin als erwartet\"<\/strong><br \/> \"In Mond des Blutes steckt mehr DSA und vor allem auch mehr Handlung drin, als ich von einem Mobile Game erwartet habe. Technisch l\u00e4uft es auf meinem Ger\u00e4t einwandfrei. Es verspr\u00fcht zwar einen gewissen Retro-Charme, ist aber unkompliziert zu bedienen. Das Speichersystem finde ich fair.\"<br \/><em>Feder Schwarz<\/em><\/p>\n<p><strong>\"Alte Zeiten ...\"<\/strong><br \/> \"Das Spiel erinnert mich an die guten alten Zeiten. Die Charaktererschaffung ist sehr gut, alle Werte werden erkl\u00e4rt, so dass auch Neulinge des Genres wissen, was auf sie zukommt. Eine Tutorial Mission l\u00e4sst dann auch gleich mal ein wenig Erkundergeist und Spa\u00df aufkommen. Dann geht es ans Ork jagen. Ich habe mehrere Stunden jetzt schon damit verbracht.\"<br \/><em>Jack Preacher<\/em><\/p>\n<p><strong>\"Nice\"<br \/><\/strong>\"Spielt sich fast wie nen Oldschool-DSA-Game ... macht echt Laune.\"<br \/><em>Taran Kramer<\/em><\/p>\n<\/div>\n<\/div>\n<\/div>\n<\/div>\n<p>\u00a0<\/p>\n<p>\u00a0<\/p>\n<\/div>\n<\/div><\/div><\/div><\/div><\/div>","protected":false},"excerpt":{"rendered":"<p>&#8222;Kurzweile und spa\u00dfige Unterhaltung&#8220; &#8222;Nachdem ich die komplette Trilogie gespielt habe: &#8211; Insgesamt 20 Missionen &#8211; ca 40+ Stunden Spieldauer f\u00fcr das erste Durchspielen &#8211; f\u00fcr mich kurzweilige und spa\u00dfige Unterhaltung.&#8220;Dieter&#8220;Steckt mehr DSA drin als erwartet&#8220; &#8222;In Mond des Blutes steckt mehr DSA und vor allem auch mehr Handlung drin, als ich von einem Mobile [&hellip;]<\/p>\n","protected":false},"author":2,"featured_media":0,"parent":0,"menu_order":0,"comment_status":"closed","ping_status":"closed","template":"templates\/template-full-notitle.php","meta":{"footnotes":"","_links_to":"","_links_to_target":""},"class_list":["post-3403","page","type-page","status-publish","hentry","post"],"_links":{"self":[{"href":"https:\/\/www.chromatrix.com\/wordpress\/wp-json\/wp\/v2\/pages\/3403","targetHints":{"allow":["GET"]}}],"collection":[{"href":"https:\/\/www.chromatrix.com\/wordpress\/wp-json\/wp\/v2\/pages"}],"about":[{"href":"https:\/\/www.chromatrix.com\/wordpress\/wp-json\/wp\/v2\/types\/page"}],"author":[{"embeddable":true,"href":"https:\/\/www.chromatrix.com\/wordpress\/wp-json\/wp\/v2\/users\/2"}],"replies":[{"embeddable":true,"href":"https:\/\/www.chromatrix.com\/wordpress\/wp-json\/wp\/v2\/comments?post=3403"}],"version-history":[{"count":15,"href":"https:\/\/www.chromatrix.com\/wordpress\/wp-json\/wp\/v2\/pages\/3403\/revisions"}],"predecessor-version":[{"id":3425,"href":"https:\/\/www.chromatrix.com\/wordpress\/wp-json\/wp\/v2\/pages\/3403\/revisions\/3425"}],"wp:attachment":[{"href":"https:\/\/www.chromatrix.com\/wordpress\/wp-json\/wp\/v2\/media?parent=3403"}],"curies":[{"name":"wp","href":"https:\/\/api.w.org\/{rel}","templated":true}]}}