{"id":3332,"date":"2016-11-20T16:00:39","date_gmt":"2016-11-20T14:00:39","guid":{"rendered":"http:\/\/www.chromatrix.com\/wordpress\/?page_id=3332"},"modified":"2016-11-20T17:12:00","modified_gmt":"2016-11-20T15:12:00","slug":"mond-der-rache","status":"publish","type":"page","link":"https:\/\/www.chromatrix.com\/wordpress\/mond-der-rache\/","title":{"rendered":"Mond der Rache"},"content":{"rendered":"<div id=\"pl-3332\"  class=\"panel-layout\" ><div id=\"pg-3332-0\"  class=\"panel-grid panel-no-style\" ><div id=\"pgc-3332-0-0\"  class=\"panel-grid-cell\" ><div id=\"panel-3332-0-0-0\" class=\"so-panel widget widget_sow-editor panel-first-child panel-last-child\" data-index=\"0\" ><div\n\t\t\t\n\t\t\tclass=\"so-widget-sow-editor so-widget-sow-editor-base\"\n\t\t\t\n\t\t>\n<div class=\"siteorigin-widget-tinymce textwidget\">\n\t<h1 style=\"text-align: center;\">Mond der Rache<\/h1>\n<p>\u00a0<\/p>\n<\/div>\n<\/div><\/div><\/div><\/div><div id=\"pg-3332-1\"  class=\"panel-grid panel-no-style\" ><div id=\"pgc-3332-1-0\"  class=\"panel-grid-cell\" ><div id=\"panel-3332-1-0-0\" class=\"so-panel widget widget_sow-editor panel-first-child panel-last-child\" data-index=\"1\" ><div\n\t\t\t\n\t\t\tclass=\"so-widget-sow-editor so-widget-sow-editor-base\"\n\t\t\t\n\t\t>\n<div class=\"siteorigin-widget-tinymce textwidget\">\n\t<p style=\"text-align: left;\"><strong>Plattform<\/strong><br \/> Android Smartphones\/Tablets<\/p>\n<p><strong>Genre<\/strong><br \/> Rundenbasiertes Strategiespiel<\/p>\n<p><strong>Setting<\/strong><br \/> Fantasy Rollenspiel \"Das Schwarze Auge\"<\/p>\n<p><strong>Developer<\/strong><br \/> Chromatrix GmbH<\/p>\n<p><strong>Publisher<\/strong><br \/> Chromatrix GmbH<\/p>\n<p><strong>Release<\/strong><br \/> November 2016<\/p>\n<hr \/>\n<p><strong>Starte dein Abenteuer jetzt!<br \/><\/strong><\/p>\n<p>Standard-Version von <strong>Mond der Rache<\/strong>:<\/p>\n<p><a href=\"https:\/\/play.google.com\/store\/apps\/details?id=org.chromatrix.dsa03\" target=\"_blank\"><img loading=\"lazy\" decoding=\"async\" class=\"alignnone wp-image-2767 size-full\" src=\"http:\/\/www.chromatrix.com\/wordpress\/wp-content\/uploads\/2015\/03\/Google-Play.png\" alt=\"Google Play\" width=\"216\" height=\"70\" srcset=\"https:\/\/www.chromatrix.com\/wordpress\/wp-content\/uploads\/2015\/03\/Google-Play.png 216w, https:\/\/www.chromatrix.com\/wordpress\/wp-content\/uploads\/2015\/03\/Google-Play-150x49.png 150w\" sizes=\"auto, (max-width: 216px) 100vw, 216px\" \/><\/a><\/p>\n<p>Reduzierte Aufl\u00f6sung optimiert f\u00fcr Displays mit 480 * 800 Pixel:<\/p>\n<p><a href=\"https:\/\/play.google.com\/store\/apps\/details?id=org.chromatrix.dsa03.small\" target=\"_blank\"><img loading=\"lazy\" decoding=\"async\" class=\"alignnone wp-image-2767 size-full\" src=\"http:\/\/www.chromatrix.com\/wordpress\/wp-content\/uploads\/2015\/03\/Google-Play.png\" alt=\"Google Play\" width=\"216\" height=\"70\" srcset=\"https:\/\/www.chromatrix.com\/wordpress\/wp-content\/uploads\/2015\/03\/Google-Play.png 216w, https:\/\/www.chromatrix.com\/wordpress\/wp-content\/uploads\/2015\/03\/Google-Play-150x49.png 150w\" sizes=\"auto, (max-width: 216px) 100vw, 216px\" \/><\/a><\/p>\n<hr \/>\n<\/div>\n<\/div><\/div><\/div><div id=\"pgc-3332-1-1\"  class=\"panel-grid-cell\" ><div id=\"panel-3332-1-1-0\" class=\"so-panel widget widget_sow-editor panel-first-child panel-last-child\" data-index=\"2\" ><div\n\t\t\t\n\t\t\tclass=\"so-widget-sow-editor so-widget-sow-editor-base\"\n\t\t\t\n\t\t>\n<div class=\"siteorigin-widget-tinymce textwidget\">\n\t<div id=\"metaslider-id-3335\" style=\"max-width: 480px; margin: 0 auto;\" class=\"ml-slider-3-107-0 metaslider metaslider-flex metaslider-3335 ml-slider ms-theme-default nav-hidden\" role=\"region\" aria-label=\"Mond der Rache\" data-height=\"640\" data-width=\"480\">\n    <div id=\"metaslider_container_3335\">\n        <div id=\"metaslider_3335\">\n            <ul class='slides'>\n                <li style=\"display: block; width: 100%;\" class=\"slide-3330 ms-image \" aria-roledescription=\"slide\" data-date=\"2016-11-20 16:10:15\" data-filename=\"splashscreen.de_.png\" data-slide-type=\"image\"><img loading=\"lazy\" decoding=\"async\" width=\"720\" height=\"960\" src=\"https:\/\/www.chromatrix.com\/wordpress\/wp-content\/uploads\/2016\/11\/splashscreen.de_.png\" class=\"slider-3335 slide-3330 msDefaultImage\" alt=\"\" rel=\"\" title=\"DSA Mond der Rache\" srcset=\"https:\/\/www.chromatrix.com\/wordpress\/wp-content\/uploads\/2016\/11\/splashscreen.de_.png 720w, https:\/\/www.chromatrix.com\/wordpress\/wp-content\/uploads\/2016\/11\/splashscreen.de_-113x150.png 113w, https:\/\/www.chromatrix.com\/wordpress\/wp-content\/uploads\/2016\/11\/splashscreen.de_-225x300.png 225w, https:\/\/www.chromatrix.com\/wordpress\/wp-content\/uploads\/2016\/11\/splashscreen.de_-360x480.png 360w\" sizes=\"auto, (max-width: 720px) 100vw, 720px\" \/><\/li>\n                <li style=\"display: none; width: 100%;\" class=\"slide-3325 ms-image \" aria-roledescription=\"slide\" data-date=\"2016-11-20 16:01:52\" data-filename=\"Moon_of_Blood_Screenshot_11.png\" data-slide-type=\"image\"><img loading=\"lazy\" decoding=\"async\" width=\"640\" height=\"960\" src=\"https:\/\/www.chromatrix.com\/wordpress\/wp-content\/uploads\/2016\/11\/Moon_of_Blood_Screenshot_11.png\" class=\"slider-3335 slide-3325 msDefaultImage\" alt=\"\" rel=\"\" title=\"DSA Mond der Rache\" srcset=\"https:\/\/www.chromatrix.com\/wordpress\/wp-content\/uploads\/2016\/11\/Moon_of_Blood_Screenshot_11.png 640w, https:\/\/www.chromatrix.com\/wordpress\/wp-content\/uploads\/2016\/11\/Moon_of_Blood_Screenshot_11-100x150.png 100w, https:\/\/www.chromatrix.com\/wordpress\/wp-content\/uploads\/2016\/11\/Moon_of_Blood_Screenshot_11-200x300.png 200w, https:\/\/www.chromatrix.com\/wordpress\/wp-content\/uploads\/2016\/11\/Moon_of_Blood_Screenshot_11-320x480.png 320w\" sizes=\"auto, (max-width: 640px) 100vw, 640px\" \/><\/li>\n                <li style=\"display: none; width: 100%;\" class=\"slide-3326 ms-image \" aria-roledescription=\"slide\" data-date=\"2016-11-20 16:01:55\" data-filename=\"Moon_of_Blood_Screenshot_12.png\" data-slide-type=\"image\"><img loading=\"lazy\" decoding=\"async\" width=\"640\" height=\"960\" src=\"https:\/\/www.chromatrix.com\/wordpress\/wp-content\/uploads\/2016\/11\/Moon_of_Blood_Screenshot_12.png\" class=\"slider-3335 slide-3326 msDefaultImage\" alt=\"\" rel=\"\" title=\"DSA Mond der Rache\" srcset=\"https:\/\/www.chromatrix.com\/wordpress\/wp-content\/uploads\/2016\/11\/Moon_of_Blood_Screenshot_12.png 640w, https:\/\/www.chromatrix.com\/wordpress\/wp-content\/uploads\/2016\/11\/Moon_of_Blood_Screenshot_12-100x150.png 100w, https:\/\/www.chromatrix.com\/wordpress\/wp-content\/uploads\/2016\/11\/Moon_of_Blood_Screenshot_12-200x300.png 200w, https:\/\/www.chromatrix.com\/wordpress\/wp-content\/uploads\/2016\/11\/Moon_of_Blood_Screenshot_12-320x480.png 320w\" sizes=\"auto, (max-width: 640px) 100vw, 640px\" \/><\/li>\n                <li style=\"display: none; width: 100%;\" class=\"slide-3323 ms-image \" aria-roledescription=\"slide\" data-date=\"2016-11-20 16:01:44\" data-filename=\"Moon_of_Blood_Screenshot_09.png\" data-slide-type=\"image\"><img loading=\"lazy\" decoding=\"async\" width=\"640\" height=\"960\" src=\"https:\/\/www.chromatrix.com\/wordpress\/wp-content\/uploads\/2016\/11\/Moon_of_Blood_Screenshot_09.png\" class=\"slider-3335 slide-3323 msDefaultImage\" alt=\"\" rel=\"\" title=\"DSA Mond der Rache\" srcset=\"https:\/\/www.chromatrix.com\/wordpress\/wp-content\/uploads\/2016\/11\/Moon_of_Blood_Screenshot_09.png 640w, https:\/\/www.chromatrix.com\/wordpress\/wp-content\/uploads\/2016\/11\/Moon_of_Blood_Screenshot_09-100x150.png 100w, https:\/\/www.chromatrix.com\/wordpress\/wp-content\/uploads\/2016\/11\/Moon_of_Blood_Screenshot_09-200x300.png 200w, https:\/\/www.chromatrix.com\/wordpress\/wp-content\/uploads\/2016\/11\/Moon_of_Blood_Screenshot_09-320x480.png 320w\" sizes=\"auto, (max-width: 640px) 100vw, 640px\" \/><\/li>\n                <li style=\"display: none; width: 100%;\" class=\"slide-3324 ms-image \" aria-roledescription=\"slide\" data-date=\"2016-11-20 16:01:48\" data-filename=\"Moon_of_Blood_Screenshot_10.png\" data-slide-type=\"image\"><img loading=\"lazy\" decoding=\"async\" width=\"640\" height=\"960\" src=\"https:\/\/www.chromatrix.com\/wordpress\/wp-content\/uploads\/2016\/11\/Moon_of_Blood_Screenshot_10.png\" class=\"slider-3335 slide-3324 msDefaultImage\" alt=\"\" rel=\"\" title=\"DSA Mond der Rache\" srcset=\"https:\/\/www.chromatrix.com\/wordpress\/wp-content\/uploads\/2016\/11\/Moon_of_Blood_Screenshot_10.png 640w, https:\/\/www.chromatrix.com\/wordpress\/wp-content\/uploads\/2016\/11\/Moon_of_Blood_Screenshot_10-100x150.png 100w, https:\/\/www.chromatrix.com\/wordpress\/wp-content\/uploads\/2016\/11\/Moon_of_Blood_Screenshot_10-200x300.png 200w, https:\/\/www.chromatrix.com\/wordpress\/wp-content\/uploads\/2016\/11\/Moon_of_Blood_Screenshot_10-320x480.png 320w\" sizes=\"auto, (max-width: 640px) 100vw, 640px\" \/><\/li>\n                <li style=\"display: none; width: 100%;\" class=\"slide-3327 ms-image \" aria-roledescription=\"slide\" data-date=\"2016-11-20 16:02:06\" data-filename=\"Moon_of_Blood_Screenshot_13.png\" data-slide-type=\"image\"><img loading=\"lazy\" decoding=\"async\" width=\"640\" height=\"960\" src=\"https:\/\/www.chromatrix.com\/wordpress\/wp-content\/uploads\/2016\/11\/Moon_of_Blood_Screenshot_13.png\" class=\"slider-3335 slide-3327 msDefaultImage\" alt=\"\" rel=\"\" title=\"DSA Mond der Rache\" srcset=\"https:\/\/www.chromatrix.com\/wordpress\/wp-content\/uploads\/2016\/11\/Moon_of_Blood_Screenshot_13.png 640w, https:\/\/www.chromatrix.com\/wordpress\/wp-content\/uploads\/2016\/11\/Moon_of_Blood_Screenshot_13-100x150.png 100w, https:\/\/www.chromatrix.com\/wordpress\/wp-content\/uploads\/2016\/11\/Moon_of_Blood_Screenshot_13-200x300.png 200w, https:\/\/www.chromatrix.com\/wordpress\/wp-content\/uploads\/2016\/11\/Moon_of_Blood_Screenshot_13-320x480.png 320w\" sizes=\"auto, (max-width: 640px) 100vw, 640px\" \/><\/li>\n            <\/ul>\n        <\/div>\n        \n    <\/div>\n<\/div>\n<\/div>\n<\/div><\/div><\/div><div id=\"pgc-3332-1-2\"  class=\"panel-grid-cell\" ><div id=\"panel-3332-1-2-0\" class=\"so-panel widget widget_sow-editor panel-first-child panel-last-child\" data-index=\"3\" ><div\n\t\t\t\n\t\t\tclass=\"so-widget-sow-editor so-widget-sow-editor-base\"\n\t\t\t\n\t\t>\n<div class=\"siteorigin-widget-tinymce textwidget\">\n\t<p><strong>Features<\/strong><\/p>\n<p>- Zwei weitere Helden: Zwerg und Magierin<\/p>\n<p>- Eigenschaften, Fertigkeiten, Kampfman\u00f6ver<\/p>\n<p>- Zauberspr\u00fcchen u. v. m.<\/p>\n<p>- \u00dcber 50 Waffen und R\u00fcstungen<\/p>\n<p>- Krieger, Bogensch\u00fctzen, Magier, Schamanen<\/p>\n<p>- Blutr\u00fcnstige Orks und schreckliche Kreaturen<\/p>\n<p>- Rammb\u00f6cke, Katapulte, gef\u00fcrchtete Ogerl\u00f6ffel<\/p>\n<p>- Wach- und Gesch\u00fctzt\u00fcrme<\/p>\n<p>- Epische Kampagne f\u00fcr unz\u00e4hlige Spielstunden<\/p>\n<p>- Vielf\u00e4ltige Missionen mit offensiven und defensiven Strategien<\/p>\n<p>- Manuelle und automatische Spielst\u00e4nde<\/p>\n<p>- Laden der Helden aus Teil 1 und \u00dcbertragung in Teil 3<\/p>\n<p>- Vier jederzeit \u00e4nderbare Schwierigkeitsgrade<\/p>\n<p>- 6 frei w\u00e4hlbare Sprachen: Deutsch, Englisch, Franz\u00f6sisch, Italienisch, Spanisch, Portugiesisch (Brasilianisch)<\/p>\n<p>- <strong>Keine Werbung!<\/strong><\/p>\n<hr \/>\n<p>\u00a0<\/p>\n<\/div>\n<\/div><\/div><\/div><\/div><div id=\"pg-3332-2\"  class=\"panel-grid panel-no-style\" ><div id=\"pgc-3332-2-0\"  class=\"panel-grid-cell\" ><div id=\"panel-3332-2-0-0\" class=\"so-panel widget widget_sow-editor panel-first-child panel-last-child\" data-index=\"4\" ><div\n\t\t\t\n\t\t\tclass=\"so-widget-sow-editor so-widget-sow-editor-base\"\n\t\t\t\n\t\t>\n<div class=\"siteorigin-widget-tinymce textwidget\">\n\t<p><strong>Beschreibung<\/strong><\/p>\n<p>Erlebe den zweiten Teil eines epischen Abenteuers gegen blutr\u00fcnstige Orks in einem rundenbasierten Strategiespiel in Europas gr\u00f6\u00dftem Fantasy Rollenspiel-Universum Das Schwarze Auge. Mit Schwertk\u00e4mpfern, Bogensch\u00fctzen und sogar Belagerungswaffen streitest du gegen furchterregende Kreaturen und stellst dich den Herausforderungen in vielf\u00e4ltigen Angriffs- und Verteidigungs-Missionen. Zu deinem Abenteurer und deiner Elfin gesellen sich bald weitere Helden, deren Eigenschaften, Fertigkeiten, Kampfman\u00f6ver, Zauberspr\u00fcche und individuelle Vorteile du selbst bestimmst.<\/p>\n<p>Mond der Rache bietet dir sechs weitere Missionen mit gr\u00f6\u00dferen Karten, umfangreicheren Aufgaben und steigenden Herausforderungen. Pack es an!<\/p>\n<hr \/>\n<p><strong>Kostenlose Demo Version<\/strong><\/p>\n<p>Die Demo enth\u00e4lt die ersten vier Missionen und gibt dir einen Vorgeschmack auf das was dich erwartet. Einfach downloaden, installieren und los geht's. Auch die Demo gibt es in niedriger Aufl\u00f6sung.<\/p>\n<p>\u00a0<\/p>\n<\/div>\n<\/div><\/div><\/div><\/div><div id=\"pg-3332-3\"  class=\"panel-grid panel-no-style\" ><div id=\"pgc-3332-3-0\"  class=\"panel-grid-cell\" ><div id=\"panel-3332-3-0-0\" class=\"so-panel widget widget_sow-editor panel-first-child panel-last-child\" data-index=\"5\" ><div\n\t\t\t\n\t\t\tclass=\"so-widget-sow-editor so-widget-sow-editor-base\"\n\t\t\t\n\t\t>\n<div class=\"siteorigin-widget-tinymce textwidget\">\n\t<p>Normale Demo Version<\/p>\n<p><a href=\"https:\/\/play.google.com\/store\/apps\/details?id=org.chromatrix.dsa05\" target=\"_blank\"><img loading=\"lazy\" decoding=\"async\" class=\"alignleft wp-image-2767 size-full\" src=\"http:\/\/www.chromatrix.com\/wordpress\/wp-content\/uploads\/2015\/03\/Google-Play.png\" alt=\"Google Play\" width=\"216\" height=\"70\" srcset=\"https:\/\/www.chromatrix.com\/wordpress\/wp-content\/uploads\/2015\/03\/Google-Play.png 216w, https:\/\/www.chromatrix.com\/wordpress\/wp-content\/uploads\/2015\/03\/Google-Play-150x49.png 150w\" sizes=\"auto, (max-width: 216px) 100vw, 216px\" \/><\/a><\/p>\n<\/div>\n<\/div><\/div><\/div><div id=\"pgc-3332-3-1\"  class=\"panel-grid-cell\" ><div id=\"panel-3332-3-1-0\" class=\"so-panel widget widget_sow-editor panel-first-child panel-last-child\" data-index=\"6\" ><div\n\t\t\t\n\t\t\tclass=\"so-widget-sow-editor so-widget-sow-editor-base\"\n\t\t\t\n\t\t>\n<div class=\"siteorigin-widget-tinymce textwidget\">\n\t<p>Reduzierte Demo Version (480 * 800)<\/p>\n<p><a href=\"https:\/\/play.google.com\/store\/apps\/details?id=org.chromatrix.dsa05.small\" target=\"_blank\"><img loading=\"lazy\" decoding=\"async\" class=\"alignleft wp-image-2767 size-full\" src=\"http:\/\/www.chromatrix.com\/wordpress\/wp-content\/uploads\/2015\/03\/Google-Play.png\" alt=\"Google Play\" width=\"216\" height=\"70\" srcset=\"https:\/\/www.chromatrix.com\/wordpress\/wp-content\/uploads\/2015\/03\/Google-Play.png 216w, https:\/\/www.chromatrix.com\/wordpress\/wp-content\/uploads\/2015\/03\/Google-Play-150x49.png 150w\" sizes=\"auto, (max-width: 216px) 100vw, 216px\" \/><\/a><\/p>\n<\/div>\n<\/div><\/div><\/div><\/div><\/div>","protected":false},"excerpt":{"rendered":"<p>Mond der Rache\u00a0 Plattform Android Smartphones\/TabletsGenre Rundenbasiertes StrategiespielSetting Fantasy Rollenspiel &#8222;Das Schwarze Auge&#8220;Developer Chromatrix GmbHPublisher Chromatrix GmbHRelease November 2016Starte dein Abenteuer jetzt!Standard-Version von Mond der Rache:Reduzierte Aufl\u00f6sung optimiert f\u00fcr Displays mit 480 * 800 Pixel: Features- Zwei weitere Helden: Zwerg und Magierin- Eigenschaften, Fertigkeiten, Kampfman\u00f6ver- Zauberspr\u00fcchen u. v. m.- \u00dcber 50 Waffen und R\u00fcstungen- Krieger, [&hellip;]<\/p>\n","protected":false},"author":2,"featured_media":0,"parent":0,"menu_order":0,"comment_status":"closed","ping_status":"closed","template":"templates\/template-full-notitle.php","meta":{"footnotes":"","_links_to":"","_links_to_target":""},"class_list":["post-3332","page","type-page","status-publish","hentry","post"],"_links":{"self":[{"href":"https:\/\/www.chromatrix.com\/wordpress\/wp-json\/wp\/v2\/pages\/3332","targetHints":{"allow":["GET"]}}],"collection":[{"href":"https:\/\/www.chromatrix.com\/wordpress\/wp-json\/wp\/v2\/pages"}],"about":[{"href":"https:\/\/www.chromatrix.com\/wordpress\/wp-json\/wp\/v2\/types\/page"}],"author":[{"embeddable":true,"href":"https:\/\/www.chromatrix.com\/wordpress\/wp-json\/wp\/v2\/users\/2"}],"replies":[{"embeddable":true,"href":"https:\/\/www.chromatrix.com\/wordpress\/wp-json\/wp\/v2\/comments?post=3332"}],"version-history":[{"count":3,"href":"https:\/\/www.chromatrix.com\/wordpress\/wp-json\/wp\/v2\/pages\/3332\/revisions"}],"predecessor-version":[{"id":3341,"href":"https:\/\/www.chromatrix.com\/wordpress\/wp-json\/wp\/v2\/pages\/3332\/revisions\/3341"}],"wp:attachment":[{"href":"https:\/\/www.chromatrix.com\/wordpress\/wp-json\/wp\/v2\/media?parent=3332"}],"curies":[{"name":"wp","href":"https:\/\/api.w.org\/{rel}","templated":true}]}}