{"id":3211,"date":"2016-09-23T12:33:59","date_gmt":"2016-09-23T10:33:59","guid":{"rendered":"http:\/\/www.chromatrix.com\/wordpress\/?page_id=3211"},"modified":"2016-11-20T15:55:55","modified_gmt":"2016-11-20T13:55:55","slug":"mond-des-blutes-trilogie","status":"publish","type":"page","link":"https:\/\/www.chromatrix.com\/wordpress\/mond-des-blutes-trilogie\/","title":{"rendered":"Mond des Blutes Trilogie"},"content":{"rendered":"<div id=\"pl-3211\"  class=\"panel-layout\" ><div id=\"pg-3211-0\"  class=\"panel-grid panel-no-style\" ><div id=\"pgc-3211-0-0\"  class=\"panel-grid-cell\" ><div id=\"panel-3211-0-0-0\" class=\"so-panel widget widget_sow-editor panel-first-child panel-last-child\" data-index=\"0\" ><div\n\t\t\t\n\t\t\tclass=\"so-widget-sow-editor so-widget-sow-editor-base\"\n\t\t\t\n\t\t>\n<div class=\"siteorigin-widget-tinymce textwidget\">\n\t<h1 style=\"text-align: center;\">Mond des Blutes Trilogie<\/h1>\n<p>\u00a0<\/p>\n<\/div>\n<\/div><\/div><\/div><\/div><div id=\"pg-3211-1\"  class=\"panel-grid panel-no-style\" ><div id=\"pgc-3211-1-0\"  class=\"panel-grid-cell\" ><div id=\"panel-3211-1-0-0\" class=\"so-panel widget widget_sow-editor panel-first-child panel-last-child\" data-index=\"1\" ><div\n\t\t\t\n\t\t\tclass=\"so-widget-sow-editor so-widget-sow-editor-base\"\n\t\t\t\n\t\t>\n<div class=\"siteorigin-widget-tinymce textwidget\">\n\t<p style=\"text-align: left;\"><strong>Plattform<\/strong><br \/> Android Smartphones\/Tablets<\/p>\n<p><strong>Genre<\/strong><br \/> Rundenbasiertes Strategiespiel<\/p>\n<p><strong>Setting<\/strong><br \/> Fantasy Rollenspiel \"Das Schwarze Auge\"<\/p>\n<p><strong>Developer<\/strong><br \/> Chromatrix GmbH<\/p>\n<p><strong>Publisher<\/strong><br \/> Chromatrix GmbH<\/p>\n<p><strong>Release<\/strong><br \/> September 2016<\/p>\n<hr \/>\n<p><strong>Starte dein Abenteuer jetzt!<br \/><\/strong><\/p>\n<p>Standard-Version von <strong>Mond des Blutes<\/strong>:<\/p>\n<p><a href=\"https:\/\/play.google.com\/store\/apps\/details?id=org.chromatrix.dsa02.big\" target=\"_blank\"><img loading=\"lazy\" decoding=\"async\" class=\"alignnone wp-image-2767 size-full\" src=\"http:\/\/www.chromatrix.com\/wordpress\/wp-content\/uploads\/2015\/03\/Google-Play.png\" alt=\"Google Play\" width=\"216\" height=\"70\" srcset=\"https:\/\/www.chromatrix.com\/wordpress\/wp-content\/uploads\/2015\/03\/Google-Play.png 216w, https:\/\/www.chromatrix.com\/wordpress\/wp-content\/uploads\/2015\/03\/Google-Play-150x49.png 150w\" sizes=\"auto, (max-width: 216px) 100vw, 216px\" \/><\/a><\/p>\n<p>Reduzierte Aufl\u00f6sung optimiert f\u00fcr Displays mit 480 * 800 Pixel:<\/p>\n<p><a href=\"https:\/\/play.google.com\/store\/apps\/details?id=org.chromatrix.dsa02.small\" target=\"_blank\"><img loading=\"lazy\" decoding=\"async\" class=\"alignnone wp-image-2767 size-full\" src=\"http:\/\/www.chromatrix.com\/wordpress\/wp-content\/uploads\/2015\/03\/Google-Play.png\" alt=\"Google Play\" width=\"216\" height=\"70\" srcset=\"https:\/\/www.chromatrix.com\/wordpress\/wp-content\/uploads\/2015\/03\/Google-Play.png 216w, https:\/\/www.chromatrix.com\/wordpress\/wp-content\/uploads\/2015\/03\/Google-Play-150x49.png 150w\" sizes=\"auto, (max-width: 216px) 100vw, 216px\" \/><\/a><\/p>\n<hr \/>\n<\/div>\n<\/div><\/div><\/div><div id=\"pgc-3211-1-1\"  class=\"panel-grid-cell\" ><div id=\"panel-3211-1-1-0\" class=\"so-panel widget widget_sow-editor panel-first-child panel-last-child\" data-index=\"2\" ><div\n\t\t\t\n\t\t\tclass=\"so-widget-sow-editor so-widget-sow-editor-base\"\n\t\t\t\n\t\t>\n<div class=\"siteorigin-widget-tinymce textwidget\">\n\t<div id=\"metaslider-id-3217\" style=\"max-width: 480px; margin: 0 auto;\" class=\"ml-slider-3-107-0 metaslider metaslider-flex metaslider-3217 ml-slider ms-theme-default nav-hidden\" role=\"region\" aria-label=\"Mond Trilogie\" data-height=\"640\" data-width=\"480\">\n    <div id=\"metaslider_container_3217\">\n        <div id=\"metaslider_3217\">\n            <ul class='slides'>\n                <li style=\"display: block; width: 100%;\" class=\"slide-3205 ms-image \" aria-roledescription=\"slide\" data-date=\"2016-09-20 11:24:36\" data-filename=\"splashscreen.de_.png\" data-slide-type=\"image\"><img loading=\"lazy\" decoding=\"async\" width=\"720\" height=\"960\" src=\"https:\/\/www.chromatrix.com\/wordpress\/wp-content\/uploads\/2016\/09\/splashscreen.de_.png\" class=\"slider-3217 slide-3205 msDefaultImage\" alt=\"\" rel=\"\" title=\"DSA Mond des Blutes\" srcset=\"https:\/\/www.chromatrix.com\/wordpress\/wp-content\/uploads\/2016\/09\/splashscreen.de_.png 720w, https:\/\/www.chromatrix.com\/wordpress\/wp-content\/uploads\/2016\/09\/splashscreen.de_-113x150.png 113w, https:\/\/www.chromatrix.com\/wordpress\/wp-content\/uploads\/2016\/09\/splashscreen.de_-225x300.png 225w, https:\/\/www.chromatrix.com\/wordpress\/wp-content\/uploads\/2016\/09\/splashscreen.de_-360x480.png 360w\" sizes=\"auto, (max-width: 720px) 100vw, 720px\" \/><\/li>\n                <li style=\"display: none; width: 100%;\" class=\"slide-3232 ms-image \" aria-roledescription=\"slide\" data-date=\"2016-09-22 20:09:50\" data-filename=\"Moon_of_Blood_Screenshot_01.png\" data-slide-type=\"image\"><img loading=\"lazy\" decoding=\"async\" width=\"640\" height=\"960\" src=\"https:\/\/www.chromatrix.com\/wordpress\/wp-content\/uploads\/2016\/09\/Moon_of_Blood_Screenshot_01.png\" class=\"slider-3217 slide-3232 msDefaultImage\" alt=\"\" rel=\"\" title=\"DSA Mond des Blutes\" srcset=\"https:\/\/www.chromatrix.com\/wordpress\/wp-content\/uploads\/2016\/09\/Moon_of_Blood_Screenshot_01.png 640w, https:\/\/www.chromatrix.com\/wordpress\/wp-content\/uploads\/2016\/09\/Moon_of_Blood_Screenshot_01-100x150.png 100w, https:\/\/www.chromatrix.com\/wordpress\/wp-content\/uploads\/2016\/09\/Moon_of_Blood_Screenshot_01-200x300.png 200w, https:\/\/www.chromatrix.com\/wordpress\/wp-content\/uploads\/2016\/09\/Moon_of_Blood_Screenshot_01-320x480.png 320w\" sizes=\"auto, (max-width: 640px) 100vw, 640px\" \/><\/li>\n                <li style=\"display: none; width: 100%;\" class=\"slide-3233 ms-image \" aria-roledescription=\"slide\" data-date=\"2016-09-22 20:09:56\" data-filename=\"Moon_of_Blood_Screenshot_02.png\" data-slide-type=\"image\"><img loading=\"lazy\" decoding=\"async\" width=\"640\" height=\"960\" src=\"https:\/\/www.chromatrix.com\/wordpress\/wp-content\/uploads\/2016\/09\/Moon_of_Blood_Screenshot_02.png\" class=\"slider-3217 slide-3233 msDefaultImage\" alt=\"\" rel=\"\" title=\"DSA Mond des Blutes\" srcset=\"https:\/\/www.chromatrix.com\/wordpress\/wp-content\/uploads\/2016\/09\/Moon_of_Blood_Screenshot_02.png 640w, https:\/\/www.chromatrix.com\/wordpress\/wp-content\/uploads\/2016\/09\/Moon_of_Blood_Screenshot_02-100x150.png 100w, https:\/\/www.chromatrix.com\/wordpress\/wp-content\/uploads\/2016\/09\/Moon_of_Blood_Screenshot_02-200x300.png 200w, https:\/\/www.chromatrix.com\/wordpress\/wp-content\/uploads\/2016\/09\/Moon_of_Blood_Screenshot_02-320x480.png 320w\" sizes=\"auto, (max-width: 640px) 100vw, 640px\" \/><\/li>\n                <li style=\"display: none; width: 100%;\" class=\"slide-3234 ms-image \" aria-roledescription=\"slide\" data-date=\"2016-09-22 20:10:05\" data-filename=\"Moon_of_Blood_Screenshot_03.png\" data-slide-type=\"image\"><img loading=\"lazy\" decoding=\"async\" width=\"640\" height=\"960\" src=\"https:\/\/www.chromatrix.com\/wordpress\/wp-content\/uploads\/2016\/09\/Moon_of_Blood_Screenshot_03.png\" class=\"slider-3217 slide-3234 msDefaultImage\" alt=\"\" rel=\"\" title=\"DSA Mond des Blutes\" srcset=\"https:\/\/www.chromatrix.com\/wordpress\/wp-content\/uploads\/2016\/09\/Moon_of_Blood_Screenshot_03.png 640w, https:\/\/www.chromatrix.com\/wordpress\/wp-content\/uploads\/2016\/09\/Moon_of_Blood_Screenshot_03-100x150.png 100w, https:\/\/www.chromatrix.com\/wordpress\/wp-content\/uploads\/2016\/09\/Moon_of_Blood_Screenshot_03-200x300.png 200w, https:\/\/www.chromatrix.com\/wordpress\/wp-content\/uploads\/2016\/09\/Moon_of_Blood_Screenshot_03-320x480.png 320w\" sizes=\"auto, (max-width: 640px) 100vw, 640px\" \/><\/li>\n                <li style=\"display: none; width: 100%;\" class=\"slide-3235 ms-image \" aria-roledescription=\"slide\" data-date=\"2016-09-22 20:10:12\" data-filename=\"Moon_of_Blood_Screenshot_04.png\" data-slide-type=\"image\"><img loading=\"lazy\" decoding=\"async\" width=\"640\" height=\"960\" src=\"https:\/\/www.chromatrix.com\/wordpress\/wp-content\/uploads\/2016\/09\/Moon_of_Blood_Screenshot_04.png\" class=\"slider-3217 slide-3235 msDefaultImage\" alt=\"\" rel=\"\" title=\"DSA Mond des Blutes\" srcset=\"https:\/\/www.chromatrix.com\/wordpress\/wp-content\/uploads\/2016\/09\/Moon_of_Blood_Screenshot_04.png 640w, https:\/\/www.chromatrix.com\/wordpress\/wp-content\/uploads\/2016\/09\/Moon_of_Blood_Screenshot_04-100x150.png 100w, https:\/\/www.chromatrix.com\/wordpress\/wp-content\/uploads\/2016\/09\/Moon_of_Blood_Screenshot_04-200x300.png 200w, https:\/\/www.chromatrix.com\/wordpress\/wp-content\/uploads\/2016\/09\/Moon_of_Blood_Screenshot_04-320x480.png 320w\" sizes=\"auto, (max-width: 640px) 100vw, 640px\" \/><\/li>\n                <li style=\"display: none; width: 100%;\" class=\"slide-3236 ms-image \" aria-roledescription=\"slide\" data-date=\"2016-09-22 20:10:17\" data-filename=\"Moon_of_Blood_Screenshot_05.png\" data-slide-type=\"image\"><img loading=\"lazy\" decoding=\"async\" width=\"640\" height=\"960\" src=\"https:\/\/www.chromatrix.com\/wordpress\/wp-content\/uploads\/2016\/09\/Moon_of_Blood_Screenshot_05.png\" class=\"slider-3217 slide-3236 msDefaultImage\" alt=\"\" rel=\"\" title=\"DSA Mond des Blutes\" srcset=\"https:\/\/www.chromatrix.com\/wordpress\/wp-content\/uploads\/2016\/09\/Moon_of_Blood_Screenshot_05.png 640w, https:\/\/www.chromatrix.com\/wordpress\/wp-content\/uploads\/2016\/09\/Moon_of_Blood_Screenshot_05-100x150.png 100w, https:\/\/www.chromatrix.com\/wordpress\/wp-content\/uploads\/2016\/09\/Moon_of_Blood_Screenshot_05-200x300.png 200w, https:\/\/www.chromatrix.com\/wordpress\/wp-content\/uploads\/2016\/09\/Moon_of_Blood_Screenshot_05-320x480.png 320w\" sizes=\"auto, (max-width: 640px) 100vw, 640px\" \/><\/li>\n                <li style=\"display: none; width: 100%;\" class=\"slide-3237 ms-image \" aria-roledescription=\"slide\" data-date=\"2016-09-22 20:10:24\" data-filename=\"Moon_of_Blood_Screenshot_06.png\" data-slide-type=\"image\"><img loading=\"lazy\" decoding=\"async\" width=\"640\" height=\"960\" src=\"https:\/\/www.chromatrix.com\/wordpress\/wp-content\/uploads\/2016\/09\/Moon_of_Blood_Screenshot_06.png\" class=\"slider-3217 slide-3237 msDefaultImage\" alt=\"\" rel=\"\" title=\"DSA Mond des Blutes\" srcset=\"https:\/\/www.chromatrix.com\/wordpress\/wp-content\/uploads\/2016\/09\/Moon_of_Blood_Screenshot_06.png 640w, https:\/\/www.chromatrix.com\/wordpress\/wp-content\/uploads\/2016\/09\/Moon_of_Blood_Screenshot_06-100x150.png 100w, https:\/\/www.chromatrix.com\/wordpress\/wp-content\/uploads\/2016\/09\/Moon_of_Blood_Screenshot_06-200x300.png 200w, https:\/\/www.chromatrix.com\/wordpress\/wp-content\/uploads\/2016\/09\/Moon_of_Blood_Screenshot_06-320x480.png 320w\" sizes=\"auto, (max-width: 640px) 100vw, 640px\" \/><\/li>\n                <li style=\"display: none; width: 100%;\" class=\"slide-3238 ms-image \" aria-roledescription=\"slide\" data-date=\"2016-09-22 20:10:29\" data-filename=\"Moon_of_Blood_Screenshot_07.png\" data-slide-type=\"image\"><img loading=\"lazy\" decoding=\"async\" width=\"640\" height=\"960\" src=\"https:\/\/www.chromatrix.com\/wordpress\/wp-content\/uploads\/2016\/09\/Moon_of_Blood_Screenshot_07.png\" class=\"slider-3217 slide-3238 msDefaultImage\" alt=\"\" rel=\"\" title=\"DSA Mond des Blutes\" srcset=\"https:\/\/www.chromatrix.com\/wordpress\/wp-content\/uploads\/2016\/09\/Moon_of_Blood_Screenshot_07.png 640w, https:\/\/www.chromatrix.com\/wordpress\/wp-content\/uploads\/2016\/09\/Moon_of_Blood_Screenshot_07-100x150.png 100w, https:\/\/www.chromatrix.com\/wordpress\/wp-content\/uploads\/2016\/09\/Moon_of_Blood_Screenshot_07-200x300.png 200w, https:\/\/www.chromatrix.com\/wordpress\/wp-content\/uploads\/2016\/09\/Moon_of_Blood_Screenshot_07-320x480.png 320w\" sizes=\"auto, (max-width: 640px) 100vw, 640px\" \/><\/li>\n                <li style=\"display: none; width: 100%;\" class=\"slide-3239 ms-image \" aria-roledescription=\"slide\" data-date=\"2016-09-22 20:10:35\" data-filename=\"Moon_of_Blood_Screenshot_08.png\" data-slide-type=\"image\"><img loading=\"lazy\" decoding=\"async\" width=\"640\" height=\"960\" src=\"https:\/\/www.chromatrix.com\/wordpress\/wp-content\/uploads\/2016\/09\/Moon_of_Blood_Screenshot_08.png\" class=\"slider-3217 slide-3239 msDefaultImage\" alt=\"\" rel=\"\" title=\"DSA Mond des Blutes\" srcset=\"https:\/\/www.chromatrix.com\/wordpress\/wp-content\/uploads\/2016\/09\/Moon_of_Blood_Screenshot_08.png 640w, https:\/\/www.chromatrix.com\/wordpress\/wp-content\/uploads\/2016\/09\/Moon_of_Blood_Screenshot_08-100x150.png 100w, https:\/\/www.chromatrix.com\/wordpress\/wp-content\/uploads\/2016\/09\/Moon_of_Blood_Screenshot_08-200x300.png 200w, https:\/\/www.chromatrix.com\/wordpress\/wp-content\/uploads\/2016\/09\/Moon_of_Blood_Screenshot_08-320x480.png 320w\" sizes=\"auto, (max-width: 640px) 100vw, 640px\" \/><\/li>\n            <\/ul>\n        <\/div>\n        \n    <\/div>\n<\/div>\n<\/div>\n<\/div><\/div><\/div><div id=\"pgc-3211-1-2\"  class=\"panel-grid-cell\" ><div id=\"panel-3211-1-2-0\" class=\"so-panel widget widget_sow-editor panel-first-child panel-last-child\" data-index=\"3\" ><div\n\t\t\t\n\t\t\tclass=\"so-widget-sow-editor so-widget-sow-editor-base\"\n\t\t\t\n\t\t>\n<div class=\"siteorigin-widget-tinymce textwidget\">\n\t<p><strong>Features<\/strong><\/p>\n<p>- Detaillierte Heldenentwicklung mit<\/p>\n<p>- Eigenschaften, Fertigkeiten, Kampfman\u00f6ver<\/p>\n<p>- Zauberspr\u00fcchen u. v. m.<\/p>\n<p>- \u00dcber 50 Waffen und R\u00fcstungen<\/p>\n<p>- Krieger, Bogensch\u00fctzen, Magier, Schamanen<\/p>\n<p>- Blutr\u00fcnstige Orks und schreckliche Kreaturen<\/p>\n<p>- Belagerungswaffen und Festungsbauten<\/p>\n<p>- Epische Kampagne f\u00fcr unz\u00e4hlige Spielstunden<\/p>\n<p>- Vielf\u00e4ltige Missionen mit offensiven und defensiven Strategien<\/p>\n<p>- Manuelle und automatische Spielst\u00e4nde<\/p>\n<p>- \u00dcbertragung der Helden in Teil 2 und 3<\/p>\n<p>- Vier jederzeit \u00e4nderbare Schwierigkeitsgrade<\/p>\n<p>- 6 frei w\u00e4hlbare Sprachen: Deutsch, Englisch, Franz\u00f6sisch, Italienisch, Spanisch, Portugiesisch (Brasilianisch)<\/p>\n<p>- <strong>Keine Werbung!<\/strong><\/p>\n<p>Teil 2 <strong>Mond der Rache<\/strong> und Teil 3 <strong>Mond des Todes<\/strong> werden bis Ende 2016 ver\u00f6ffentlicht.<\/p>\n<hr \/>\n<p>\u00a0<\/p>\n<\/div>\n<\/div><\/div><\/div><\/div><div id=\"pg-3211-2\"  class=\"panel-grid panel-no-style\" ><div id=\"pgc-3211-2-0\"  class=\"panel-grid-cell\" ><div id=\"panel-3211-2-0-0\" class=\"so-panel widget widget_sow-editor panel-first-child panel-last-child\" data-index=\"4\" ><div\n\t\t\t\n\t\t\tclass=\"so-widget-sow-editor so-widget-sow-editor-base\"\n\t\t\t\n\t\t>\n<div class=\"siteorigin-widget-tinymce textwidget\">\n\t<p><strong>Beschreibung<\/strong><\/p>\n<p>Erlebe ein episches Abenteuer gegen blutr\u00fcnstige Orks in einem rundenbasierten Strategiespiel in Europas gr\u00f6\u00dftem Fantasy Rollenspiel-Universum Das Schwarze Auge. Mit Schwertk\u00e4mpfern, Bogensch\u00fctzen und sogar Belagerungswaffen streitest du gegen furchterregende Kreaturen und stellst dich den Herausforderungen in vielf\u00e4ltigen Angriffs- und Verteidigungs-Missionen. Zu deinem Abenteurer gesellen sich bald weitere Helden, deren Eigenschaften, Fertigkeiten, Kampfman\u00f6ver, Zauberspr\u00fcche und individuelle Vorteile du selbst bestimmst.<\/p>\n<p>Mond des Blutes bietet dir sensationelle Spieltiefe, wie du sie noch nie auf Smartphones\/Tablets gesehen hast.<\/p>\n<hr \/>\n<p><strong>Kostenlose Demo Version<\/strong><\/p>\n<p>Die Demo enth\u00e4lt die ersten vier Missionen und gibt dir einen Vorgeschmack auf das was dich erwartet. Einfach downloaden, installieren und los geht's. Auch die Demo gibt es in niedriger Aufl\u00f6sung.<\/p>\n<p>\u00a0<\/p>\n<\/div>\n<\/div><\/div><\/div><\/div><div id=\"pg-3211-3\"  class=\"panel-grid panel-no-style\" ><div id=\"pgc-3211-3-0\"  class=\"panel-grid-cell\" ><div id=\"panel-3211-3-0-0\" class=\"so-panel widget widget_sow-editor panel-first-child panel-last-child\" data-index=\"5\" ><div\n\t\t\t\n\t\t\tclass=\"so-widget-sow-editor so-widget-sow-editor-base\"\n\t\t\t\n\t\t>\n<div class=\"siteorigin-widget-tinymce textwidget\">\n\t<p>Normale Demo Version<\/p>\n<p><a href=\"https:\/\/play.google.com\/store\/apps\/details?id=org.chromatrix.dsa05\" target=\"_blank\"><img loading=\"lazy\" decoding=\"async\" class=\"alignleft wp-image-2767 size-full\" src=\"http:\/\/www.chromatrix.com\/wordpress\/wp-content\/uploads\/2015\/03\/Google-Play.png\" alt=\"Google Play\" width=\"216\" height=\"70\" srcset=\"https:\/\/www.chromatrix.com\/wordpress\/wp-content\/uploads\/2015\/03\/Google-Play.png 216w, https:\/\/www.chromatrix.com\/wordpress\/wp-content\/uploads\/2015\/03\/Google-Play-150x49.png 150w\" sizes=\"auto, (max-width: 216px) 100vw, 216px\" \/><\/a><\/p>\n<\/div>\n<\/div><\/div><\/div><div id=\"pgc-3211-3-1\"  class=\"panel-grid-cell\" ><div id=\"panel-3211-3-1-0\" class=\"so-panel widget widget_sow-editor panel-first-child panel-last-child\" data-index=\"6\" ><div\n\t\t\t\n\t\t\tclass=\"so-widget-sow-editor so-widget-sow-editor-base\"\n\t\t\t\n\t\t>\n<div class=\"siteorigin-widget-tinymce textwidget\">\n\t<p>Reduzierte Demo Version (480 * 800)<\/p>\n<p><a href=\"https:\/\/play.google.com\/store\/apps\/details?id=org.chromatrix.dsa05.small\" target=\"_blank\"><img loading=\"lazy\" decoding=\"async\" class=\"alignleft wp-image-2767 size-full\" src=\"http:\/\/www.chromatrix.com\/wordpress\/wp-content\/uploads\/2015\/03\/Google-Play.png\" alt=\"Google Play\" width=\"216\" height=\"70\" srcset=\"https:\/\/www.chromatrix.com\/wordpress\/wp-content\/uploads\/2015\/03\/Google-Play.png 216w, https:\/\/www.chromatrix.com\/wordpress\/wp-content\/uploads\/2015\/03\/Google-Play-150x49.png 150w\" sizes=\"auto, (max-width: 216px) 100vw, 216px\" \/><\/a><\/p>\n<\/div>\n<\/div><\/div><\/div><\/div><\/div>","protected":false},"excerpt":{"rendered":"<p>Mond des Blutes Trilogie\u00a0 Plattform Android Smartphones\/TabletsGenre Rundenbasiertes StrategiespielSetting Fantasy Rollenspiel &#8222;Das Schwarze Auge&#8220;Developer Chromatrix GmbHPublisher Chromatrix GmbHRelease September 2016Starte dein Abenteuer jetzt!Standard-Version von Mond des Blutes:Reduzierte Aufl\u00f6sung optimiert f\u00fcr Displays mit 480 * 800 Pixel: Features- Detaillierte Heldenentwicklung mit- Eigenschaften, Fertigkeiten, Kampfman\u00f6ver- Zauberspr\u00fcchen u. v. m.- \u00dcber 50 Waffen und R\u00fcstungen- Krieger, Bogensch\u00fctzen, Magier, [&hellip;]<\/p>\n","protected":false},"author":2,"featured_media":0,"parent":0,"menu_order":0,"comment_status":"closed","ping_status":"closed","template":"templates\/template-full-notitle.php","meta":{"footnotes":"","_links_to":"","_links_to_target":""},"class_list":["post-3211","page","type-page","status-publish","hentry","post"],"_links":{"self":[{"href":"https:\/\/www.chromatrix.com\/wordpress\/wp-json\/wp\/v2\/pages\/3211","targetHints":{"allow":["GET"]}}],"collection":[{"href":"https:\/\/www.chromatrix.com\/wordpress\/wp-json\/wp\/v2\/pages"}],"about":[{"href":"https:\/\/www.chromatrix.com\/wordpress\/wp-json\/wp\/v2\/types\/page"}],"author":[{"embeddable":true,"href":"https:\/\/www.chromatrix.com\/wordpress\/wp-json\/wp\/v2\/users\/2"}],"replies":[{"embeddable":true,"href":"https:\/\/www.chromatrix.com\/wordpress\/wp-json\/wp\/v2\/comments?post=3211"}],"version-history":[{"count":30,"href":"https:\/\/www.chromatrix.com\/wordpress\/wp-json\/wp\/v2\/pages\/3211\/revisions"}],"predecessor-version":[{"id":3320,"href":"https:\/\/www.chromatrix.com\/wordpress\/wp-json\/wp\/v2\/pages\/3211\/revisions\/3320"}],"wp:attachment":[{"href":"https:\/\/www.chromatrix.com\/wordpress\/wp-json\/wp\/v2\/media?parent=3211"}],"curies":[{"name":"wp","href":"https:\/\/api.w.org\/{rel}","templated":true}]}}