{"id":3091,"date":"2015-11-29T18:34:26","date_gmt":"2015-11-29T16:34:26","guid":{"rendered":"http:\/\/www.chromatrix.com\/wordpress\/?page_id=3091"},"modified":"2015-12-01T21:41:03","modified_gmt":"2015-12-01T19:41:03","slug":"mordillo-puzzle-de","status":"publish","type":"page","link":"https:\/\/www.chromatrix.com\/wordpress\/mordillo-puzzle-de\/","title":{"rendered":"Mordillo Crazy Puzzle"},"content":{"rendered":"<div id=\"pl-3091\"  class=\"panel-layout\" ><div id=\"pg-3091-0\"  class=\"panel-grid panel-no-style\" ><div id=\"pgc-3091-0-0\"  class=\"panel-grid-cell\" ><div id=\"panel-3091-0-0-0\" class=\"so-panel widget widget_black-studio-tinymce widget_black_studio_tinymce panel-first-child panel-last-child\" data-index=\"0\" ><div class=\"textwidget\"><h1 style=\"text-align: center;\">Mordillo Crazy Puzzle<\/h1>\n<\/div><\/div><\/div><\/div><div id=\"pg-3091-1\"  class=\"panel-grid panel-no-style\" ><div id=\"pgc-3091-1-0\"  class=\"panel-grid-cell\" ><div id=\"panel-3091-1-0-0\" class=\"so-panel widget widget_black-studio-tinymce widget_black_studio_tinymce panel-first-child panel-last-child\" data-index=\"1\" ><div class=\"textwidget\"><p style=\"text-align: left;\"><strong>Plattform<\/strong><br \/> iOS, Android<\/p>\n<p><strong>Genre<\/strong><br \/> Puzzle-Game<\/p>\n<p><strong>Illustrator<\/strong><br \/> Guillermo Mordillo<\/p>\n<p><strong>Developer<\/strong><br \/> Chromatrix GmbH<\/p>\n<p><strong>Publisher<\/strong><br \/> Chromatrix GmbH<\/p>\n<p><strong>Release<\/strong><br \/> Dezember 2015<\/p>\n<hr \/>\n<\/div><\/div><\/div><div id=\"pgc-3091-1-1\"  class=\"panel-grid-cell\" ><div id=\"panel-3091-1-1-0\" class=\"so-panel widget widget_text panel-first-child panel-last-child\" data-index=\"2\" >\t\t\t<div class=\"textwidget\"><div id=\"metaslider-id-3099\" style=\"max-width: 1080px; margin: 0 auto;\" class=\"ml-slider-3-107-0 metaslider metaslider-flex metaslider-3099 ml-slider ms-theme-default nav-hidden\" role=\"region\" aria-label=\"Mordillo\" data-height=\"405\" data-width=\"1080\">\n    <div id=\"metaslider_container_3099\">\n        <div id=\"metaslider_3099\">\n            <ul class='slides'>\n                <li style=\"display: block; width: 100%;\" class=\"slide-3100 ms-image \" aria-roledescription=\"slide\" data-date=\"2015-11-29 18:49:20\" data-filename=\"Mordillo_CP01_1280_720.jpg\" data-slide-type=\"image\"><img loading=\"lazy\" decoding=\"async\" width=\"1280\" height=\"720\" src=\"https:\/\/www.chromatrix.com\/wordpress\/wp-content\/uploads\/2015\/11\/Mordillo_CP01_1280_720.jpg\" class=\"slider-3099 slide-3100 msDefaultImage\" alt=\"\" rel=\"\" title=\"Mordillo Puzzlegame\" srcset=\"https:\/\/www.chromatrix.com\/wordpress\/wp-content\/uploads\/2015\/11\/Mordillo_CP01_1280_720.jpg 1280w, https:\/\/www.chromatrix.com\/wordpress\/wp-content\/uploads\/2015\/11\/Mordillo_CP01_1280_720-150x84.jpg 150w, https:\/\/www.chromatrix.com\/wordpress\/wp-content\/uploads\/2015\/11\/Mordillo_CP01_1280_720-300x169.jpg 300w, https:\/\/www.chromatrix.com\/wordpress\/wp-content\/uploads\/2015\/11\/Mordillo_CP01_1280_720-768x432.jpg 768w, https:\/\/www.chromatrix.com\/wordpress\/wp-content\/uploads\/2015\/11\/Mordillo_CP01_1280_720-1024x576.jpg 1024w, https:\/\/www.chromatrix.com\/wordpress\/wp-content\/uploads\/2015\/11\/Mordillo_CP01_1280_720-480x270.jpg 480w\" sizes=\"auto, (max-width: 1280px) 100vw, 1280px\" \/><\/li>\n                <li style=\"display: none; width: 100%;\" class=\"slide-3101 ms-image \" aria-roledescription=\"slide\" data-date=\"2015-11-29 18:49:28\" data-filename=\"Mordillo_CP02_1280_720.jpg\" data-slide-type=\"image\"><img loading=\"lazy\" decoding=\"async\" width=\"1280\" height=\"720\" src=\"https:\/\/www.chromatrix.com\/wordpress\/wp-content\/uploads\/2015\/11\/Mordillo_CP02_1280_720.jpg\" class=\"slider-3099 slide-3101 msDefaultImage\" alt=\"\" rel=\"\" title=\"Mordillo Puzzlegame\" srcset=\"https:\/\/www.chromatrix.com\/wordpress\/wp-content\/uploads\/2015\/11\/Mordillo_CP02_1280_720.jpg 1280w, https:\/\/www.chromatrix.com\/wordpress\/wp-content\/uploads\/2015\/11\/Mordillo_CP02_1280_720-150x84.jpg 150w, https:\/\/www.chromatrix.com\/wordpress\/wp-content\/uploads\/2015\/11\/Mordillo_CP02_1280_720-300x169.jpg 300w, https:\/\/www.chromatrix.com\/wordpress\/wp-content\/uploads\/2015\/11\/Mordillo_CP02_1280_720-768x432.jpg 768w, https:\/\/www.chromatrix.com\/wordpress\/wp-content\/uploads\/2015\/11\/Mordillo_CP02_1280_720-1024x576.jpg 1024w, https:\/\/www.chromatrix.com\/wordpress\/wp-content\/uploads\/2015\/11\/Mordillo_CP02_1280_720-480x270.jpg 480w\" sizes=\"auto, (max-width: 1280px) 100vw, 1280px\" \/><\/li>\n                <li style=\"display: none; width: 100%;\" class=\"slide-3102 ms-image \" aria-roledescription=\"slide\" data-date=\"2015-11-29 18:49:36\" data-filename=\"Mordillo_CP03_1280_720.jpg\" data-slide-type=\"image\"><img loading=\"lazy\" decoding=\"async\" width=\"1280\" height=\"720\" src=\"https:\/\/www.chromatrix.com\/wordpress\/wp-content\/uploads\/2015\/11\/Mordillo_CP03_1280_720.jpg\" class=\"slider-3099 slide-3102 msDefaultImage\" alt=\"\" rel=\"\" title=\"Mordillo Puzzlegame\" srcset=\"https:\/\/www.chromatrix.com\/wordpress\/wp-content\/uploads\/2015\/11\/Mordillo_CP03_1280_720.jpg 1280w, https:\/\/www.chromatrix.com\/wordpress\/wp-content\/uploads\/2015\/11\/Mordillo_CP03_1280_720-150x84.jpg 150w, https:\/\/www.chromatrix.com\/wordpress\/wp-content\/uploads\/2015\/11\/Mordillo_CP03_1280_720-300x169.jpg 300w, https:\/\/www.chromatrix.com\/wordpress\/wp-content\/uploads\/2015\/11\/Mordillo_CP03_1280_720-768x432.jpg 768w, https:\/\/www.chromatrix.com\/wordpress\/wp-content\/uploads\/2015\/11\/Mordillo_CP03_1280_720-1024x576.jpg 1024w, https:\/\/www.chromatrix.com\/wordpress\/wp-content\/uploads\/2015\/11\/Mordillo_CP03_1280_720-480x270.jpg 480w\" sizes=\"auto, (max-width: 1280px) 100vw, 1280px\" \/><\/li>\n                <li style=\"display: none; width: 100%;\" class=\"slide-3103 ms-image \" aria-roledescription=\"slide\" data-date=\"2015-11-29 18:49:44\" data-filename=\"Mordillo_CP04_1280_720.jpg\" data-slide-type=\"image\"><img loading=\"lazy\" decoding=\"async\" width=\"1280\" height=\"720\" src=\"https:\/\/www.chromatrix.com\/wordpress\/wp-content\/uploads\/2015\/11\/Mordillo_CP04_1280_720.jpg\" class=\"slider-3099 slide-3103 msDefaultImage\" alt=\"\" rel=\"\" title=\"Mordillo Puzzlegame\" srcset=\"https:\/\/www.chromatrix.com\/wordpress\/wp-content\/uploads\/2015\/11\/Mordillo_CP04_1280_720.jpg 1280w, https:\/\/www.chromatrix.com\/wordpress\/wp-content\/uploads\/2015\/11\/Mordillo_CP04_1280_720-150x84.jpg 150w, https:\/\/www.chromatrix.com\/wordpress\/wp-content\/uploads\/2015\/11\/Mordillo_CP04_1280_720-300x169.jpg 300w, https:\/\/www.chromatrix.com\/wordpress\/wp-content\/uploads\/2015\/11\/Mordillo_CP04_1280_720-768x432.jpg 768w, https:\/\/www.chromatrix.com\/wordpress\/wp-content\/uploads\/2015\/11\/Mordillo_CP04_1280_720-1024x576.jpg 1024w, https:\/\/www.chromatrix.com\/wordpress\/wp-content\/uploads\/2015\/11\/Mordillo_CP04_1280_720-480x270.jpg 480w\" sizes=\"auto, (max-width: 1280px) 100vw, 1280px\" \/><\/li>\n                <li style=\"display: none; width: 100%;\" class=\"slide-3104 ms-image \" aria-roledescription=\"slide\" data-date=\"2015-11-29 18:49:52\" data-filename=\"Mordillo_CP05_1280_720.jpg\" data-slide-type=\"image\"><img loading=\"lazy\" decoding=\"async\" width=\"1280\" height=\"720\" src=\"https:\/\/www.chromatrix.com\/wordpress\/wp-content\/uploads\/2015\/11\/Mordillo_CP05_1280_720.jpg\" class=\"slider-3099 slide-3104 msDefaultImage\" alt=\"\" rel=\"\" title=\"Mordillo Puzzlegame\" srcset=\"https:\/\/www.chromatrix.com\/wordpress\/wp-content\/uploads\/2015\/11\/Mordillo_CP05_1280_720.jpg 1280w, https:\/\/www.chromatrix.com\/wordpress\/wp-content\/uploads\/2015\/11\/Mordillo_CP05_1280_720-150x84.jpg 150w, https:\/\/www.chromatrix.com\/wordpress\/wp-content\/uploads\/2015\/11\/Mordillo_CP05_1280_720-300x169.jpg 300w, https:\/\/www.chromatrix.com\/wordpress\/wp-content\/uploads\/2015\/11\/Mordillo_CP05_1280_720-768x432.jpg 768w, https:\/\/www.chromatrix.com\/wordpress\/wp-content\/uploads\/2015\/11\/Mordillo_CP05_1280_720-1024x576.jpg 1024w, https:\/\/www.chromatrix.com\/wordpress\/wp-content\/uploads\/2015\/11\/Mordillo_CP05_1280_720-480x270.jpg 480w\" sizes=\"auto, (max-width: 1280px) 100vw, 1280px\" \/><\/li>\n            <\/ul>\n        <\/div>\n        \n    <\/div>\n<\/div><\/div>\n\t\t<\/div><\/div><div id=\"pgc-3091-1-2\"  class=\"panel-grid-cell\" ><div id=\"panel-3091-1-2-0\" class=\"so-panel widget widget_black-studio-tinymce widget_black_studio_tinymce panel-first-child panel-last-child\" data-index=\"3\" ><div class=\"textwidget\"><div class=\"id-app-orig-desc\">\n<p><strong>Features<\/strong><\/p>\n<p>- 30 Original Cartoons von Mordillo<\/p>\n<p>- Einzigartige 3D-Block-Puzzles<\/p>\n<p>- Mehrere Spielmodi<\/p>\n<p>- Zwei-Spieler Wettkampf<\/p>\n<p>\u00a0<\/p>\n<p>\u00a0<\/p>\n<p>\u00a0<\/p>\n<\/div>\n<div class=\"id-app-orig-desc\">\u00a0<\/div>\n<div class=\"id-app-orig-desc\">\n<hr \/>\n<\/div>\n<\/div><\/div><\/div><\/div><div id=\"pg-3091-2\"  class=\"panel-grid panel-no-style\" ><div id=\"pgc-3091-2-0\"  class=\"panel-grid-cell\" ><div id=\"panel-3091-2-0-0\" class=\"so-panel widget widget_black-studio-tinymce widget_black_studio_tinymce panel-first-child panel-last-child\" data-index=\"4\" ><div class=\"textwidget\"><div id=\"pg-391-2\" class=\"panel-grid\">\n<div class=\"panel-row-style\">\n<div id=\"pgc-391-2-0\" class=\"panel-grid-cell\">\n<div id=\"panel-391-2-0-0\" class=\"panel widget widget_black-studio-tinymce panel-first-child panel-last-child\">\n<div class=\"textwidget\">\n<p><strong>Beschreibung<br \/><\/strong>Puzzle die gro\u00dfartigsten Bilder des bekannten Cartoonisten Guillermo Mordillo! Setze die Puzzleteile in klassischer Weise zusammen oder stelle dich einer v\u00f6llig neuartigen Herausforderung und finde die gesuchten Teile um ein Puzzle zu vervollst\u00e4ndigen. Zwei Spieler k\u00f6nnen sogar gleichzeitig auf einem Tablet um die Wette puzzeln.<\/p>\n<p>Brandneu und weltweit einzigartig sind die 3D-Block-Puzzles, die auf jeder Seite eines von vier Bildern zeigen und einen humorvollen Mordillo Cartoon erz\u00e4hlen.<\/p>\n<hr \/>\n<p>\u00a0\u00a0\u00a0\u00a0\u00a0\u00a0\u00a0\u00a0\u00a0\u00a0\u00a0\u00a0\u00a0\u00a0\u00a0\u00a0\u00a0\u00a0\u00a0\u00a0\u00a0\u00a0\u00a0\u00a0\u00a0\u00a0\u00a0\u00a0\u00a0\u00a0\u00a0\u00a0\u00a0\u00a0\u00a0\u00a0\u00a0\u00a0\u00a0\u00a0\u00a0\u00a0 <a href=\"https:\/\/itunes.apple.com\/app\/id956155108\" target=\"_blank\"><img loading=\"lazy\" decoding=\"async\" class=\"alignnone wp-image-2765 size-full\" src=\"http:\/\/www.chromatrix.com\/wordpress\/wp-content\/uploads\/2015\/03\/Appstore.png\" alt=\"Appstore\" width=\"216\" height=\"70\" srcset=\"https:\/\/www.chromatrix.com\/wordpress\/wp-content\/uploads\/2015\/03\/Appstore.png 216w, https:\/\/www.chromatrix.com\/wordpress\/wp-content\/uploads\/2015\/03\/Appstore-150x49.png 150w\" sizes=\"auto, (max-width: 216px) 100vw, 216px\" \/><\/a>\u00a0\u00a0 \u00a0 \u00a0 \u00a0 \u00a0 \u00a0 \u00a0\u00a0 \u00a0 <a href=\"https:\/\/play.google.com\/store\/apps\/details?id=air.de.chromatrix.p4p.fantasy40\" target=\"_blank\"><img loading=\"lazy\" decoding=\"async\" class=\"alignnone wp-image-2767 size-full\" src=\"http:\/\/www.chromatrix.com\/wordpress\/wp-content\/uploads\/2015\/03\/Google-Play.png\" alt=\"Google Play\" width=\"216\" height=\"70\" srcset=\"https:\/\/www.chromatrix.com\/wordpress\/wp-content\/uploads\/2015\/03\/Google-Play.png 216w, https:\/\/www.chromatrix.com\/wordpress\/wp-content\/uploads\/2015\/03\/Google-Play-150x49.png 150w\" sizes=\"auto, (max-width: 216px) 100vw, 216px\" \/><\/a>\u00a0 \u00a0 \u00a0\u00a0 \u00a0 \u00a0 \u00a0 \u00a0 \u00a0 <a href=\"http:\/\/www.amazon.com\/gp\/mas\/dl\/android\/air.de.chromatrix.p4p.fantasy40\" target=\"_blank\"><img loading=\"lazy\" decoding=\"async\" class=\"alignnone wp-image-2764 size-full\" src=\"http:\/\/www.chromatrix.com\/wordpress\/wp-content\/uploads\/2015\/03\/Amazon-App-Store.png\" alt=\"Amazon-App-Store\" width=\"204\" height=\"70\" srcset=\"https:\/\/www.chromatrix.com\/wordpress\/wp-content\/uploads\/2015\/03\/Amazon-App-Store.png 204w, https:\/\/www.chromatrix.com\/wordpress\/wp-content\/uploads\/2015\/03\/Amazon-App-Store-150x51.png 150w\" sizes=\"auto, (max-width: 204px) 100vw, 204px\" \/><\/a><\/p>\n<hr \/>\n<p>\u00a0<\/p>\n<\/div>\n<\/div>\n<\/div>\n<\/div>\n<\/div>\n<\/div><\/div><\/div><\/div><div id=\"pg-3091-3\"  class=\"panel-grid panel-no-style\" ><div id=\"pgc-3091-3-0\"  class=\"panel-grid-cell\" ><div id=\"panel-3091-3-0-0\" class=\"so-panel widget widget_text panel-first-child panel-last-child\" data-index=\"5\" >\t\t\t<div class=\"textwidget\"><style type='text\/css' media='screen'>\r\n\t\t\t\t\t#tchsp { height: 1%; margin: 30px 0 0; overflow:hidden; position: relative; padding: 0 50px 10px;   }\r\n\t\t\t\t\t#tchsp .viewport { height: 179px; overflow: hidden; position: relative; }\r\n\t\t\t\t\t#tchsp .buttons { background: #C01313; border-radius: 35px; display: block; position: absolute;\r\n\t\t\t\t\ttop: 40%; left: 0; width: 35px; height: 35px; color: #fff; font-weight: bold; text-align: center; line-height: 35px; text-decoration: none;\r\n\t\t\t\t\tfont-size: 22px; }\r\n\t\t\t\t\t#tchsp .next { right: 0; left: auto;top: 40%; }\r\n\t\t\t\t\t#tchsp .buttons:hover{ color: #C01313;background: #fff; }\r\n\t\t\t\t\t#tchsp .disable { visibility: hidden; }\r\n\t\t\t\t\t#tchsp .overview { list-style: none; position: absolute; padding: 0; margin: 0; width: 180px; left: 0 top: 0; }\r\n\t\t\t\t\t#tchsp .overview li{ float: left; margin: 0 20px 0 0; padding: 1px; height: 175px; border: 1px solid #dcdcdc; width: 176px;}\r\n\t\t\t\t\t<\/style><div id=\"tchsp\"><a class=\"buttons prev\" href=\"#\">&#60;<\/a><div class=\"viewport\"><ul class=\"overview\"><li><a href=\"\/wordpress\/the-inner-world-the-puzzle-de\/\" target=\"_target\"><img decoding=\"async\" alt=\"InnerWorld-Icon Puzzle\" src=\"\/wordpress\/wp-content\/uploads\/2014\/11\/InnerWorld-Icon.png\" \/><\/a><\/li><li><a href=\"\/wordpress\/deponia-puzzle-de\/\" target=\"_target\"><img decoding=\"async\" alt=\"Deponia-Icon Puzzle\" src=\"\/wordpress\/wp-content\/uploads\/2014\/11\/Deponia-Icon.png\" \/><\/a><\/li><li><a href=\"\/wordpress\/bibis-puzzle-de\/\" target=\"_target\"><img decoding=\"async\" alt=\"Bibi-Icon Puzzle\" src=\"\/wordpress\/wp-content\/uploads\/2014\/11\/Bibi-Icon.png\" \/><\/a><\/li><li><a href=\"\/wordpress\/thiemeyer-puzzle-de\/\" target=\"_target\"><img decoding=\"async\" alt=\"Thiemeyer-Icon Puzzle\" src=\"\/wordpress\/wp-content\/uploads\/2015\/03\/Thiemeyer-Icon.png\" \/><\/a><\/li><li><a href=\"\/wordpress\/giana-sisters-de\/\" target=\"_target\"><img decoding=\"async\" alt=\"Giana-Sisters Icon Puzzle\" src=\"\/wordpress\/wp-content\/uploads\/2015\/04\/GS-Icon.png\" \/><\/a><\/li><li><a href=\"\/wordpress\/ednaharvey-puzzle-de\/\" target=\"_target\"><img decoding=\"async\" alt=\"Harvey-Icon Puzzle\" src=\"\/wordpress\/wp-content\/uploads\/2014\/11\/Harvey-Icon.png\" \/><\/a><\/li><li><a href=\"\/wordpress\/trump-3d-puzzle-de\/\" target=\"_target\"><img decoding=\"async\" alt=\"Trump Icon Puzzle\" src=\"\/wordpress\/wp-content\/uploads\/2017\/05\/Trump-Icon.png\" \/><\/a><\/li><li><a href=\"\/wordpress\/mordillo-puzzle-de\/\" target=\"_target\"><img decoding=\"async\" alt=\"Mordillo Icon Puzzle\" src=\"\/wordpress\/wp-content\/uploads\/2015\/11\/Mordillo-Icon.png\" \/><\/a><\/li><\/ul><\/div><a class=\"buttons next\" href=\"#\">&#62;<\/a><\/div><script type=\"text\/javascript\">jQuery(document).ready(function(){jQuery('#tchsp').tinycarousel({ buttons: true, interval: true, intervalTime: 6000, animationTime: 2000 });});<\/script><\/div>\n\t\t<\/div><\/div><\/div><div id=\"pg-3091-4\"  class=\"panel-grid panel-no-style\" ><div id=\"pgc-3091-4-0\"  class=\"panel-grid-cell\" ><div id=\"panel-3091-4-0-0\" class=\"so-panel widget widget_black-studio-tinymce widget_black_studio_tinymce panel-first-child panel-last-child\" data-index=\"6\" ><div class=\"textwidget\"><p style=\"text-align: center;\">\u00a0<\/p>\n<p style=\"text-align: center;\"><span style=\"color: #333333;\"><strong><br \/> <span style=\"color: #000000;\"><a title=\"Puzzle-Games\" href=\"http:\/\/www.chromatrix.com\/wordpress\/puzzle-games-de\/\"><span style=\"color: #000000;\">Puzzle-Games <span style=\"color: #333333;\"><span style=\"color: #000000;\"><span style=\"color: #000000;\">\u00bb<\/span><\/span><\/span><\/span><\/a><\/span><\/strong><\/span><\/p>\n<p style=\"text-align: center;\">\u00a0<\/p>\n<\/div><\/div><\/div><\/div><\/div>","protected":false},"excerpt":{"rendered":"<p>Mordillo Crazy Puzzle Plattform iOS, AndroidGenre Puzzle-GameIllustrator Guillermo MordilloDeveloper Chromatrix GmbHPublisher Chromatrix GmbHRelease Dezember 2015 Features- 30 Original Cartoons von Mordillo- Einzigartige 3D-Block-Puzzles- Mehrere Spielmodi- Zwei-Spieler Wettkampf\u00a0\u00a0\u00a0\u00a0<\/p>\n","protected":false},"author":1,"featured_media":0,"parent":0,"menu_order":0,"comment_status":"closed","ping_status":"closed","template":"templates\/template-full-notitle.php","meta":{"footnotes":"","_links_to":"","_links_to_target":""},"class_list":["post-3091","page","type-page","status-publish","hentry","post"],"_links":{"self":[{"href":"https:\/\/www.chromatrix.com\/wordpress\/wp-json\/wp\/v2\/pages\/3091","targetHints":{"allow":["GET"]}}],"collection":[{"href":"https:\/\/www.chromatrix.com\/wordpress\/wp-json\/wp\/v2\/pages"}],"about":[{"href":"https:\/\/www.chromatrix.com\/wordpress\/wp-json\/wp\/v2\/types\/page"}],"author":[{"embeddable":true,"href":"https:\/\/www.chromatrix.com\/wordpress\/wp-json\/wp\/v2\/users\/1"}],"replies":[{"embeddable":true,"href":"https:\/\/www.chromatrix.com\/wordpress\/wp-json\/wp\/v2\/comments?post=3091"}],"version-history":[{"count":10,"href":"https:\/\/www.chromatrix.com\/wordpress\/wp-json\/wp\/v2\/pages\/3091\/revisions"}],"predecessor-version":[{"id":3179,"href":"https:\/\/www.chromatrix.com\/wordpress\/wp-json\/wp\/v2\/pages\/3091\/revisions\/3179"}],"wp:attachment":[{"href":"https:\/\/www.chromatrix.com\/wordpress\/wp-json\/wp\/v2\/media?parent=3091"}],"curies":[{"name":"wp","href":"https:\/\/api.w.org\/{rel}","templated":true}]}}