{"id":13,"date":"2014-09-01T14:51:47","date_gmt":"2014-09-01T12:51:47","guid":{"rendered":"http:\/\/www.chromatrix.com\/wordpress\/?page_id=13"},"modified":"2017-05-19T11:30:52","modified_gmt":"2017-05-19T09:30:52","slug":"puzzle-games-de","status":"publish","type":"page","link":"https:\/\/www.chromatrix.com\/wordpress\/puzzle-games-de\/","title":{"rendered":"Puzzle-Games"},"content":{"rendered":"<div id=\"pl-13\"  class=\"panel-layout\" ><div id=\"pg-13-0\"  class=\"panel-grid panel-no-style\" ><div id=\"pgc-13-0-0\"  class=\"panel-grid-cell\" ><div id=\"panel-13-0-0-0\" class=\"so-panel widget widget_headline-widget panel-first-child panel-last-child\" data-index=\"0\" >\t\t<h1>Puzzle-Games<\/h1>\n\t\t<div class=\"decoration\"><div class=\"decoration-inside\"><\/div><\/div>\n\t\t<h3><\/h3>\n\t\t<\/div><\/div><\/div><div id=\"pg-13-1\"  class=\"panel-grid panel-no-style\" ><div id=\"pgc-13-1-0\"  class=\"panel-grid-cell\" ><div id=\"panel-13-1-0-0\" class=\"so-panel widget widget_black-studio-tinymce widget_black_studio_tinymce panel-first-child panel-last-child\" data-index=\"1\" ><div class=\"textwidget\"><div id=\"pg-9-1\" class=\"panel-grid\">\n<div id=\"pgc-9-1-0\" class=\"panel-grid-cell\">\n<div id=\"panel-9-1-0-0\" class=\"panel widget widget_black-studio-tinymce panel-first-child panel-last-child\">\n<div class=\"textwidget\">\n<p><img loading=\"lazy\" decoding=\"async\" class=\"alignleft wp-image-1535\" src=\"http:\/\/www.chromatrix.com\/wordpress\/wp-content\/uploads\/2014\/11\/Deponiapuzzle.png\" alt=\"Deponiapuzzle\" width=\"284\" height=\"399\" srcset=\"https:\/\/www.chromatrix.com\/wordpress\/wp-content\/uploads\/2014\/11\/Deponiapuzzle.png 519w, https:\/\/www.chromatrix.com\/wordpress\/wp-content\/uploads\/2014\/11\/Deponiapuzzle-107x150.png 107w, https:\/\/www.chromatrix.com\/wordpress\/wp-content\/uploads\/2014\/11\/Deponiapuzzle-214x300.png 214w, https:\/\/www.chromatrix.com\/wordpress\/wp-content\/uploads\/2014\/11\/Deponiapuzzle-342x480.png 342w\" sizes=\"auto, (max-width: 284px) 100vw, 284px\" \/><\/p>\n<p style=\"text-align: left;\"><img loading=\"lazy\" decoding=\"async\" class=\"alignright wp-image-1536\" src=\"http:\/\/www.chromatrix.com\/wordpress\/wp-content\/uploads\/2014\/11\/Ednapuzzle.png\" alt=\"Ednapuzzle\" width=\"303\" height=\"399\" srcset=\"https:\/\/www.chromatrix.com\/wordpress\/wp-content\/uploads\/2014\/11\/Ednapuzzle.png 544w, https:\/\/www.chromatrix.com\/wordpress\/wp-content\/uploads\/2014\/11\/Ednapuzzle-114x150.png 114w, https:\/\/www.chromatrix.com\/wordpress\/wp-content\/uploads\/2014\/11\/Ednapuzzle-228x300.png 228w, https:\/\/www.chromatrix.com\/wordpress\/wp-content\/uploads\/2014\/11\/Ednapuzzle-365x480.png 365w\" sizes=\"auto, (max-width: 303px) 100vw, 303px\" \/><br \/> <strong>\"Temporeich und herausfordernd\"<\/strong><br \/> \"Die Spielidee ist genial.\"<br \/> <em>Pennmom36, Top Reviewer auf bigfishgames.com<\/em><\/p>\n<p style=\"text-align: right;\"><strong>\"Bestes Puzzlespiel aller Zeiten\"<\/strong><br \/> \"Ich habe dieses Spiel gekauft, noch bevor ich die Demo zu Ende gespielt hatte.\"<br \/> <em>CookiemanI, Louisville, KY<\/em><\/p>\n<p style=\"text-align: left;\"><strong>\"Weckt deine Gehirnzellen\"<\/strong><br \/> \"Ein intensives und schnelles Puzzlespiel.\"<br \/> <em>Bcmanx, Errington BC Canada<\/em><\/p>\n<p style=\"text-align: right;\"><strong>\"Exzellente Art von Ged\u00e4chtnisspiel.\"<\/strong><br \/> \"Es gibt zahlreiche Puzzles zu l\u00f6sen und ein super<br \/> Wiederspielbarkeitswert, da die gesuchten Teile<br \/> zuf\u00e4llig gew\u00e4hlt werden und jede Wiederholung anders verl\u00e4uft. Es macht eine Menge Spa\u00df, den<br \/> Rekord zu knacken und jedes Puzzle zu meistern.\"<br \/> <em>Meme2222, Philadelphia, Pa<\/em><\/p>\n<p style=\"text-align: center;\"><strong>\"F\u00fcr Tablets TOP\"<\/strong><br \/> \"Das Spiel l\u00e4sst sich bequem per Touch steuern und macht Spa\u00df. Ganz einfach ist es auch nicht,<br \/> vor allem die letzteren Level, wenn man auf volle Punktzahl kommen m\u00f6chte. (5 Sterne)\"<br \/> <em>Jan, Amazon Review<\/em><\/p>\n<p style=\"text-align: center;\"><strong>\u00a0\"Macht Spa\u00df\"<\/strong><br \/> \"Es ist leicht zu verstehen und macht einfach Spa\u00df. Es ist an vielen Stellen sogar richtig schwierig. (5 Sterne)\"<br \/> <em>Ayumi, Amazon Review<\/em><\/p>\n<p>\u00a0<\/p>\n<\/div>\n<\/div>\n<\/div>\n<\/div>\n<\/div><\/div><\/div><\/div><div id=\"pg-13-2\"  class=\"panel-grid panel-no-style\" ><div id=\"pgc-13-2-0\"  class=\"panel-grid-cell\" ><div id=\"panel-13-2-0-0\" class=\"so-panel widget widget_black-studio-tinymce widget_black_studio_tinymce panel-first-child panel-last-child\" data-index=\"2\" ><div class=\"textwidget\"><p>\u00a0<\/p>\n<p>\u00a0<\/p>\n<hr \/>\n<p style=\"text-align: center;\">\u00a0<\/p><\/div><\/div><\/div><\/div><div id=\"pg-13-3\"  class=\"panel-grid panel-no-style\" ><div id=\"pgc-13-3-0\"  class=\"panel-grid-cell\" ><div id=\"panel-13-3-0-0\" class=\"so-panel widget widget_text panel-first-child panel-last-child\" data-index=\"3\" >\t\t\t<div class=\"textwidget\"><style type='text\/css' media='screen'>\r\n\t\t\t\t\t#tchsp { height: 1%; margin: 30px 0 0; overflow:hidden; position: relative; padding: 0 50px 10px;   }\r\n\t\t\t\t\t#tchsp .viewport { height: 179px; overflow: hidden; position: relative; }\r\n\t\t\t\t\t#tchsp .buttons { background: #C01313; border-radius: 35px; display: block; position: absolute;\r\n\t\t\t\t\ttop: 40%; left: 0; width: 35px; height: 35px; color: #fff; font-weight: bold; text-align: center; line-height: 35px; text-decoration: none;\r\n\t\t\t\t\tfont-size: 22px; }\r\n\t\t\t\t\t#tchsp .next { right: 0; left: auto;top: 40%; }\r\n\t\t\t\t\t#tchsp .buttons:hover{ color: #C01313;background: #fff; }\r\n\t\t\t\t\t#tchsp .disable { visibility: hidden; }\r\n\t\t\t\t\t#tchsp .overview { list-style: none; position: absolute; padding: 0; margin: 0; width: 180px; left: 0 top: 0; }\r\n\t\t\t\t\t#tchsp .overview li{ float: left; margin: 0 20px 0 0; padding: 1px; height: 175px; border: 1px solid #dcdcdc; width: 176px;}\r\n\t\t\t\t\t<\/style><div id=\"tchsp\"><a class=\"buttons prev\" href=\"#\">&#60;<\/a><div class=\"viewport\"><ul class=\"overview\"><li><a href=\"\/wordpress\/deponia-puzzle-de\/\" target=\"_target\"><img decoding=\"async\" alt=\"Deponia-Icon Puzzle\" src=\"\/wordpress\/wp-content\/uploads\/2014\/11\/Deponia-Icon.png\" \/><\/a><\/li><li><a href=\"\/wordpress\/the-inner-world-the-puzzle-de\/\" target=\"_target\"><img decoding=\"async\" alt=\"InnerWorld-Icon Puzzle\" src=\"\/wordpress\/wp-content\/uploads\/2014\/11\/InnerWorld-Icon.png\" \/><\/a><\/li><li><a href=\"\/wordpress\/thiemeyer-puzzle-de\/\" target=\"_target\"><img decoding=\"async\" alt=\"Thiemeyer-Icon Puzzle\" src=\"\/wordpress\/wp-content\/uploads\/2015\/03\/Thiemeyer-Icon.png\" \/><\/a><\/li><li><a href=\"\/wordpress\/giana-sisters-de\/\" target=\"_target\"><img decoding=\"async\" alt=\"Giana-Sisters Icon Puzzle\" src=\"\/wordpress\/wp-content\/uploads\/2015\/04\/GS-Icon.png\" \/><\/a><\/li><li><a href=\"\/wordpress\/ednaharvey-puzzle-de\/\" target=\"_target\"><img decoding=\"async\" alt=\"Harvey-Icon Puzzle\" src=\"\/wordpress\/wp-content\/uploads\/2014\/11\/Harvey-Icon.png\" \/><\/a><\/li><li><a href=\"\/wordpress\/mordillo-puzzle-de\/\" target=\"_target\"><img decoding=\"async\" alt=\"Mordillo Icon Puzzle\" src=\"\/wordpress\/wp-content\/uploads\/2015\/11\/Mordillo-Icon.png\" \/><\/a><\/li><li><a href=\"\/wordpress\/bibis-puzzle-de\/\" target=\"_target\"><img decoding=\"async\" alt=\"Bibi-Icon Puzzle\" src=\"\/wordpress\/wp-content\/uploads\/2014\/11\/Bibi-Icon.png\" \/><\/a><\/li><li><a href=\"\/wordpress\/trump-3d-puzzle-de\/\" target=\"_target\"><img decoding=\"async\" alt=\"Trump Icon Puzzle\" src=\"\/wordpress\/wp-content\/uploads\/2017\/05\/Trump-Icon.png\" \/><\/a><\/li><\/ul><\/div><a class=\"buttons next\" href=\"#\">&#62;<\/a><\/div><script type=\"text\/javascript\">jQuery(document).ready(function(){jQuery('#tchsp').tinycarousel({ buttons: true, interval: true, intervalTime: 6000, animationTime: 2000 });});<\/script><\/div>\n\t\t<\/div><\/div><\/div><div id=\"pg-13-4\"  class=\"panel-grid panel-no-style\" ><div id=\"pgc-13-4-0\"  class=\"panel-grid-cell\" ><div id=\"panel-13-4-0-0\" class=\"so-panel widget widget_black-studio-tinymce widget_black_studio_tinymce panel-first-child panel-last-child\" data-index=\"4\" ><div class=\"textwidget\"><p>\u00a0<\/p>\n<h4 style=\"text-align: center;\"><strong><span style=\"color: #000000;\"><a href=\"\/wordpress\/trump-3d-puzzle-de\/\"><img loading=\"lazy\" decoding=\"async\" class=\"alignnone wp-image-3433\" src=\"http:\/\/www.chromatrix.com\/wordpress\/wp-content\/uploads\/2017\/05\/TrumpIcon.png\" alt=\"\" width=\"72\" height=\"72\" srcset=\"https:\/\/www.chromatrix.com\/wordpress\/wp-content\/uploads\/2017\/05\/TrumpIcon.png 156w, https:\/\/www.chromatrix.com\/wordpress\/wp-content\/uploads\/2017\/05\/TrumpIcon-150x150.png 150w\" sizes=\"auto, (max-width: 72px) 100vw, 72px\" \/><\/a><\/span><\/strong><\/h4>\n<h4 style=\"text-align: center;\"><a href=\"\/wordpress\/trump-3d-puzzle-de\/\"><strong><span style=\"color: #000000;\">Trump 3D Puzzle \u00bb<\/span><\/strong><\/a><\/h4>\n<p>\u00a0<\/p>\n<p style=\"text-align: center;\">\u00a0<\/p>\n<\/div><\/div><\/div><div id=\"pgc-13-4-1\"  class=\"panel-grid-cell\" ><div id=\"panel-13-4-1-0\" class=\"so-panel widget widget_black-studio-tinymce widget_black_studio_tinymce panel-first-child panel-last-child\" data-index=\"5\" ><div class=\"textwidget\"><p>\u00a0<\/p>\n<h4 style=\"text-align: center;\"><strong><span style=\"color: #000000;\"><a href=\"\/wordpress\/mordillo-puzzle-de\/\"><img loading=\"lazy\" decoding=\"async\" class=\"alignnone wp-image-3123\" src=\"http:\/\/www.chromatrix.com\/wordpress\/wp-content\/uploads\/2015\/11\/MordilloIcon.jpg\" alt=\"\" width=\"72\" height=\"72\" srcset=\"https:\/\/www.chromatrix.com\/wordpress\/wp-content\/uploads\/2015\/11\/MordilloIcon.jpg 156w, https:\/\/www.chromatrix.com\/wordpress\/wp-content\/uploads\/2015\/11\/MordilloIcon-150x150.jpg 150w\" sizes=\"auto, (max-width: 72px) 100vw, 72px\" \/><\/a><\/span><\/strong><\/h4>\n<h4 style=\"text-align: center;\"><a href=\"\/wordpress\/mordillo-puzzle-de\/\"><strong><span style=\"color: #000000;\">Mordillo - The Puzzle \u00bb<\/span><\/strong><\/a><\/h4>\n<p>\u00a0<\/p>\n<p style=\"text-align: center;\">\u00a0<\/p>\n<\/div><\/div><\/div><div id=\"pgc-13-4-2\"  class=\"panel-grid-cell\" ><div id=\"panel-13-4-2-0\" class=\"so-panel widget widget_black-studio-tinymce widget_black_studio_tinymce panel-first-child panel-last-child\" data-index=\"6\" ><div class=\"textwidget\"><p>&nbsp;<\/p>\n<h4 style=\"text-align: center;\"><a href=\"\/wordpress\/bibis-puzzle-de\/\"><img loading=\"lazy\" decoding=\"async\" class=\"aligncenter wp-image-1639\" src=\"http:\/\/www.chromatrix.com\/wordpress\/wp-content\/uploads\/2014\/11\/BibiIcon.jpg\" alt=\"\" width=\"72\" height=\"72\" srcset=\"https:\/\/www.chromatrix.com\/wordpress\/wp-content\/uploads\/2014\/11\/BibiIcon.jpg 156w, https:\/\/www.chromatrix.com\/wordpress\/wp-content\/uploads\/2014\/11\/BibiIcon-150x150.jpg 150w\" sizes=\"auto, (max-width: 72px) 100vw, 72px\" \/><\/a><\/h4>\n<h4 style=\"text-align: center;\"><a href=\"wordpress\/bibis-puzzle-de\/\"><span style=\"color: #000000;\"><strong>Bibis verhexter Puzzlespa\u00df \u00bb<\/strong><\/span><\/a><\/h4>\n<p style=\"text-align: center;\">\n<\/div><\/div><\/div><\/div><div id=\"pg-13-5\"  class=\"panel-grid panel-no-style\" ><div id=\"pgc-13-5-0\"  class=\"panel-grid-cell\" ><div id=\"panel-13-5-0-0\" class=\"so-panel widget widget_black-studio-tinymce widget_black_studio_tinymce panel-first-child panel-last-child\" data-index=\"7\" ><div class=\"textwidget\"><p>\u00a0<\/p>\n<h4 style=\"text-align: center;\"><strong><span style=\"color: #000000;\"><a href=\"\/wordpress\/thiemeyer-puzzle-de\/\"><img loading=\"lazy\" decoding=\"async\" class=\"aligncenter wp-image-1873\" src=\"http:\/\/www.chromatrix.com\/wordpress\/wp-content\/uploads\/2014\/11\/TTIcon1.jpg\" alt=\"\" width=\"72\" height=\"72\" srcset=\"https:\/\/www.chromatrix.com\/wordpress\/wp-content\/uploads\/2014\/11\/TTIcon1.jpg 156w, https:\/\/www.chromatrix.com\/wordpress\/wp-content\/uploads\/2014\/11\/TTIcon1-150x150.jpg 150w\" sizes=\"auto, (max-width: 72px) 100vw, 72px\" \/><\/a><\/span><\/strong><\/h4>\n<h4 style=\"text-align: center;\"><strong><a href=\"\/wordpress\/thiemeyer-puzzle-de\/\"><span style=\"color: #000000;\"><span style=\"color: #000000;\">Mystic Worlds of Thomas Thiemeyer\u00a0\u00bb<\/span><\/span><\/a><\/strong><\/h4>\n<p style=\"text-align: center;\">\u00a0<\/p>\n<\/div><\/div><\/div><div id=\"pgc-13-5-1\"  class=\"panel-grid-cell\" ><div id=\"panel-13-5-1-0\" class=\"so-panel widget widget_black-studio-tinymce widget_black_studio_tinymce panel-first-child panel-last-child\" data-index=\"8\" ><div class=\"textwidget\"><p>\u00a0<\/p>\n<h4 style=\"text-align: center;\"><strong><span style=\"color: #000000;\"><a href=\"\/wordpress\/giana-sisters-de\/\"><img loading=\"lazy\" decoding=\"async\" class=\"alignnone wp-image-2986\" src=\"http:\/\/www.chromatrix.com\/wordpress\/wp-content\/uploads\/2015\/04\/GSIcon.png\" alt=\"\" width=\"72\" height=\"72\" srcset=\"https:\/\/www.chromatrix.com\/wordpress\/wp-content\/uploads\/2015\/04\/GSIcon.png 163w, https:\/\/www.chromatrix.com\/wordpress\/wp-content\/uploads\/2015\/04\/GSIcon-150x150.png 150w, https:\/\/www.chromatrix.com\/wordpress\/wp-content\/uploads\/2015\/04\/GSIcon-157x157.png 157w\" sizes=\"auto, (max-width: 72px) 100vw, 72px\" \/><\/a><\/span><\/strong><\/h4>\n<h4 style=\"text-align: center;\"><a href=\"\/wordpress\/giana-sisters-de\/\"><strong><span style=\"color: #000000;\">Giana Sisters - The Puzzle \u00bb<\/span><\/strong><\/a><\/h4>\n<p>\u00a0<\/p>\n<p style=\"text-align: center;\">\u00a0<\/p>\n<\/div><\/div><\/div><div id=\"pgc-13-5-2\"  class=\"panel-grid-cell\" ><div id=\"panel-13-5-2-0\" class=\"so-panel widget widget_black-studio-tinymce widget_black_studio_tinymce panel-first-child panel-last-child\" data-index=\"9\" ><div class=\"textwidget\"><p>&nbsp;<\/p>\n<h4 style=\"text-align: center;\"><strong><span style=\"color: #000000;\"><a href=\"\/wordpress\/the-inner-world-the-puzzle-de\/\"><img loading=\"lazy\" decoding=\"async\" class=\"aligncenter wp-image-2081\" src=\"http:\/\/www.chromatrix.com\/wordpress\/wp-content\/uploads\/2014\/11\/TIWIcon.jpg\" alt=\"\" width=\"72\" height=\"72\" srcset=\"https:\/\/www.chromatrix.com\/wordpress\/wp-content\/uploads\/2014\/11\/TIWIcon.jpg 177w, https:\/\/www.chromatrix.com\/wordpress\/wp-content\/uploads\/2014\/11\/TIWIcon-150x150.jpg 150w, https:\/\/www.chromatrix.com\/wordpress\/wp-content\/uploads\/2014\/11\/TIWIcon-157x157.jpg 157w\" sizes=\"auto, (max-width: 72px) 100vw, 72px\" \/><\/a><\/span><\/strong><\/h4>\n<h4 style=\"text-align: center;\"><a href=\"\/wordpress\/the-inner-world-the-puzzle-de\/\"><span style=\"color: #000000;\"><strong>The Inner World - The Puzzle \u00bb<\/span><\/strong><\/a><\/h4>\n<p style=\"text-align: center;\">\n<\/div><\/div><\/div><\/div><div id=\"pg-13-6\"  class=\"panel-grid panel-no-style\" ><div id=\"pgc-13-6-0\"  class=\"panel-grid-cell\" ><div id=\"panel-13-6-0-0\" class=\"so-panel widget widget_black-studio-tinymce widget_black_studio_tinymce panel-first-child panel-last-child\" data-index=\"10\" ><div class=\"textwidget\"><p>\u00a0<\/p>\n<h4 style=\"text-align: center;\"><a href=\"\/wordpress\/ednaharvey-puzzle-de\"><img loading=\"lazy\" decoding=\"async\" class=\"aligncenter wp-image-813\" src=\"http:\/\/www.chromatrix.com\/wordpress\/wp-content\/uploads\/2014\/09\/HarveyIcon.jpg\" alt=\"HarveyIcon\" width=\"72\" height=\"72\" srcset=\"https:\/\/www.chromatrix.com\/wordpress\/wp-content\/uploads\/2014\/09\/HarveyIcon.jpg 158w, https:\/\/www.chromatrix.com\/wordpress\/wp-content\/uploads\/2014\/09\/HarveyIcon-150x150.jpg 150w, https:\/\/www.chromatrix.com\/wordpress\/wp-content\/uploads\/2014\/09\/HarveyIcon-157x157.jpg 157w\" sizes=\"auto, (max-width: 72px) 100vw, 72px\" \/><\/a><\/h4>\n<h4 style=\"text-align: center;\"><strong><span style=\"color: #000000;\"><a href=\"\/wordpress\/ednaharvey-puzzle-de\"><span style=\"color: #000000;\">Edna &amp; Harvey - The Puzzle \u00bb<\/span><\/a><\/span><\/strong><\/h4>\n<p style=\"text-align: center;\">\u00a0<\/p>\n<\/div><\/div><\/div><div id=\"pgc-13-6-1\"  class=\"panel-grid-cell\" ><div id=\"panel-13-6-1-0\" class=\"so-panel widget widget_black-studio-tinymce widget_black_studio_tinymce panel-first-child panel-last-child\" data-index=\"11\" ><div class=\"textwidget\"><p>\u00a0<\/p>\n<h4 style=\"text-align: center;\"><strong><a href=\"\/wordpress\/deponia-puzzle-de\"><img loading=\"lazy\" decoding=\"async\" class=\"aligncenter wp-image-812\" src=\"http:\/\/www.chromatrix.com\/wordpress\/wp-content\/uploads\/2014\/09\/Deponia-Icon.jpg\" alt=\"Deponia Icon\" width=\"72\" height=\"72\" srcset=\"https:\/\/www.chromatrix.com\/wordpress\/wp-content\/uploads\/2014\/09\/Deponia-Icon.jpg 157w, https:\/\/www.chromatrix.com\/wordpress\/wp-content\/uploads\/2014\/09\/Deponia-Icon-150x150.jpg 150w\" sizes=\"auto, (max-width: 72px) 100vw, 72px\" \/><\/a><br \/> <a href=\"\/wordpress\/deponia-puzzle-de\"><span style=\"color: #000000;\">Deponia - The Puzzle \u00bb<\/span><\/a><\/strong><\/h4>\n<p style=\"text-align: center;\">\u00a0<\/p>\n<\/div><\/div><\/div><\/div><\/div>","protected":false},"excerpt":{"rendered":"<p>&#8222;Temporeich und herausfordernd&#8220; &#8222;Die Spielidee ist genial.&#8220; Pennmom36, Top Reviewer auf bigfishgames.com&#8220;Bestes Puzzlespiel aller Zeiten&#8220; &#8222;Ich habe dieses Spiel gekauft, noch bevor ich die Demo zu Ende gespielt hatte.&#8220; CookiemanI, Louisville, KY&#8220;Weckt deine Gehirnzellen&#8220; &#8222;Ein intensives und schnelles Puzzlespiel.&#8220; Bcmanx, Errington BC Canada&#8220;Exzellente Art von Ged\u00e4chtnisspiel.&#8220; &#8222;Es gibt zahlreiche Puzzles zu l\u00f6sen und ein super [&hellip;]<\/p>\n","protected":false},"author":1,"featured_media":0,"parent":0,"menu_order":0,"comment_status":"closed","ping_status":"open","template":"templates\/template-full-notitle.php","meta":{"footnotes":"","_links_to":"","_links_to_target":""},"class_list":["post-13","page","type-page","status-publish","hentry","post"],"_links":{"self":[{"href":"https:\/\/www.chromatrix.com\/wordpress\/wp-json\/wp\/v2\/pages\/13","targetHints":{"allow":["GET"]}}],"collection":[{"href":"https:\/\/www.chromatrix.com\/wordpress\/wp-json\/wp\/v2\/pages"}],"about":[{"href":"https:\/\/www.chromatrix.com\/wordpress\/wp-json\/wp\/v2\/types\/page"}],"author":[{"embeddable":true,"href":"https:\/\/www.chromatrix.com\/wordpress\/wp-json\/wp\/v2\/users\/1"}],"replies":[{"embeddable":true,"href":"https:\/\/www.chromatrix.com\/wordpress\/wp-json\/wp\/v2\/comments?post=13"}],"version-history":[{"count":15,"href":"https:\/\/www.chromatrix.com\/wordpress\/wp-json\/wp\/v2\/pages\/13\/revisions"}],"predecessor-version":[{"id":3467,"href":"https:\/\/www.chromatrix.com\/wordpress\/wp-json\/wp\/v2\/pages\/13\/revisions\/3467"}],"wp:attachment":[{"href":"https:\/\/www.chromatrix.com\/wordpress\/wp-json\/wp\/v2\/media?parent=13"}],"curies":[{"name":"wp","href":"https:\/\/api.w.org\/{rel}","templated":true}]}}