{"id":11,"date":"2014-09-01T14:51:28","date_gmt":"2014-09-01T12:51:28","guid":{"rendered":"http:\/\/www.chromatrix.com\/wordpress\/?page_id=11"},"modified":"2019-01-20T16:54:21","modified_gmt":"2019-01-20T14:54:21","slug":"impressum-de","status":"publish","type":"page","link":"https:\/\/www.chromatrix.com\/wordpress\/impressum-de\/","title":{"rendered":"Impressum"},"content":{"rendered":"<h2>Impressum<\/h2>\n<p>&nbsp;<\/p>\n<p><strong>Chromatrix GmbH<\/strong><\/p>\n<p>Kalkofenstra\u00dfe 2<br \/>\n72411 Bodelshausen<br \/>\nGermany<\/p>\n<p>Telefon: ++49 (0) 74 71 \/ 74 08 28<br \/>\nTelefax: ++49 (0) 74 71 \/ 74 08 29<\/p>\n<p>E-Mail:&nbsp;<a href=\"mailto:info@chromatrix.com\"><strong><span style=\"color: #333333;\">info@chromatrix.com <span style=\"color: #000000;\">\u00bb<\/span><\/span><\/strong><\/a><\/p>\n<p>Managing Director: Dr. Stefan Blanck<\/p>\n<p>Registergericht: Stuttgart<\/p>\n<p>Registernummer: HRB 382262<\/p>\n<p>Umsatzsteuer-Identifikationsnummer gem\u00e4\u00df \u00a7 27 a Umsatzsteuergesetz: DE 208326633<\/p>\n<p>Inhaltlich Verantwortlicher gem\u00e4\u00df \u00a7 10 Absatz 3 MDStV: Dr. Stefan Blanck<\/p>\n<p>Jugend- und Datenschutzbeauftragter<br \/>\nDr. Johannes Ulbricht<br \/>\nFachanwalt f\u00fcr Urheber- und Medienrecht<br \/>\nJustiziar des Bundesverbands der Veranstaltungswirtschaft (idkv)<br \/>\nMichow Rechtsanw\u00e4lte<\/p>\n<p>E-Mail: recht@chromatrix.com<\/p>\n<p><strong>Haftung f\u00fcr Inhalte<\/strong><\/p>\n<p>Die Inhalte unserer Seiten wurden mit gr\u00f6\u00dfter Sorgfalt erstellt. F\u00fcr die Richtigkeit, Vollst\u00e4ndigkeit und Aktualit\u00e4t der Inhalte k\u00f6nnen wir jedoch keine Gew\u00e4hr \u00fcbernehmen. Als Diensteanbieter sind wir gem\u00e4\u00df \u00a7 7 Abs.1 TMG f\u00fcr eigene Inhalte auf diesen Seiten nach den allgemeinen Gesetzen verantwortlich. Nach \u00a7\u00a7 8 bis 10 TMG sind wir als Diensteanbieter jedoch nicht verpflichtet, \u00fcbermittelte oder gespeicherte fremde Informationen zu \u00fcberwachen oder nach Umst\u00e4nden zu forschen, die auf eine rechtswidrige T\u00e4tigkeit hinweisen. Verpflichtungen zur Entfernung oder Sperrung der Nutzung von Informationen nach den allgemeinen Gesetzen bleiben hiervon unber\u00fchrt. Eine diesbez\u00fcgliche Haftung ist jedoch erst ab dem Zeitpunkt der Kenntnis einer konkreten Rechtsverletzung m\u00f6glich. Bei Bekanntwerden von entsprechenden Rechtsverletzungen werden wir diese Inhalte umgehend entfernen.<\/p>\n<p><strong>Haftung f\u00fcr Links<\/strong><\/p>\n<p>Unser Angebot enth\u00e4lt Links zu externen Webseiten Dritter, auf deren Inhalte wir keinen Einfluss haben. Deshalb k\u00f6nnen wir f\u00fcr diese fremden Inhalte auch keine Gew\u00e4hr \u00fcbernehmen. F\u00fcr die Inhalte der verlinkten Seiten ist stets der jeweilige Anbieter oder Betreiber der Seiten verantwortlich. Die verlinkten Seiten wurden zum Zeitpunkt der Verlinkung auf m\u00f6gliche Rechtsverst\u00f6\u00dfe \u00fcberpr\u00fcft. Rechtswidrige Inhalte waren zum Zeitpunkt der Verlinkung nicht erkennbar. Eine permanente inhaltliche Kontrolle der verlinkten Seiten ist jedoch ohne konkrete Anhaltspunkte einer Rechtsverletzung nicht zumutbar. Bei Bekanntwerden von Rechtsverletzungen werden wir derartige Links umgehend entfernen.<\/p>\n<p><strong>Urheberrecht<\/strong><\/p>\n<p>Die durch die Seitenbetreiber erstellten Inhalte und Werke auf diesen Seiten unterliegen dem deutschen Urheberrecht. Die Vervielf\u00e4ltigung, Bearbeitung, Verbreitung und jede Art der Verwertung au\u00dferhalb der Grenzen des Urheberrechtes bed\u00fcrfen der schriftlichen Zustimmung des jeweiligen Autors bzw. Erstellers. Downloads und Kopien dieser Seite sind nur f\u00fcr den privaten, nicht kommerziellen Gebrauch gestattet. Soweit die Inhalte auf dieser Seite nicht vom Betreiber erstellt wurden, werden die Urheberrechte Dritter beachtet. Insbesondere werden Inhalte Dritter als solche gekennzeichnet. Sollten Sie trotzdem auf eine Urheberrechtsverletzung aufmerksam werden, bitten wir um einen entsprechenden Hinweis. Bei Bekanntwerden von Rechtsverletzungen werden wir derartige Inhalte umgehend entfernen.<\/p>\n<p>All Websites of Chromatrix GmbH are Copyright \u00a9 2003-2018 by Chromatrix GmbH.<\/p>\n<p>Graphics on our Websites <a href=\"https:\/\/www.tde-games.com\"><span style=\"color: #333333;\"><strong>www.tde-games.com <span style=\"color: #000000;\">\u00bb<\/span><\/strong><\/span><\/a><br \/>\nRalf Berszuck, Thomas&nbsp; Thiemeyer<br \/>\nUgurcan Y\u00fcce, Zolt\u00e1n Boros und G\u00e1bor Szikszai by courtesy of Fantasy Productions GmbH.<\/p>\n<p>Music on our Websites <a href=\"https:\/\/www.tde-games.com\"><span style=\"color: #333333;\"><strong>www.tde-games.com <span style=\"color: #000000;\">\u00bb<\/span><\/strong><\/span><\/a><br \/>\nRudolf Stember, Horst Weidle, Guido Henkel by courtesy of attic Entertainment Software GmbH.<\/p>\n<p><strong>Datenschutzerkl\u00e4rung <\/strong><\/p>\n<p>Die nachfolgende Datenschutzerkl\u00e4rung gilt f\u00fcr die Nutzung unserer Webseite.<\/p>\n<p>Wir messen dem Datenschutz gro\u00dfe Bedeutung bei. Die Erhebung und Verarbeitung Ihrer personenbezogenen Daten geschieht unter Beachtung der geltenden datenschutzrechtlichen<br \/>\nVorschriften, insbesondere der Datenschutzgrundverordnung (DSGVO).<\/p>\n<p>Verantwortlicher f\u00fcr die Erhebung, Verarbeitung und Nutzung Ihrer personenbezogenen Daten im Sinne von Art. 4 Nr. 7 DSGVO ist:<\/p>\n<p><strong>Chromatrix GmbH<\/strong><\/p>\n<p>Kalkofenstra\u00dfe 2<br \/>\n72411 Bodelshausen<br \/>\nGermany<\/p>\n<p>Daten werden automatisch beim Besuch der Website durch unsere IT-Systeme erfasst. Das sind vor allem technische Daten (z. B. Internetbrowser, Betriebssystem oder Uhrzeit des Seitenaufrufs). Die Erfassung dieser Daten erfolgt automatisch, sobald Sie unsere Website betreten.<\/p>\n<p>Sie haben jederzeit das Recht unentgeltlich Auskunft \u00fcber Herkunft, Empf\u00e4nger und Zweck Ihrer gespeicherten personenbezogenen Daten zu erhalten. Sie haben au\u00dferdem das Recht, die Berichtigung, Sperrung oder L\u00f6schung dieser Daten zu verlangen. Hierzu sowie zu weiteren Fragen zum Thema Datenschutz k\u00f6nnen Sie sich jederzeit unter der oben angegebenen Adresse an uns wenden. Des Weiteren steht Ihnen ein Beschwerderecht bei der zust\u00e4ndigen Aufsichtsbeh\u00f6rde zu.<\/p>\n<p><strong>Datenschutzerkl\u00e4rung f\u00fcr die Nutzung von Facebook-Plugins (Like-Button)<\/strong><\/p>\n<p>Auf unseren Seiten sind Plugins des sozialen Netzwerks Facebook, 1601 South California Avenue, Palo Alto, CA 94304, USA integriert. Die Facebook-Plugins erkennen Sie an dem Facebook-Logo oder dem &#8222;Like-Button&#8220; (&#8222;Gef\u00e4llt mir&#8220;) auf unserer Seite. Eine \u00dcbersicht \u00fcber die Facebook-Plugins finden Sie hier:&nbsp;<a href=\"https:\/\/developers.facebook.com\/docs\/plugins\/\"><strong><span style=\"color: #333333;\">https:\/\/developers.facebook.com\/docs\/plugins\/ <span style=\"color: #000000;\">\u00bb<\/span><\/span><\/strong><\/a><\/p>\n<p>Wenn Sie unsere Seiten besuchen, wird \u00fcber das Plugin eine direkte Verbindung zwischen Ihrem Browser und dem Facebook-Server hergestellt. Facebook erh\u00e4lt dadurch die Information, dass Sie mit Ihrer IP-Adresse unsere Seite besucht haben. Wenn Sie den Facebook &#8222;Like-Button&#8220; anklicken w\u00e4hrend Sie in Ihrem Facebook-Account eingeloggt sind, k\u00f6nnen Sie die Inhalte unserer Seiten auf Ihrem Facebook-Profil verlinken. Dadurch kann Facebook den Besuch unserer Seiten Ihrem Benutzerkonto zuordnen. Wir weisen darauf hin, dass wir als Anbieter der Seiten keine Kenntnis vom Inhalt der \u00fcbermittelten Daten sowie deren Nutzung durch Facebook erhalten. Weitere Informationen hierzu finden Sie in der Datenschutzerkl\u00e4rung von facebook unter&nbsp;<a href=\"https:\/\/de-de.facebook.com\/policy.php\"><strong><span style=\"color: #333333;\">https:\/\/de-de.facebook.com\/policy.php <span style=\"color: #000000;\">\u00bb<\/span><\/span><\/strong><\/a><\/p>\n<p>Wenn Sie nicht w\u00fcnschen, dass Facebook den Besuch unserer Seiten Ihrem Facebook-Nutzerkonto zuordnen kann, loggen Sie sich bitte aus Ihrem Facebook-Benutzerkonto aus.<\/p>\n<p><strong>Datenschutzerkl\u00e4rung f\u00fcr die Nutzung von Google +1<\/strong><\/p>\n<p>Erfassung und Weitergabe von Informationen:<br \/>\nMithilfe der Google +1-Schaltfl\u00e4che k\u00f6nnen Sie Informationen weltweit ver\u00f6ffentlichen. \u00fcber die Google +1-Schaltfl\u00e4che erhalten Sie und andere Nutzer personalisierte Inhalte von Google und unseren Partnern. Google speichert sowohl die Information, dass Sie f\u00fcr einen Inhalt +1 gegeben haben, als auch Informationen \u00fcber die Seite, die Sie beim Klicken auf +1 angesehen haben. Ihre +1 k\u00f6nnen als Hinweise zusammen mit Ihrem Profilnamen und Ihrem Foto in Google-Diensten, wie etwa in Suchergebnissen oder in Ihrem Google-Profil, oder an anderen Stellen auf Websites und Anzeigen im Internet eingeblendet werden.<\/p>\n<p>Google zeichnet Informationen \u00fcber Ihre +1-Aktivit\u00e4ten auf, um die Google-Dienste f\u00fcr Sie und andere zu verbessern. Um die Google +1-Schaltfl\u00e4che verwenden zu k\u00f6nnen, ben\u00f6tigen Sie ein weltweit sichtbares, \u00f6ffentliches Google-Profil, das zumindest den f\u00fcr das Profil gew\u00e4hlten Namen enthalten muss. Dieser Name wird in allen Google-Diensten verwendet. In manchen F\u00e4llen kann dieser Name auch einen anderen Namen ersetzen, den Sie beim Teilen von Inhalten \u00fcber Ihr Google-Konto verwendet haben. Die Identit\u00e4t Ihres Google-Profils kann Nutzern angezeigt werden, die Ihre E-Mail-Adresse kennen oder \u00fcber andere identifizierende Informationen von Ihnen verf\u00fcgen.<\/p>\n<p>Verwendung der erfassten Informationen:<br \/>\nNeben den oben erl\u00e4uterten Verwendungszwecken werden die von Ihnen bereitgestellten Informationen gem\u00e4\u00df den geltenden Google-Datenschutzbestimmungen genutzt. Google ver\u00f6ffentlicht m\u00f6glicherweise zusammengefasste Statistiken \u00fcber die +1-Aktivit\u00e4ten der Nutzer bzw. gibt diese an Nutzer und Partner weiter, wie etwa Publisher, Inserenten oder verbundene Websites.<\/p>\n<p><strong><br \/>\nDatenschutzerkl\u00e4rung f\u00fcr die Nutzung von Twitter<\/strong><\/p>\n<p>Auf unseren Seiten sind Funktionen des Dienstes Twitter eingebunden. Diese Funktionen werden angeboten durch die Twitter Inc., Twitter, Inc. 1355 Market St, Suite 900, San Francisco, CA 94103, USA. Durch das Benutzen von Twitter und der Funktion &#8222;Re-Tweet&#8220; werden die von Ihnen besuchten Webseiten mit Ihrem Twitter-Account verkn\u00fcpft und anderen Nutzern bekannt gegeben. Dabei werden auch Daten an Twitter \u00fcbertragen.<\/p>\n<p>Wir weisen darauf hin, dass wir als Anbieter der Seiten keine Kenntnis vom Inhalt der \u00fcbermittelten Daten sowie deren Nutzung durch Twitter erhalten. Weitere Informationen hierzu finden Sie in der Datenschutzerkl\u00e4rung von Twitter unter&nbsp;<a href=\"https:\/\/twitter.com\/privacy.\"><strong><span style=\"color: #333333;\">https:\/\/twitter.com\/privacy&nbsp; <span style=\"color: #000000;\">\u00bb<\/span><\/span><\/strong><\/a><\/p>\n<p>Ihre Datenschutzeinstellungen bei Twitter k\u00f6nnen Sie in den Konto-Einstellungen unter <span style=\"color: #333333;\"><a href=\"https:\/\/twitter.com\/login?redirect_after_login=%2Faccount%2Fsettings\"><strong>https:\/\/twitter.com\/account\/settings<\/strong> <strong><span style=\"color: #000000;\">\u00bb<\/span><\/strong><\/a> <\/span>\u00e4ndern.<\/p>\n<p>Quellverweis: <strong><span style=\"color: #333333;\"><a href=\"https:\/\/www.e-recht24.de\/muster-disclaimer.htm\"><span style=\"color: #333333;\">Disclaimer eRecht24 <\/span><\/a><a href=\"https:\/\/de-de.facebook.com\/policy.php\"><span style=\"color: #333333;\"><strong><span style=\"color: #333333;\"><span style=\"color: #333333;\"><span style=\"color: #333333;\"><strong><strong><span style=\"color: #333333;\"><span style=\"color: #333333;\"><span style=\"color: #333333;\"><strong><strong><span style=\"color: #000000;\"><span style=\"color: #000000;\"><span style=\"color: #333333;\"><span style=\"color: #000000;\"><span style=\"color: #000000;\">\u00bb<\/span><\/span><\/span><\/span><\/span><\/strong><\/strong><\/span><\/span><\/span><\/strong><\/strong><\/span><\/span><\/span><\/strong><\/span><\/a><\/span>, <span style=\"color: #333333;\"><a href=\"https:\/\/www.e-recht24.de\/artikel\/datenschutz\/6590-facebook-like-button-datenschutz-disclaimer.html\"><span style=\"color: #333333;\">eRecht24 Datenschutzerkl\u00e4rung f\u00fcr Facebook <\/span><\/a><a href=\"https:\/\/de-de.facebook.com\/policy.php\"><span style=\"color: #333333;\"><strong><span style=\"color: #333333;\"><span style=\"color: #333333;\"><span style=\"color: #333333;\"><strong><strong><span style=\"color: #333333;\"><span style=\"color: #333333;\"><span style=\"color: #333333;\"><strong><strong><span style=\"color: #000000;\"><span style=\"color: #000000;\"><span style=\"color: #333333;\"><span style=\"color: #000000;\"><span style=\"color: #000000;\">\u00bb<\/span><\/span><\/span><\/span><\/span><\/strong><\/strong><\/span><\/span><\/span><\/strong><\/strong><\/span><\/span><\/span><\/strong><\/span><\/a><\/span>, <span style=\"color: #333333;\"><a href=\"https:\/\/www.google.com\/intl\/de\/+\/policy\/+1button.html\"><span style=\"color: #333333;\">Datenschutzerkl\u00e4rung Google +1 <\/span><\/a><a href=\"https:\/\/de-de.facebook.com\/policy.php\"><span style=\"color: #333333;\"><strong><span style=\"color: #333333;\"><span style=\"color: #333333;\"><span style=\"color: #333333;\"><strong><strong><span style=\"color: #333333;\"><span style=\"color: #333333;\"><span style=\"color: #333333;\"><strong><strong><span style=\"color: #000000;\"><span style=\"color: #000000;\"><span style=\"color: #333333;\"><span style=\"color: #000000;\"><span style=\"color: #000000;\">\u00bb<\/span><\/span><\/span><\/span><\/span><\/strong><\/strong><\/span><\/span><\/span><\/strong><\/strong><\/span><\/span><\/span><\/strong><\/span><\/a><\/span>, <a href=\"https:\/\/twitter.com\/privacy\"><span style=\"color: #333333;\"><span style=\"color: #333333;\">Datenschutzerkl\u00e4rung Twitter <span style=\"color: #333333;\"><strong><span style=\"color: #333333;\"><span style=\"color: #333333;\"><span style=\"color: #333333;\"><strong><strong><span style=\"color: #333333;\"><span style=\"color: #333333;\"><span style=\"color: #333333;\"><strong><strong><span style=\"color: #000000;\"><span style=\"color: #000000;\"><span style=\"color: #333333;\"><span style=\"color: #000000;\"><span style=\"color: #000000;\">\u00bb<\/span><\/span><\/span><\/span><\/span><\/strong><\/strong><\/span><\/span><\/span><\/strong><\/strong><\/span><\/span><\/span><\/strong><\/span><\/span><\/span><\/a><br \/>\n<\/strong><\/p>\n<p>&nbsp;<\/p>\n<p><strong><span style=\"color: #333333;\"><a href=\"\/wordpress\/agb\"><span style=\"color: #333333;\">AGB <span style=\"color: #333333;\"><span style=\"color: #333333;\"><span style=\"color: #333333;\"><span style=\"color: #333333;\"><span style=\"color: #333333;\"><span style=\"color: #333333;\"><span style=\"color: #333333;\"><span style=\"color: #333333;\"><span style=\"color: #333333;\"><span style=\"color: #000000;\"><span style=\"color: #000000;\"><span style=\"color: #333333;\"><span style=\"color: #000000;\"><span style=\"color: #000000;\">\u00bb<\/span><\/span><\/span><\/span><\/span><\/span><\/span><\/span><\/span><\/span><\/span><\/span><\/span><\/span><\/span><\/a><\/span><\/strong><\/p>\n","protected":false},"excerpt":{"rendered":"<p>Impressum &nbsp; Chromatrix GmbH Kalkofenstra\u00dfe 2 72411 Bodelshausen Germany Telefon: ++49 (0) 74 71 \/ 74 08 28 Telefax: ++49 (0) 74 71 \/ 74 08 29 E-Mail:&nbsp;info@chromatrix.com \u00bb Managing Director: Dr. Stefan Blanck Registergericht: Stuttgart Registernummer: HRB 382262 Umsatzsteuer-Identifikationsnummer gem\u00e4\u00df \u00a7 27 a Umsatzsteuergesetz: DE 208326633 Inhaltlich Verantwortlicher gem\u00e4\u00df \u00a7 10 Absatz 3 MDStV: [&hellip;]<\/p>\n","protected":false},"author":1,"featured_media":0,"parent":0,"menu_order":0,"comment_status":"closed","ping_status":"open","template":"templates\/template-full-notitle.php","meta":{"footnotes":"","_links_to":"","_links_to_target":""},"class_list":["post-11","page","type-page","status-publish","hentry","post"],"_links":{"self":[{"href":"https:\/\/www.chromatrix.com\/wordpress\/wp-json\/wp\/v2\/pages\/11","targetHints":{"allow":["GET"]}}],"collection":[{"href":"https:\/\/www.chromatrix.com\/wordpress\/wp-json\/wp\/v2\/pages"}],"about":[{"href":"https:\/\/www.chromatrix.com\/wordpress\/wp-json\/wp\/v2\/types\/page"}],"author":[{"embeddable":true,"href":"https:\/\/www.chromatrix.com\/wordpress\/wp-json\/wp\/v2\/users\/1"}],"replies":[{"embeddable":true,"href":"https:\/\/www.chromatrix.com\/wordpress\/wp-json\/wp\/v2\/comments?post=11"}],"version-history":[{"count":2,"href":"https:\/\/www.chromatrix.com\/wordpress\/wp-json\/wp\/v2\/pages\/11\/revisions"}],"predecessor-version":[{"id":4295,"href":"https:\/\/www.chromatrix.com\/wordpress\/wp-json\/wp\/v2\/pages\/11\/revisions\/4295"}],"wp:attachment":[{"href":"https:\/\/www.chromatrix.com\/wordpress\/wp-json\/wp\/v2\/media?parent=11"}],"curies":[{"name":"wp","href":"https:\/\/api.w.org\/{rel}","templated":true}]}}